{"id":11016,"date":"2021-07-14T17:33:53","date_gmt":"2021-07-14T15:33:53","guid":{"rendered":"https:\/\/www.goring-online.com\/?page_id=11016"},"modified":"2021-07-15T13:08:30","modified_gmt":"2021-07-15T11:08:30","slug":"que-cuenta-como-efectos-personales","status":"publish","type":"page","link":"https:\/\/www.goring-online.com\/es\/seguros\/seguro-de-hogar-y-contenido-en-espana\/preguntas-y-respuestas\/que-cuenta-como-efectos-personales\/","title":{"rendered":"\u00bfQu\u00e9 cuenta como efectos personales?"},"content":{"rendered":"<p>Por regla general, se consideran muebles y enseres los muebles de la cocina, as\u00ed como los muebles en general y los enseres personales de la vivienda asegurada que no est\u00e9n especificados como objetos de valor, entre los que se encuentran los siguientes:<\/p>\n<ul>\n<li>Electrodom\u00e9sticos, equipos el\u00e9ctricos y electr\u00f3nicos.<\/li>\n<li>Equipos visuales y de audio, ordenadores personales, c\u00e1maras fotogr\u00e1ficas.<\/li>\n<li>Antenas port\u00e1tiles de radio y\/o televisi\u00f3n.<\/li>\n<li>Los cristales, a menos que est\u00e9n incluidos en el seguro del edificio.<\/li>\n<li>Objetos y elementos decorativos, l\u00e1mparas.<\/li>\n<li>Ropa, vajilla, cuberter\u00eda, cristaler\u00eda, objetos de uso personal (a excepci\u00f3n de veh\u00edculos de motor, remolques y barcos),<\/li>\n<li>Alimentos y suministros dom\u00e9sticos.<\/li>\n<\/ul>\n","protected":false},"excerpt":{"rendered":"<p>Por regla general, se consideran muebles y enseres los muebles de la cocina, as\u00ed como los muebles en general y los enseres personales de la vivienda asegurada que no est\u00e9n especificados como objetos de valor, entre los que se encuentran los siguientes: Electrodom\u00e9sticos, equipos el\u00e9ctricos y electr\u00f3nicos. Equipos visuales y de audio, ordenadores personales, c\u00e1maras &hellip;<\/p>\n","protected":false},"author":2,"featured_media":0,"parent":10997,"menu_order":0,"comment_status":"open","ping_status":"open","template":"","meta":{"_yoast_wpseo_focuskw":"","_yoast_wpseo_title":"","_yoast_wpseo_metadesc":"","footnotes":""},"class_list":["post-11016","page","type-page","status-publish","hentry"],"yoast_head":"<!-- This site is optimized with the Yoast SEO Premium plugin v20.6 (Yoast SEO v27.4) - https:\/\/yoast.com\/product\/yoast-seo-premium-wordpress\/ -->\n<title>\u00bfQu\u00e9 cuenta como efectos personales? | G\u00f6ring Versicherungsmakler<\/title>\n<meta name=\"robots\" content=\"noindex, follow\" \/>\n<meta property=\"og:locale\" content=\"es_ES\" \/>\n<meta property=\"og:type\" content=\"article\" \/>\n<meta property=\"og:title\" content=\"\u00bfQu\u00e9 cuenta como efectos personales?\" \/>\n<meta property=\"og:description\" content=\"Por regla general, se consideran muebles y enseres los muebles de la cocina, as\u00ed como los muebles en general y los enseres personales de la vivienda asegurada que no est\u00e9n especificados como objetos de valor, entre los que se encuentran los siguientes: Electrodom\u00e9sticos, equipos el\u00e9ctricos y electr\u00f3nicos. Equipos visuales y de audio, ordenadores personales, c\u00e1maras &hellip;\" \/>\n<meta property=\"og:url\" content=\"https:\/\/www.goring-online.com\/es\/seguros\/seguro-de-hogar-y-contenido-en-espana\/preguntas-y-respuestas\/que-cuenta-como-efectos-personales\/\" \/>\n<meta property=\"og:site_name\" content=\"G\u00f6ring Versicherungsmakler\" \/>\n<meta property=\"article:modified_time\" content=\"2021-07-15T11:08:30+00:00\" \/>\n<meta property=\"og:image\" content=\"https:\/\/www.goring-online.com\/app\/uploads\/2018\/08\/risikolebensversicherung.jpg\" \/>\n\t<meta property=\"og:image:width\" content=\"400\" \/>\n\t<meta property=\"og:image:height\" content=\"400\" \/>\n\t<meta property=\"og:image:type\" content=\"image\/jpeg\" \/>\n<meta name=\"twitter:card\" content=\"summary_large_image\" \/>\n<meta name=\"twitter:label1\" content=\"Est. reading time\" \/>\n\t<meta name=\"twitter:data1\" content=\"1 minute\" \/>\n<script type=\"application\/ld+json\" class=\"yoast-schema-graph\">{\"@context\":\"https:\\\/\\\/schema.org\",\"@graph\":[{\"@type\":\"WebPage\",\"@id\":\"https:\\\/\\\/www.goring-online.com\\\/es\\\/seguros\\\/seguro-de-hogar-y-contenido-en-espana\\\/preguntas-y-respuestas\\\/que-cuenta-como-efectos-personales\\\/\",\"url\":\"https:\\\/\\\/www.goring-online.com\\\/es\\\/seguros\\\/seguro-de-hogar-y-contenido-en-espana\\\/preguntas-y-respuestas\\\/que-cuenta-como-efectos-personales\\\/\",\"name\":\"\u00bfQu\u00e9 cuenta como efectos personales? | G\u00f6ring Versicherungsmakler\",\"isPartOf\":{\"@id\":\"https:\\\/\\\/www.goring-online.com\\\/#website\"},\"datePublished\":\"2021-07-14T15:33:53+00:00\",\"dateModified\":\"2021-07-15T11:08:30+00:00\",\"breadcrumb\":{\"@id\":\"https:\\\/\\\/www.goring-online.com\\\/es\\\/seguros\\\/seguro-de-hogar-y-contenido-en-espana\\\/preguntas-y-respuestas\\\/que-cuenta-como-efectos-personales\\\/#breadcrumb\"},\"inLanguage\":\"es-ES\",\"potentialAction\":[{\"@type\":\"ReadAction\",\"target\":[\"https:\\\/\\\/www.goring-online.com\\\/es\\\/seguros\\\/seguro-de-hogar-y-contenido-en-espana\\\/preguntas-y-respuestas\\\/que-cuenta-como-efectos-personales\\\/\"]}]},{\"@type\":\"BreadcrumbList\",\"@id\":\"https:\\\/\\\/www.goring-online.com\\\/es\\\/seguros\\\/seguro-de-hogar-y-contenido-en-espana\\\/preguntas-y-respuestas\\\/que-cuenta-como-efectos-personales\\\/#breadcrumb\",\"itemListElement\":[{\"@type\":\"ListItem\",\"position\":1,\"name\":\"Startseite\",\"item\":\"https:\\\/\\\/www.goring-online.com\\\/es\\\/\"},{\"@type\":\"ListItem\",\"position\":2,\"name\":\"Seguros\",\"item\":\"https:\\\/\\\/www.goring-online.com\\\/es\\\/seguros\\\/\"},{\"@type\":\"ListItem\",\"position\":3,\"name\":\"Seguro de hogar y contenido en Espa\u00f1a\",\"item\":\"https:\\\/\\\/www.goring-online.com\\\/es\\\/seguros\\\/seguro-de-hogar-y-contenido-en-espana\\\/\"},{\"@type\":\"ListItem\",\"position\":4,\"name\":\"Preguntas y respuestas\",\"item\":\"https:\\\/\\\/www.goring-online.com\\\/es\\\/seguros\\\/seguro-de-hogar-y-contenido-en-espana\\\/preguntas-y-respuestas\\\/\"},{\"@type\":\"ListItem\",\"position\":5,\"name\":\"\u00bfQu\u00e9 cuenta como efectos personales?\"}]},{\"@type\":\"WebSite\",\"@id\":\"https:\\\/\\\/www.goring-online.com\\\/#website\",\"url\":\"https:\\\/\\\/www.goring-online.com\\\/\",\"name\":\"G\u00f6ring Versicherungsmakler\",\"description\":\"\",\"publisher\":{\"@id\":\"https:\\\/\\\/www.goring-online.com\\\/#organization\"},\"potentialAction\":[{\"@type\":\"SearchAction\",\"target\":{\"@type\":\"EntryPoint\",\"urlTemplate\":\"https:\\\/\\\/www.goring-online.com\\\/?s={search_term_string}\"},\"query-input\":{\"@type\":\"PropertyValueSpecification\",\"valueRequired\":true,\"valueName\":\"search_term_string\"}}],\"inLanguage\":\"es-ES\"},{\"@type\":[\"Organization\",\"Place\",\"InsuranceAgency\"],\"@id\":\"https:\\\/\\\/www.goring-online.com\\\/#organization\",\"name\":\"G\u00f6ring Versicherungsmakler\",\"url\":\"https:\\\/\\\/www.goring-online.com\\\/\",\"logo\":{\"@id\":\"https:\\\/\\\/www.goring-online.com\\\/es\\\/seguros\\\/seguro-de-hogar-y-contenido-en-espana\\\/preguntas-y-respuestas\\\/que-cuenta-como-efectos-personales\\\/#local-main-organization-logo\"},\"image\":{\"@id\":\"https:\\\/\\\/www.goring-online.com\\\/es\\\/seguros\\\/seguro-de-hogar-y-contenido-en-espana\\\/preguntas-y-respuestas\\\/que-cuenta-como-efectos-personales\\\/#local-main-organization-logo\"},\"address\":{\"@id\":\"https:\\\/\\\/www.goring-online.com\\\/es\\\/seguros\\\/seguro-de-hogar-y-contenido-en-espana\\\/preguntas-y-respuestas\\\/que-cuenta-como-efectos-personales\\\/#local-main-place-address\"},\"telephone\":[\"+34 96 588 92 71\"],\"openingHoursSpecification\":[{\"@type\":\"OpeningHoursSpecification\",\"dayOfWeek\":[\"Monday\",\"Tuesday\",\"Wednesday\",\"Thursday\",\"Friday\"],\"opens\":\"09:00\",\"closes\":\"15:00\"},{\"@type\":\"OpeningHoursSpecification\",\"dayOfWeek\":[\"Saturday\",\"Sunday\"],\"opens\":\"00:00\",\"closes\":\"00:00\"}],\"email\":\"info@goring-online.com\",\"vatID\":\"ESB54476999\",\"taxID\":\"B54476999\",\"currenciesAccepted\":\"\u20ac\"},{\"@type\":\"PostalAddress\",\"@id\":\"https:\\\/\\\/www.goring-online.com\\\/es\\\/seguros\\\/seguro-de-hogar-y-contenido-en-espana\\\/preguntas-y-respuestas\\\/que-cuenta-como-efectos-personales\\\/#local-main-place-address\",\"streetAddress\":\"Calle Tabarca 40, 03580 - Alfaz del Pi\",\"addressLocality\":\"Alfaz del Pi\",\"postalCode\":\"03580\",\"addressRegion\":\"Alicante\",\"addressCountry\":\"ES\"},{\"@type\":\"ImageObject\",\"inLanguage\":\"es-ES\",\"@id\":\"https:\\\/\\\/www.goring-online.com\\\/es\\\/seguros\\\/seguro-de-hogar-y-contenido-en-espana\\\/preguntas-y-respuestas\\\/que-cuenta-como-efectos-personales\\\/#local-main-organization-logo\",\"url\":\"https:\\\/\\\/www.goring-online.com\\\/app\\\/uploads\\\/2020\\\/03\\\/logo-goring.png\",\"contentUrl\":\"https:\\\/\\\/www.goring-online.com\\\/app\\\/uploads\\\/2020\\\/03\\\/logo-goring.png\",\"width\":216,\"height\":76,\"caption\":\"G\u00f6ring Versicherungsmakler\"}]}<\/script>\n<meta name=\"geo.placename\" content=\"Alfaz del Pi\" \/>\n<meta name=\"geo.region\" content=\"Espa\u00f1a\" \/>\n<!-- \/ Yoast SEO Premium plugin. -->","yoast_head_json":{"title":"\u00bfQu\u00e9 cuenta como efectos personales? | G\u00f6ring Versicherungsmakler","robots":{"index":"noindex","follow":"follow"},"og_locale":"es_ES","og_type":"article","og_title":"\u00bfQu\u00e9 cuenta como efectos personales?","og_description":"Por regla general, se consideran muebles y enseres los muebles de la cocina, as\u00ed como los muebles en general y los enseres personales de la vivienda asegurada que no est\u00e9n especificados como objetos de valor, entre los que se encuentran los siguientes: Electrodom\u00e9sticos, equipos el\u00e9ctricos y electr\u00f3nicos. Equipos visuales y de audio, ordenadores personales, c\u00e1maras &hellip;","og_url":"https:\/\/www.goring-online.com\/es\/seguros\/seguro-de-hogar-y-contenido-en-espana\/preguntas-y-respuestas\/que-cuenta-como-efectos-personales\/","og_site_name":"G\u00f6ring Versicherungsmakler","article_modified_time":"2021-07-15T11:08:30+00:00","og_image":[{"width":400,"height":400,"url":"https:\/\/www.goring-online.com\/app\/uploads\/2018\/08\/risikolebensversicherung.jpg","type":"image\/jpeg"}],"twitter_card":"summary_large_image","twitter_misc":{"Est. reading time":"1 minute"},"schema":{"@context":"https:\/\/schema.org","@graph":[{"@type":"WebPage","@id":"https:\/\/www.goring-online.com\/es\/seguros\/seguro-de-hogar-y-contenido-en-espana\/preguntas-y-respuestas\/que-cuenta-como-efectos-personales\/","url":"https:\/\/www.goring-online.com\/es\/seguros\/seguro-de-hogar-y-contenido-en-espana\/preguntas-y-respuestas\/que-cuenta-como-efectos-personales\/","name":"\u00bfQu\u00e9 cuenta como efectos personales? | G\u00f6ring Versicherungsmakler","isPartOf":{"@id":"https:\/\/www.goring-online.com\/#website"},"datePublished":"2021-07-14T15:33:53+00:00","dateModified":"2021-07-15T11:08:30+00:00","breadcrumb":{"@id":"https:\/\/www.goring-online.com\/es\/seguros\/seguro-de-hogar-y-contenido-en-espana\/preguntas-y-respuestas\/que-cuenta-como-efectos-personales\/#breadcrumb"},"inLanguage":"es-ES","potentialAction":[{"@type":"ReadAction","target":["https:\/\/www.goring-online.com\/es\/seguros\/seguro-de-hogar-y-contenido-en-espana\/preguntas-y-respuestas\/que-cuenta-como-efectos-personales\/"]}]},{"@type":"BreadcrumbList","@id":"https:\/\/www.goring-online.com\/es\/seguros\/seguro-de-hogar-y-contenido-en-espana\/preguntas-y-respuestas\/que-cuenta-como-efectos-personales\/#breadcrumb","itemListElement":[{"@type":"ListItem","position":1,"name":"Startseite","item":"https:\/\/www.goring-online.com\/es\/"},{"@type":"ListItem","position":2,"name":"Seguros","item":"https:\/\/www.goring-online.com\/es\/seguros\/"},{"@type":"ListItem","position":3,"name":"Seguro de hogar y contenido en Espa\u00f1a","item":"https:\/\/www.goring-online.com\/es\/seguros\/seguro-de-hogar-y-contenido-en-espana\/"},{"@type":"ListItem","position":4,"name":"Preguntas y respuestas","item":"https:\/\/www.goring-online.com\/es\/seguros\/seguro-de-hogar-y-contenido-en-espana\/preguntas-y-respuestas\/"},{"@type":"ListItem","position":5,"name":"\u00bfQu\u00e9 cuenta como efectos personales?"}]},{"@type":"WebSite","@id":"https:\/\/www.goring-online.com\/#website","url":"https:\/\/www.goring-online.com\/","name":"G\u00f6ring Versicherungsmakler","description":"","publisher":{"@id":"https:\/\/www.goring-online.com\/#organization"},"potentialAction":[{"@type":"SearchAction","target":{"@type":"EntryPoint","urlTemplate":"https:\/\/www.goring-online.com\/?s={search_term_string}"},"query-input":{"@type":"PropertyValueSpecification","valueRequired":true,"valueName":"search_term_string"}}],"inLanguage":"es-ES"},{"@type":["Organization","Place","InsuranceAgency"],"@id":"https:\/\/www.goring-online.com\/#organization","name":"G\u00f6ring Versicherungsmakler","url":"https:\/\/www.goring-online.com\/","logo":{"@id":"https:\/\/www.goring-online.com\/es\/seguros\/seguro-de-hogar-y-contenido-en-espana\/preguntas-y-respuestas\/que-cuenta-como-efectos-personales\/#local-main-organization-logo"},"image":{"@id":"https:\/\/www.goring-online.com\/es\/seguros\/seguro-de-hogar-y-contenido-en-espana\/preguntas-y-respuestas\/que-cuenta-como-efectos-personales\/#local-main-organization-logo"},"address":{"@id":"https:\/\/www.goring-online.com\/es\/seguros\/seguro-de-hogar-y-contenido-en-espana\/preguntas-y-respuestas\/que-cuenta-como-efectos-personales\/#local-main-place-address"},"telephone":["+34 96 588 92 71"],"openingHoursSpecification":[{"@type":"OpeningHoursSpecification","dayOfWeek":["Monday","Tuesday","Wednesday","Thursday","Friday"],"opens":"09:00","closes":"15:00"},{"@type":"OpeningHoursSpecification","dayOfWeek":["Saturday","Sunday"],"opens":"00:00","closes":"00:00"}],"email":"info@goring-online.com","vatID":"ESB54476999","taxID":"B54476999","currenciesAccepted":"\u20ac"},{"@type":"PostalAddress","@id":"https:\/\/www.goring-online.com\/es\/seguros\/seguro-de-hogar-y-contenido-en-espana\/preguntas-y-respuestas\/que-cuenta-como-efectos-personales\/#local-main-place-address","streetAddress":"Calle Tabarca 40, 03580 - Alfaz del Pi","addressLocality":"Alfaz del Pi","postalCode":"03580","addressRegion":"Alicante","addressCountry":"ES"},{"@type":"ImageObject","inLanguage":"es-ES","@id":"https:\/\/www.goring-online.com\/es\/seguros\/seguro-de-hogar-y-contenido-en-espana\/preguntas-y-respuestas\/que-cuenta-como-efectos-personales\/#local-main-organization-logo","url":"https:\/\/www.goring-online.com\/app\/uploads\/2020\/03\/logo-goring.png","contentUrl":"https:\/\/www.goring-online.com\/app\/uploads\/2020\/03\/logo-goring.png","width":216,"height":76,"caption":"G\u00f6ring Versicherungsmakler"}]},"geo.placename":"Alfaz del Pi","geo.region":"Espa\u00f1a"},"yoast_focus_keyword":"","yoast_seo_title":"","yoast_meta_description":"","_links":{"self":[{"href":"https:\/\/www.goring-online.com\/es\/wp-json\/wp\/v2\/pages\/11016","targetHints":{"allow":["GET"]}}],"collection":[{"href":"https:\/\/www.goring-online.com\/es\/wp-json\/wp\/v2\/pages"}],"about":[{"href":"https:\/\/www.goring-online.com\/es\/wp-json\/wp\/v2\/types\/page"}],"author":[{"embeddable":true,"href":"https:\/\/www.goring-online.com\/es\/wp-json\/wp\/v2\/users\/2"}],"replies":[{"embeddable":true,"href":"https:\/\/www.goring-online.com\/es\/wp-json\/wp\/v2\/comments?post=11016"}],"version-history":[{"count":0,"href":"https:\/\/www.goring-online.com\/es\/wp-json\/wp\/v2\/pages\/11016\/revisions"}],"up":[{"embeddable":true,"href":"https:\/\/www.goring-online.com\/es\/wp-json\/wp\/v2\/pages\/10997"}],"wp:attachment":[{"href":"https:\/\/www.goring-online.com\/es\/wp-json\/wp\/v2\/media?parent=11016"}],"curies":[{"name":"wp","href":"https:\/\/api.w.org\/{rel}","templated":true}]}}