{"id":11055,"date":"2021-07-15T09:02:33","date_gmt":"2021-07-15T07:02:33","guid":{"rendered":"https:\/\/www.goring-online.com\/?page_id=11055"},"modified":"2021-07-15T13:09:08","modified_gmt":"2021-07-15T11:09:08","slug":"que-riesgos-estan-cubiertos","status":"publish","type":"page","link":"https:\/\/www.goring-online.com\/es\/seguros\/seguro-de-coche-en-espana\/preguntas-y-respuestas\/que-riesgos-estan-cubiertos\/","title":{"rendered":"\u00bfQu\u00e9 riesgos est\u00e1n cubiertos?"},"content":{"rendered":"<h4>Paquete de seguro de responsabilidad civil<\/h4>\n<ul>\n<li>Responsabilidad civil por da\u00f1os materiales y personales hasta 50 millones de euros<\/li>\n<li>Seguro de defensa jur\u00eddica<\/li>\n<li>seguro de accidentes del conductor<\/li>\n<li>Seguro de viaje (gastos de remolque)<\/li>\n<\/ul>\n<h4>Opciones de seguro adicionales<\/h4>\n<ul>\n<li>Paquete de seguro de responsabilidad civil + incendio, cristales, robo<\/li>\n<li>Paquete de seguro de responsabilidad civil + seguro a todo riesgo con o sin franquicia<\/li>\n<\/ul>\n","protected":false},"excerpt":{"rendered":"<p>Paquete de seguro de responsabilidad civil Responsabilidad civil por da\u00f1os materiales y personales hasta 50 millones de euros Seguro de defensa jur\u00eddica seguro de accidentes del conductor Seguro de viaje (gastos de remolque) Opciones de seguro adicionales Paquete de seguro de responsabilidad civil + incendio, cristales, robo Paquete de seguro de responsabilidad civil + seguro &hellip;<\/p>\n","protected":false},"author":2,"featured_media":0,"parent":11272,"menu_order":0,"comment_status":"open","ping_status":"open","template":"","meta":{"_yoast_wpseo_focuskw":"","_yoast_wpseo_title":"","_yoast_wpseo_metadesc":"","footnotes":""},"class_list":["post-11055","page","type-page","status-publish","hentry"],"yoast_head":"<!-- This site is optimized with the Yoast SEO Premium plugin v20.6 (Yoast SEO v27.4) - https:\/\/yoast.com\/product\/yoast-seo-premium-wordpress\/ -->\n<title>\u00bfQu\u00e9 riesgos est\u00e1n cubiertos? | G\u00f6ring Versicherungsmakler<\/title>\n<meta name=\"robots\" content=\"noindex, follow\" \/>\n<meta property=\"og:locale\" content=\"es_ES\" \/>\n<meta property=\"og:type\" content=\"article\" \/>\n<meta property=\"og:title\" content=\"\u00bfQu\u00e9 riesgos est\u00e1n cubiertos?\" \/>\n<meta property=\"og:description\" content=\"Paquete de seguro de responsabilidad civil Responsabilidad civil por da\u00f1os materiales y personales hasta 50 millones de euros Seguro de defensa jur\u00eddica seguro de accidentes del conductor Seguro de viaje (gastos de remolque) Opciones de seguro adicionales Paquete de seguro de responsabilidad civil + incendio, cristales, robo Paquete de seguro de responsabilidad civil + seguro &hellip;\" \/>\n<meta property=\"og:url\" content=\"https:\/\/www.goring-online.com\/es\/seguros\/seguro-de-coche-en-espana\/preguntas-y-respuestas\/que-riesgos-estan-cubiertos\/\" \/>\n<meta property=\"og:site_name\" content=\"G\u00f6ring Versicherungsmakler\" \/>\n<meta property=\"article:modified_time\" content=\"2021-07-15T11:09:08+00:00\" \/>\n<meta property=\"og:image\" content=\"https:\/\/www.goring-online.com\/app\/uploads\/2018\/08\/risikolebensversicherung.jpg\" \/>\n\t<meta property=\"og:image:width\" content=\"400\" \/>\n\t<meta property=\"og:image:height\" content=\"400\" \/>\n\t<meta property=\"og:image:type\" content=\"image\/jpeg\" \/>\n<meta name=\"twitter:card\" content=\"summary_large_image\" \/>\n<script type=\"application\/ld+json\" class=\"yoast-schema-graph\">{\"@context\":\"https:\\\/\\\/schema.org\",\"@graph\":[{\"@type\":\"WebPage\",\"@id\":\"https:\\\/\\\/www.goring-online.com\\\/es\\\/seguros\\\/seguro-de-coche-en-espana\\\/preguntas-y-respuestas\\\/que-riesgos-estan-cubiertos\\\/\",\"url\":\"https:\\\/\\\/www.goring-online.com\\\/es\\\/seguros\\\/seguro-de-coche-en-espana\\\/preguntas-y-respuestas\\\/que-riesgos-estan-cubiertos\\\/\",\"name\":\"\u00bfQu\u00e9 riesgos est\u00e1n cubiertos? | G\u00f6ring Versicherungsmakler\",\"isPartOf\":{\"@id\":\"https:\\\/\\\/www.goring-online.com\\\/#website\"},\"datePublished\":\"2021-07-15T07:02:33+00:00\",\"dateModified\":\"2021-07-15T11:09:08+00:00\",\"breadcrumb\":{\"@id\":\"https:\\\/\\\/www.goring-online.com\\\/es\\\/seguros\\\/seguro-de-coche-en-espana\\\/preguntas-y-respuestas\\\/que-riesgos-estan-cubiertos\\\/#breadcrumb\"},\"inLanguage\":\"es-ES\",\"potentialAction\":[{\"@type\":\"ReadAction\",\"target\":[\"https:\\\/\\\/www.goring-online.com\\\/es\\\/seguros\\\/seguro-de-coche-en-espana\\\/preguntas-y-respuestas\\\/que-riesgos-estan-cubiertos\\\/\"]}]},{\"@type\":\"BreadcrumbList\",\"@id\":\"https:\\\/\\\/www.goring-online.com\\\/es\\\/seguros\\\/seguro-de-coche-en-espana\\\/preguntas-y-respuestas\\\/que-riesgos-estan-cubiertos\\\/#breadcrumb\",\"itemListElement\":[{\"@type\":\"ListItem\",\"position\":1,\"name\":\"Startseite\",\"item\":\"https:\\\/\\\/www.goring-online.com\\\/es\\\/\"},{\"@type\":\"ListItem\",\"position\":2,\"name\":\"Seguros\",\"item\":\"https:\\\/\\\/www.goring-online.com\\\/es\\\/seguros\\\/\"},{\"@type\":\"ListItem\",\"position\":3,\"name\":\"Seguro de coche en Espa\u00f1a\",\"item\":\"https:\\\/\\\/www.goring-online.com\\\/es\\\/seguros\\\/seguro-de-coche-en-espana\\\/\"},{\"@type\":\"ListItem\",\"position\":4,\"name\":\"Preguntas y respuestas\",\"item\":\"https:\\\/\\\/www.goring-online.com\\\/es\\\/seguros\\\/seguro-de-coche-en-espana\\\/preguntas-y-respuestas\\\/\"},{\"@type\":\"ListItem\",\"position\":5,\"name\":\"\u00bfQu\u00e9 riesgos est\u00e1n cubiertos?\"}]},{\"@type\":\"WebSite\",\"@id\":\"https:\\\/\\\/www.goring-online.com\\\/#website\",\"url\":\"https:\\\/\\\/www.goring-online.com\\\/\",\"name\":\"G\u00f6ring Versicherungsmakler\",\"description\":\"\",\"publisher\":{\"@id\":\"https:\\\/\\\/www.goring-online.com\\\/#organization\"},\"potentialAction\":[{\"@type\":\"SearchAction\",\"target\":{\"@type\":\"EntryPoint\",\"urlTemplate\":\"https:\\\/\\\/www.goring-online.com\\\/?s={search_term_string}\"},\"query-input\":{\"@type\":\"PropertyValueSpecification\",\"valueRequired\":true,\"valueName\":\"search_term_string\"}}],\"inLanguage\":\"es-ES\"},{\"@type\":[\"Organization\",\"Place\",\"InsuranceAgency\"],\"@id\":\"https:\\\/\\\/www.goring-online.com\\\/#organization\",\"name\":\"G\u00f6ring Versicherungsmakler\",\"url\":\"https:\\\/\\\/www.goring-online.com\\\/\",\"logo\":{\"@id\":\"https:\\\/\\\/www.goring-online.com\\\/es\\\/seguros\\\/seguro-de-coche-en-espana\\\/preguntas-y-respuestas\\\/que-riesgos-estan-cubiertos\\\/#local-main-organization-logo\"},\"image\":{\"@id\":\"https:\\\/\\\/www.goring-online.com\\\/es\\\/seguros\\\/seguro-de-coche-en-espana\\\/preguntas-y-respuestas\\\/que-riesgos-estan-cubiertos\\\/#local-main-organization-logo\"},\"address\":{\"@id\":\"https:\\\/\\\/www.goring-online.com\\\/es\\\/seguros\\\/seguro-de-coche-en-espana\\\/preguntas-y-respuestas\\\/que-riesgos-estan-cubiertos\\\/#local-main-place-address\"},\"telephone\":[\"+34 96 588 92 71\"],\"openingHoursSpecification\":[{\"@type\":\"OpeningHoursSpecification\",\"dayOfWeek\":[\"Monday\",\"Tuesday\",\"Wednesday\",\"Thursday\",\"Friday\"],\"opens\":\"09:00\",\"closes\":\"15:00\"},{\"@type\":\"OpeningHoursSpecification\",\"dayOfWeek\":[\"Saturday\",\"Sunday\"],\"opens\":\"00:00\",\"closes\":\"00:00\"}],\"email\":\"info@goring-online.com\",\"vatID\":\"ESB54476999\",\"taxID\":\"B54476999\",\"currenciesAccepted\":\"\u20ac\"},{\"@type\":\"PostalAddress\",\"@id\":\"https:\\\/\\\/www.goring-online.com\\\/es\\\/seguros\\\/seguro-de-coche-en-espana\\\/preguntas-y-respuestas\\\/que-riesgos-estan-cubiertos\\\/#local-main-place-address\",\"streetAddress\":\"Calle Tabarca 40, 03580 - Alfaz del Pi\",\"addressLocality\":\"Alfaz del Pi\",\"postalCode\":\"03580\",\"addressRegion\":\"Alicante\",\"addressCountry\":\"ES\"},{\"@type\":\"ImageObject\",\"inLanguage\":\"es-ES\",\"@id\":\"https:\\\/\\\/www.goring-online.com\\\/es\\\/seguros\\\/seguro-de-coche-en-espana\\\/preguntas-y-respuestas\\\/que-riesgos-estan-cubiertos\\\/#local-main-organization-logo\",\"url\":\"https:\\\/\\\/www.goring-online.com\\\/app\\\/uploads\\\/2020\\\/03\\\/logo-goring.png\",\"contentUrl\":\"https:\\\/\\\/www.goring-online.com\\\/app\\\/uploads\\\/2020\\\/03\\\/logo-goring.png\",\"width\":216,\"height\":76,\"caption\":\"G\u00f6ring Versicherungsmakler\"}]}<\/script>\n<meta name=\"geo.placename\" content=\"Alfaz del Pi\" \/>\n<meta name=\"geo.region\" content=\"Espa\u00f1a\" \/>\n<!-- \/ Yoast SEO Premium plugin. -->","yoast_head_json":{"title":"\u00bfQu\u00e9 riesgos est\u00e1n cubiertos? | G\u00f6ring Versicherungsmakler","robots":{"index":"noindex","follow":"follow"},"og_locale":"es_ES","og_type":"article","og_title":"\u00bfQu\u00e9 riesgos est\u00e1n cubiertos?","og_description":"Paquete de seguro de responsabilidad civil Responsabilidad civil por da\u00f1os materiales y personales hasta 50 millones de euros Seguro de defensa jur\u00eddica seguro de accidentes del conductor Seguro de viaje (gastos de remolque) Opciones de seguro adicionales Paquete de seguro de responsabilidad civil + incendio, cristales, robo Paquete de seguro de responsabilidad civil + seguro &hellip;","og_url":"https:\/\/www.goring-online.com\/es\/seguros\/seguro-de-coche-en-espana\/preguntas-y-respuestas\/que-riesgos-estan-cubiertos\/","og_site_name":"G\u00f6ring Versicherungsmakler","article_modified_time":"2021-07-15T11:09:08+00:00","og_image":[{"width":400,"height":400,"url":"https:\/\/www.goring-online.com\/app\/uploads\/2018\/08\/risikolebensversicherung.jpg","type":"image\/jpeg"}],"twitter_card":"summary_large_image","schema":{"@context":"https:\/\/schema.org","@graph":[{"@type":"WebPage","@id":"https:\/\/www.goring-online.com\/es\/seguros\/seguro-de-coche-en-espana\/preguntas-y-respuestas\/que-riesgos-estan-cubiertos\/","url":"https:\/\/www.goring-online.com\/es\/seguros\/seguro-de-coche-en-espana\/preguntas-y-respuestas\/que-riesgos-estan-cubiertos\/","name":"\u00bfQu\u00e9 riesgos est\u00e1n cubiertos? | G\u00f6ring Versicherungsmakler","isPartOf":{"@id":"https:\/\/www.goring-online.com\/#website"},"datePublished":"2021-07-15T07:02:33+00:00","dateModified":"2021-07-15T11:09:08+00:00","breadcrumb":{"@id":"https:\/\/www.goring-online.com\/es\/seguros\/seguro-de-coche-en-espana\/preguntas-y-respuestas\/que-riesgos-estan-cubiertos\/#breadcrumb"},"inLanguage":"es-ES","potentialAction":[{"@type":"ReadAction","target":["https:\/\/www.goring-online.com\/es\/seguros\/seguro-de-coche-en-espana\/preguntas-y-respuestas\/que-riesgos-estan-cubiertos\/"]}]},{"@type":"BreadcrumbList","@id":"https:\/\/www.goring-online.com\/es\/seguros\/seguro-de-coche-en-espana\/preguntas-y-respuestas\/que-riesgos-estan-cubiertos\/#breadcrumb","itemListElement":[{"@type":"ListItem","position":1,"name":"Startseite","item":"https:\/\/www.goring-online.com\/es\/"},{"@type":"ListItem","position":2,"name":"Seguros","item":"https:\/\/www.goring-online.com\/es\/seguros\/"},{"@type":"ListItem","position":3,"name":"Seguro de coche en Espa\u00f1a","item":"https:\/\/www.goring-online.com\/es\/seguros\/seguro-de-coche-en-espana\/"},{"@type":"ListItem","position":4,"name":"Preguntas y respuestas","item":"https:\/\/www.goring-online.com\/es\/seguros\/seguro-de-coche-en-espana\/preguntas-y-respuestas\/"},{"@type":"ListItem","position":5,"name":"\u00bfQu\u00e9 riesgos est\u00e1n cubiertos?"}]},{"@type":"WebSite","@id":"https:\/\/www.goring-online.com\/#website","url":"https:\/\/www.goring-online.com\/","name":"G\u00f6ring Versicherungsmakler","description":"","publisher":{"@id":"https:\/\/www.goring-online.com\/#organization"},"potentialAction":[{"@type":"SearchAction","target":{"@type":"EntryPoint","urlTemplate":"https:\/\/www.goring-online.com\/?s={search_term_string}"},"query-input":{"@type":"PropertyValueSpecification","valueRequired":true,"valueName":"search_term_string"}}],"inLanguage":"es-ES"},{"@type":["Organization","Place","InsuranceAgency"],"@id":"https:\/\/www.goring-online.com\/#organization","name":"G\u00f6ring Versicherungsmakler","url":"https:\/\/www.goring-online.com\/","logo":{"@id":"https:\/\/www.goring-online.com\/es\/seguros\/seguro-de-coche-en-espana\/preguntas-y-respuestas\/que-riesgos-estan-cubiertos\/#local-main-organization-logo"},"image":{"@id":"https:\/\/www.goring-online.com\/es\/seguros\/seguro-de-coche-en-espana\/preguntas-y-respuestas\/que-riesgos-estan-cubiertos\/#local-main-organization-logo"},"address":{"@id":"https:\/\/www.goring-online.com\/es\/seguros\/seguro-de-coche-en-espana\/preguntas-y-respuestas\/que-riesgos-estan-cubiertos\/#local-main-place-address"},"telephone":["+34 96 588 92 71"],"openingHoursSpecification":[{"@type":"OpeningHoursSpecification","dayOfWeek":["Monday","Tuesday","Wednesday","Thursday","Friday"],"opens":"09:00","closes":"15:00"},{"@type":"OpeningHoursSpecification","dayOfWeek":["Saturday","Sunday"],"opens":"00:00","closes":"00:00"}],"email":"info@goring-online.com","vatID":"ESB54476999","taxID":"B54476999","currenciesAccepted":"\u20ac"},{"@type":"PostalAddress","@id":"https:\/\/www.goring-online.com\/es\/seguros\/seguro-de-coche-en-espana\/preguntas-y-respuestas\/que-riesgos-estan-cubiertos\/#local-main-place-address","streetAddress":"Calle Tabarca 40, 03580 - Alfaz del Pi","addressLocality":"Alfaz del Pi","postalCode":"03580","addressRegion":"Alicante","addressCountry":"ES"},{"@type":"ImageObject","inLanguage":"es-ES","@id":"https:\/\/www.goring-online.com\/es\/seguros\/seguro-de-coche-en-espana\/preguntas-y-respuestas\/que-riesgos-estan-cubiertos\/#local-main-organization-logo","url":"https:\/\/www.goring-online.com\/app\/uploads\/2020\/03\/logo-goring.png","contentUrl":"https:\/\/www.goring-online.com\/app\/uploads\/2020\/03\/logo-goring.png","width":216,"height":76,"caption":"G\u00f6ring Versicherungsmakler"}]},"geo.placename":"Alfaz del Pi","geo.region":"Espa\u00f1a"},"yoast_focus_keyword":"","yoast_seo_title":"","yoast_meta_description":"","_links":{"self":[{"href":"https:\/\/www.goring-online.com\/es\/wp-json\/wp\/v2\/pages\/11055","targetHints":{"allow":["GET"]}}],"collection":[{"href":"https:\/\/www.goring-online.com\/es\/wp-json\/wp\/v2\/pages"}],"about":[{"href":"https:\/\/www.goring-online.com\/es\/wp-json\/wp\/v2\/types\/page"}],"author":[{"embeddable":true,"href":"https:\/\/www.goring-online.com\/es\/wp-json\/wp\/v2\/users\/2"}],"replies":[{"embeddable":true,"href":"https:\/\/www.goring-online.com\/es\/wp-json\/wp\/v2\/comments?post=11055"}],"version-history":[{"count":0,"href":"https:\/\/www.goring-online.com\/es\/wp-json\/wp\/v2\/pages\/11055\/revisions"}],"up":[{"embeddable":true,"href":"https:\/\/www.goring-online.com\/es\/wp-json\/wp\/v2\/pages\/11272"}],"wp:attachment":[{"href":"https:\/\/www.goring-online.com\/es\/wp-json\/wp\/v2\/media?parent=11055"}],"curies":[{"name":"wp","href":"https:\/\/api.w.org\/{rel}","templated":true}]}}