{"id":11071,"date":"2021-07-15T09:05:31","date_gmt":"2021-07-15T07:05:31","guid":{"rendered":"https:\/\/www.goring-online.com\/?page_id=11071"},"modified":"2021-07-15T09:05:31","modified_gmt":"2021-07-15T07:05:31","slug":"por-supuesto","status":"publish","type":"page","link":"https:\/\/www.goring-online.com\/es\/seguros\/seguro-de-coche-en-espana\/por-supuesto\/","title":{"rendered":"Por supuesto"},"content":{"rendered":"<ul>\n<li>Nos hacemos cargo de su bonificaci\u00f3n por ausencia de siniestralidad como en Alemania y Suiza<\/li>\n<li>Asistencia en carretera 24 horas<\/li>\n<li>Policas en alem\u00e1n<\/li>\n<li>Le ayudamos a trav\u00e9s de nuestro departamento de reclamaciones en alem\u00e1n<\/li>\n<\/ul>\n<h2>Env\u00edenos su solicitud de seguro<\/h2>\n<p>Su seguro de coche para Espa\u00f1a se adaptar\u00e1 individualmente a sus necesidades. S\u00f3lo tiene que rellenar el siguiente formulario. Nosotros nos encargaremos de todo lo dem\u00e1s. Nuestros empleados se pondr\u00e1n en contacto con usted lo antes posible con una oferta no vinculante.<\/p>\n","protected":false},"excerpt":{"rendered":"<p>Nos hacemos cargo de su bonificaci\u00f3n por ausencia de siniestralidad como en Alemania y Suiza Asistencia en carretera 24 horas Policas en alem\u00e1n Le ayudamos a trav\u00e9s de nuestro departamento de reclamaciones en alem\u00e1n Env\u00edenos su solicitud de seguro Su seguro de coche para Espa\u00f1a se adaptar\u00e1 individualmente a sus necesidades. S\u00f3lo tiene que rellenar &hellip;<\/p>\n","protected":false},"author":2,"featured_media":10994,"parent":11044,"menu_order":15,"comment_status":"open","ping_status":"open","template":"","meta":{"_yoast_wpseo_focuskw":"","_yoast_wpseo_title":"","_yoast_wpseo_metadesc":"","footnotes":""},"class_list":["post-11071","page","type-page","status-publish","has-post-thumbnail","hentry"],"yoast_head":"<!-- This site is optimized with the Yoast SEO Premium plugin v20.6 (Yoast SEO v27.4) - https:\/\/yoast.com\/product\/yoast-seo-premium-wordpress\/ -->\n<title>Por supuesto | G\u00f6ring Versicherungsmakler<\/title>\n<meta name=\"robots\" content=\"noindex, follow\" \/>\n<meta property=\"og:locale\" content=\"es_ES\" \/>\n<meta property=\"og:type\" content=\"article\" \/>\n<meta property=\"og:title\" content=\"Por supuesto\" \/>\n<meta property=\"og:description\" content=\"Nos hacemos cargo de su bonificaci\u00f3n por ausencia de siniestralidad como en Alemania y Suiza Asistencia en carretera 24 horas Policas en alem\u00e1n Le ayudamos a trav\u00e9s de nuestro departamento de reclamaciones en alem\u00e1n Env\u00edenos su solicitud de seguro Su seguro de coche para Espa\u00f1a se adaptar\u00e1 individualmente a sus necesidades. S\u00f3lo tiene que rellenar &hellip;\" \/>\n<meta property=\"og:url\" content=\"https:\/\/www.goring-online.com\/es\/seguros\/seguro-de-coche-en-espana\/por-supuesto\/\" \/>\n<meta property=\"og:site_name\" content=\"G\u00f6ring Versicherungsmakler\" \/>\n<meta property=\"og:image\" content=\"https:\/\/www.goring-online.com\/app\/uploads\/2018\/08\/kfz-versicherung.jpg\" \/>\n\t<meta property=\"og:image:width\" content=\"400\" \/>\n\t<meta property=\"og:image:height\" content=\"400\" \/>\n\t<meta property=\"og:image:type\" content=\"image\/jpeg\" \/>\n<meta name=\"twitter:card\" content=\"summary_large_image\" \/>\n<script type=\"application\/ld+json\" class=\"yoast-schema-graph\">{\"@context\":\"https:\\\/\\\/schema.org\",\"@graph\":[{\"@type\":\"WebPage\",\"@id\":\"https:\\\/\\\/www.goring-online.com\\\/es\\\/seguros\\\/seguro-de-coche-en-espana\\\/por-supuesto\\\/\",\"url\":\"https:\\\/\\\/www.goring-online.com\\\/es\\\/seguros\\\/seguro-de-coche-en-espana\\\/por-supuesto\\\/\",\"name\":\"Por supuesto | G\u00f6ring Versicherungsmakler\",\"isPartOf\":{\"@id\":\"https:\\\/\\\/www.goring-online.com\\\/#website\"},\"primaryImageOfPage\":{\"@id\":\"https:\\\/\\\/www.goring-online.com\\\/es\\\/seguros\\\/seguro-de-coche-en-espana\\\/por-supuesto\\\/#primaryimage\"},\"image\":{\"@id\":\"https:\\\/\\\/www.goring-online.com\\\/es\\\/seguros\\\/seguro-de-coche-en-espana\\\/por-supuesto\\\/#primaryimage\"},\"thumbnailUrl\":\"https:\\\/\\\/www.goring-online.com\\\/app\\\/uploads\\\/2018\\\/08\\\/kfz-versicherung.jpg\",\"datePublished\":\"2021-07-15T07:05:31+00:00\",\"breadcrumb\":{\"@id\":\"https:\\\/\\\/www.goring-online.com\\\/es\\\/seguros\\\/seguro-de-coche-en-espana\\\/por-supuesto\\\/#breadcrumb\"},\"inLanguage\":\"es-ES\",\"potentialAction\":[{\"@type\":\"ReadAction\",\"target\":[\"https:\\\/\\\/www.goring-online.com\\\/es\\\/seguros\\\/seguro-de-coche-en-espana\\\/por-supuesto\\\/\"]}]},{\"@type\":\"ImageObject\",\"inLanguage\":\"es-ES\",\"@id\":\"https:\\\/\\\/www.goring-online.com\\\/es\\\/seguros\\\/seguro-de-coche-en-espana\\\/por-supuesto\\\/#primaryimage\",\"url\":\"https:\\\/\\\/www.goring-online.com\\\/app\\\/uploads\\\/2018\\\/08\\\/kfz-versicherung.jpg\",\"contentUrl\":\"https:\\\/\\\/www.goring-online.com\\\/app\\\/uploads\\\/2018\\\/08\\\/kfz-versicherung.jpg\",\"width\":400,\"height\":400},{\"@type\":\"BreadcrumbList\",\"@id\":\"https:\\\/\\\/www.goring-online.com\\\/es\\\/seguros\\\/seguro-de-coche-en-espana\\\/por-supuesto\\\/#breadcrumb\",\"itemListElement\":[{\"@type\":\"ListItem\",\"position\":1,\"name\":\"Startseite\",\"item\":\"https:\\\/\\\/www.goring-online.com\\\/es\\\/\"},{\"@type\":\"ListItem\",\"position\":2,\"name\":\"Seguros\",\"item\":\"https:\\\/\\\/www.goring-online.com\\\/es\\\/seguros\\\/\"},{\"@type\":\"ListItem\",\"position\":3,\"name\":\"Seguro de coche en Espa\u00f1a\",\"item\":\"https:\\\/\\\/www.goring-online.com\\\/es\\\/seguros\\\/seguro-de-coche-en-espana\\\/\"},{\"@type\":\"ListItem\",\"position\":4,\"name\":\"Por supuesto\"}]},{\"@type\":\"WebSite\",\"@id\":\"https:\\\/\\\/www.goring-online.com\\\/#website\",\"url\":\"https:\\\/\\\/www.goring-online.com\\\/\",\"name\":\"G\u00f6ring Versicherungsmakler\",\"description\":\"\",\"publisher\":{\"@id\":\"https:\\\/\\\/www.goring-online.com\\\/#organization\"},\"potentialAction\":[{\"@type\":\"SearchAction\",\"target\":{\"@type\":\"EntryPoint\",\"urlTemplate\":\"https:\\\/\\\/www.goring-online.com\\\/?s={search_term_string}\"},\"query-input\":{\"@type\":\"PropertyValueSpecification\",\"valueRequired\":true,\"valueName\":\"search_term_string\"}}],\"inLanguage\":\"es-ES\"},{\"@type\":[\"Organization\",\"Place\",\"InsuranceAgency\"],\"@id\":\"https:\\\/\\\/www.goring-online.com\\\/#organization\",\"name\":\"G\u00f6ring Versicherungsmakler\",\"url\":\"https:\\\/\\\/www.goring-online.com\\\/\",\"logo\":{\"@id\":\"https:\\\/\\\/www.goring-online.com\\\/es\\\/seguros\\\/seguro-de-coche-en-espana\\\/por-supuesto\\\/#local-main-organization-logo\"},\"image\":{\"@id\":\"https:\\\/\\\/www.goring-online.com\\\/es\\\/seguros\\\/seguro-de-coche-en-espana\\\/por-supuesto\\\/#local-main-organization-logo\"},\"address\":{\"@id\":\"https:\\\/\\\/www.goring-online.com\\\/es\\\/seguros\\\/seguro-de-coche-en-espana\\\/por-supuesto\\\/#local-main-place-address\"},\"telephone\":[\"+34 96 588 92 71\"],\"openingHoursSpecification\":[{\"@type\":\"OpeningHoursSpecification\",\"dayOfWeek\":[\"Monday\",\"Tuesday\",\"Wednesday\",\"Thursday\",\"Friday\"],\"opens\":\"09:00\",\"closes\":\"15:00\"},{\"@type\":\"OpeningHoursSpecification\",\"dayOfWeek\":[\"Saturday\",\"Sunday\"],\"opens\":\"00:00\",\"closes\":\"00:00\"}],\"email\":\"info@goring-online.com\",\"vatID\":\"ESB54476999\",\"taxID\":\"B54476999\",\"currenciesAccepted\":\"\u20ac\"},{\"@type\":\"PostalAddress\",\"@id\":\"https:\\\/\\\/www.goring-online.com\\\/es\\\/seguros\\\/seguro-de-coche-en-espana\\\/por-supuesto\\\/#local-main-place-address\",\"streetAddress\":\"Calle Tabarca 40, 03580 - Alfaz del Pi\",\"addressLocality\":\"Alfaz del Pi\",\"postalCode\":\"03580\",\"addressRegion\":\"Alicante\",\"addressCountry\":\"ES\"},{\"@type\":\"ImageObject\",\"inLanguage\":\"es-ES\",\"@id\":\"https:\\\/\\\/www.goring-online.com\\\/es\\\/seguros\\\/seguro-de-coche-en-espana\\\/por-supuesto\\\/#local-main-organization-logo\",\"url\":\"https:\\\/\\\/www.goring-online.com\\\/app\\\/uploads\\\/2020\\\/03\\\/logo-goring.png\",\"contentUrl\":\"https:\\\/\\\/www.goring-online.com\\\/app\\\/uploads\\\/2020\\\/03\\\/logo-goring.png\",\"width\":216,\"height\":76,\"caption\":\"G\u00f6ring Versicherungsmakler\"}]}<\/script>\n<meta name=\"geo.placename\" content=\"Alfaz del Pi\" \/>\n<meta name=\"geo.region\" content=\"Espa\u00f1a\" \/>\n<!-- \/ Yoast SEO Premium plugin. -->","yoast_head_json":{"title":"Por supuesto | G\u00f6ring Versicherungsmakler","robots":{"index":"noindex","follow":"follow"},"og_locale":"es_ES","og_type":"article","og_title":"Por supuesto","og_description":"Nos hacemos cargo de su bonificaci\u00f3n por ausencia de siniestralidad como en Alemania y Suiza Asistencia en carretera 24 horas Policas en alem\u00e1n Le ayudamos a trav\u00e9s de nuestro departamento de reclamaciones en alem\u00e1n Env\u00edenos su solicitud de seguro Su seguro de coche para Espa\u00f1a se adaptar\u00e1 individualmente a sus necesidades. S\u00f3lo tiene que rellenar &hellip;","og_url":"https:\/\/www.goring-online.com\/es\/seguros\/seguro-de-coche-en-espana\/por-supuesto\/","og_site_name":"G\u00f6ring Versicherungsmakler","og_image":[{"width":400,"height":400,"url":"https:\/\/www.goring-online.com\/app\/uploads\/2018\/08\/kfz-versicherung.jpg","type":"image\/jpeg"}],"twitter_card":"summary_large_image","schema":{"@context":"https:\/\/schema.org","@graph":[{"@type":"WebPage","@id":"https:\/\/www.goring-online.com\/es\/seguros\/seguro-de-coche-en-espana\/por-supuesto\/","url":"https:\/\/www.goring-online.com\/es\/seguros\/seguro-de-coche-en-espana\/por-supuesto\/","name":"Por supuesto | G\u00f6ring Versicherungsmakler","isPartOf":{"@id":"https:\/\/www.goring-online.com\/#website"},"primaryImageOfPage":{"@id":"https:\/\/www.goring-online.com\/es\/seguros\/seguro-de-coche-en-espana\/por-supuesto\/#primaryimage"},"image":{"@id":"https:\/\/www.goring-online.com\/es\/seguros\/seguro-de-coche-en-espana\/por-supuesto\/#primaryimage"},"thumbnailUrl":"https:\/\/www.goring-online.com\/app\/uploads\/2018\/08\/kfz-versicherung.jpg","datePublished":"2021-07-15T07:05:31+00:00","breadcrumb":{"@id":"https:\/\/www.goring-online.com\/es\/seguros\/seguro-de-coche-en-espana\/por-supuesto\/#breadcrumb"},"inLanguage":"es-ES","potentialAction":[{"@type":"ReadAction","target":["https:\/\/www.goring-online.com\/es\/seguros\/seguro-de-coche-en-espana\/por-supuesto\/"]}]},{"@type":"ImageObject","inLanguage":"es-ES","@id":"https:\/\/www.goring-online.com\/es\/seguros\/seguro-de-coche-en-espana\/por-supuesto\/#primaryimage","url":"https:\/\/www.goring-online.com\/app\/uploads\/2018\/08\/kfz-versicherung.jpg","contentUrl":"https:\/\/www.goring-online.com\/app\/uploads\/2018\/08\/kfz-versicherung.jpg","width":400,"height":400},{"@type":"BreadcrumbList","@id":"https:\/\/www.goring-online.com\/es\/seguros\/seguro-de-coche-en-espana\/por-supuesto\/#breadcrumb","itemListElement":[{"@type":"ListItem","position":1,"name":"Startseite","item":"https:\/\/www.goring-online.com\/es\/"},{"@type":"ListItem","position":2,"name":"Seguros","item":"https:\/\/www.goring-online.com\/es\/seguros\/"},{"@type":"ListItem","position":3,"name":"Seguro de coche en Espa\u00f1a","item":"https:\/\/www.goring-online.com\/es\/seguros\/seguro-de-coche-en-espana\/"},{"@type":"ListItem","position":4,"name":"Por supuesto"}]},{"@type":"WebSite","@id":"https:\/\/www.goring-online.com\/#website","url":"https:\/\/www.goring-online.com\/","name":"G\u00f6ring Versicherungsmakler","description":"","publisher":{"@id":"https:\/\/www.goring-online.com\/#organization"},"potentialAction":[{"@type":"SearchAction","target":{"@type":"EntryPoint","urlTemplate":"https:\/\/www.goring-online.com\/?s={search_term_string}"},"query-input":{"@type":"PropertyValueSpecification","valueRequired":true,"valueName":"search_term_string"}}],"inLanguage":"es-ES"},{"@type":["Organization","Place","InsuranceAgency"],"@id":"https:\/\/www.goring-online.com\/#organization","name":"G\u00f6ring Versicherungsmakler","url":"https:\/\/www.goring-online.com\/","logo":{"@id":"https:\/\/www.goring-online.com\/es\/seguros\/seguro-de-coche-en-espana\/por-supuesto\/#local-main-organization-logo"},"image":{"@id":"https:\/\/www.goring-online.com\/es\/seguros\/seguro-de-coche-en-espana\/por-supuesto\/#local-main-organization-logo"},"address":{"@id":"https:\/\/www.goring-online.com\/es\/seguros\/seguro-de-coche-en-espana\/por-supuesto\/#local-main-place-address"},"telephone":["+34 96 588 92 71"],"openingHoursSpecification":[{"@type":"OpeningHoursSpecification","dayOfWeek":["Monday","Tuesday","Wednesday","Thursday","Friday"],"opens":"09:00","closes":"15:00"},{"@type":"OpeningHoursSpecification","dayOfWeek":["Saturday","Sunday"],"opens":"00:00","closes":"00:00"}],"email":"info@goring-online.com","vatID":"ESB54476999","taxID":"B54476999","currenciesAccepted":"\u20ac"},{"@type":"PostalAddress","@id":"https:\/\/www.goring-online.com\/es\/seguros\/seguro-de-coche-en-espana\/por-supuesto\/#local-main-place-address","streetAddress":"Calle Tabarca 40, 03580 - Alfaz del Pi","addressLocality":"Alfaz del Pi","postalCode":"03580","addressRegion":"Alicante","addressCountry":"ES"},{"@type":"ImageObject","inLanguage":"es-ES","@id":"https:\/\/www.goring-online.com\/es\/seguros\/seguro-de-coche-en-espana\/por-supuesto\/#local-main-organization-logo","url":"https:\/\/www.goring-online.com\/app\/uploads\/2020\/03\/logo-goring.png","contentUrl":"https:\/\/www.goring-online.com\/app\/uploads\/2020\/03\/logo-goring.png","width":216,"height":76,"caption":"G\u00f6ring Versicherungsmakler"}]},"geo.placename":"Alfaz del Pi","geo.region":"Espa\u00f1a"},"yoast_focus_keyword":"","yoast_seo_title":"","yoast_meta_description":"","_links":{"self":[{"href":"https:\/\/www.goring-online.com\/es\/wp-json\/wp\/v2\/pages\/11071","targetHints":{"allow":["GET"]}}],"collection":[{"href":"https:\/\/www.goring-online.com\/es\/wp-json\/wp\/v2\/pages"}],"about":[{"href":"https:\/\/www.goring-online.com\/es\/wp-json\/wp\/v2\/types\/page"}],"author":[{"embeddable":true,"href":"https:\/\/www.goring-online.com\/es\/wp-json\/wp\/v2\/users\/2"}],"replies":[{"embeddable":true,"href":"https:\/\/www.goring-online.com\/es\/wp-json\/wp\/v2\/comments?post=11071"}],"version-history":[{"count":0,"href":"https:\/\/www.goring-online.com\/es\/wp-json\/wp\/v2\/pages\/11071\/revisions"}],"up":[{"embeddable":true,"href":"https:\/\/www.goring-online.com\/es\/wp-json\/wp\/v2\/pages\/11044"}],"wp:featuredmedia":[{"embeddable":true,"href":"https:\/\/www.goring-online.com\/es\/wp-json\/wp\/v2\/media\/10994"}],"wp:attachment":[{"href":"https:\/\/www.goring-online.com\/es\/wp-json\/wp\/v2\/media?parent=11071"}],"curies":[{"name":"wp","href":"https:\/\/api.w.org\/{rel}","templated":true}]}}