{"id":11074,"date":"2021-07-15T09:09:23","date_gmt":"2021-07-15T07:09:23","guid":{"rendered":"https:\/\/www.goring-online.com\/?page_id=11074"},"modified":"2021-07-15T14:16:21","modified_gmt":"2021-07-15T12:16:21","slug":"seguro-medico-privado-en-espana","status":"publish","type":"page","link":"https:\/\/www.goring-online.com\/es\/seguros\/seguro-medico-privado-en-espana\/","title":{"rendered":"Seguro m\u00e9dico privado en Espa\u00f1a"},"content":{"rendered":"<p>\u00bfBusca un seguro m\u00e9dico privado para Espa\u00f1a que le ofrezca las mismas prestaciones y la misma seguridad que en Alemania? G\u00f6ring Versicherungsmakler encontrar\u00e1 para usted el seguro m\u00e9dico privado adecuado, ya sea complementario o a todo riesgo, en Espa\u00f1a, por supuesto con una p\u00f3liza alemana y una amplia cobertura de seguro. Solicite su presupuesto de seguro m\u00e9dico privado en Espa\u00f1a de forma r\u00e1pida y sin compromiso rellenando el siguiente formulario y envi\u00e1ndolo. Nuestros expertos se encargar\u00e1n de todo lo dem\u00e1s y se pondr\u00e1n en contacto con usted r\u00e1pidamente con una oferta individual.<!--more--><\/p>\n<p>&nbsp;<\/p>\n<h2>Por qu\u00e9 es importante el seguro m\u00e9dico privado en Espa\u00f1a<\/h2>\n<p>Los accidentes ocurren r\u00e1pidamente y se producen principalmente en el hogar. Esto tambi\u00e9n se aplica a su segunda o principal residencia en Espa\u00f1a. Un seguro m\u00e9dico privado para Espa\u00f1a le garantiza en este caso la atenci\u00f3n \u00f3ptima a la que est\u00e1 acostumbrado tambi\u00e9n desde Alemania. Los especialistas alemanes tambi\u00e9n se encargan de que usted entienda lo que le ocurre, porque el idioma del tratamiento es el alem\u00e1n. Como paciente privado en Espa\u00f1a, tambi\u00e9n disfrutar\u00e1 de algunos beneficios que le ayudar\u00e1n a recuperarse r\u00e1pidamente y sin estr\u00e9s. Por ejemplo, con el seguro m\u00e9dico privado en Espa\u00f1a se alojar\u00e1 en una habitaci\u00f3n individual y tambi\u00e9n tendr\u00e1 la opci\u00f3n de tener un familiar cerca.<\/p>\n<h2>\u00bfEs caro el seguro m\u00e9dico privado para Espa\u00f1a?<\/h2>\n<p><strong>No con nosotros.<\/strong> Con G\u00f6ring Versicherungsmakler no tiene que temer primas elevadas, porque seleccionamos para usted la mejor oferta individual, de compa\u00f1\u00edas de seguros conocidas y probadas, como AXA, Allianz, DKV o FIATC. Si decide ser tratado por uno de nuestros excelentes especialistas de habla alemana, no tiene que pagar por adelantado, a diferencia de lo que ocurre con muchos seguros m\u00e9dicos privados. Los m\u00e9dicos contratados llegan a un acuerdo directamente con su compa\u00f1\u00eda de seguros. De este modo, disfrutar\u00e1 de la comodidad del seguro obligatorio en Alemania, con las numerosas ventajas del seguro m\u00e9dico privado.<\/p>\n<h2>Seguro m\u00e9dico privado en Espa\u00f1a de G\u00f6ring Versicherungsmakler<\/h2>\n<p>No todos los seguros m\u00e9dicos privados de Espa\u00f1a son adecuados para todos los asegurados. Por ello, buscamos la oferta adecuada e individualizada para usted. Independiente, r\u00e1pido y fiable. Por supuesto, siempre estamos disponibles para responder a todas sus preguntas sobre su seguro de salud privado en Espa\u00f1a antes y despu\u00e9s de la celebraci\u00f3n del contrato.<\/p>\n","protected":false},"excerpt":{"rendered":"<p>\u00bfBusca un seguro m\u00e9dico privado para Espa\u00f1a que le ofrezca las mismas prestaciones y la misma seguridad que en Alemania? G\u00f6ring Versicherungsmakler encontrar\u00e1 para usted el seguro m\u00e9dico privado adecuado, ya sea complementario o a todo riesgo, en Espa\u00f1a, por supuesto con una p\u00f3liza alemana y una amplia cobertura de seguro. Solicite su presupuesto de &hellip;<\/p>\n","protected":false},"author":2,"featured_media":11303,"parent":10985,"menu_order":16,"comment_status":"open","ping_status":"open","template":"page-versicherung-detail.php","meta":{"_yoast_wpseo_focuskw":"","_yoast_wpseo_title":"","_yoast_wpseo_metadesc":"","footnotes":""},"class_list":["post-11074","page","type-page","status-publish","has-post-thumbnail","hentry"],"yoast_head":"<!-- This site is optimized with the Yoast SEO Premium plugin v20.6 (Yoast SEO v27.4) - https:\/\/yoast.com\/product\/yoast-seo-premium-wordpress\/ -->\n<title>Seguro m\u00e9dico privado en Espa\u00f1a | G\u00f6ring Versicherungsmakler<\/title>\n<meta name=\"robots\" content=\"index, follow, max-snippet:-1, max-image-preview:large, max-video-preview:-1\" \/>\n<link rel=\"canonical\" href=\"https:\/\/www.goring-online.com\/es\/seguros\/seguro-medico-privado-en-espana\/\" \/>\n<meta property=\"og:locale\" content=\"es_ES\" \/>\n<meta property=\"og:type\" content=\"article\" \/>\n<meta property=\"og:title\" content=\"Seguro m\u00e9dico privado en Espa\u00f1a\" \/>\n<meta property=\"og:description\" content=\"\u00bfBusca un seguro m\u00e9dico privado para Espa\u00f1a que le ofrezca las mismas prestaciones y la misma seguridad que en Alemania? G\u00f6ring Versicherungsmakler encontrar\u00e1 para usted el seguro m\u00e9dico privado adecuado, ya sea complementario o a todo riesgo, en Espa\u00f1a, por supuesto con una p\u00f3liza alemana y una amplia cobertura de seguro. Solicite su presupuesto de &hellip;\" \/>\n<meta property=\"og:url\" content=\"https:\/\/www.goring-online.com\/es\/seguros\/seguro-medico-privado-en-espana\/\" \/>\n<meta property=\"og:site_name\" content=\"G\u00f6ring Versicherungsmakler\" \/>\n<meta property=\"article:modified_time\" content=\"2021-07-15T12:16:21+00:00\" \/>\n<meta property=\"og:image\" content=\"https:\/\/www.goring-online.com\/app\/uploads\/2021\/07\/private-krankenversicherung.jpg\" \/>\n\t<meta property=\"og:image:width\" content=\"400\" \/>\n\t<meta property=\"og:image:height\" content=\"400\" \/>\n\t<meta property=\"og:image:type\" content=\"image\/jpeg\" \/>\n<meta name=\"twitter:card\" content=\"summary_large_image\" \/>\n<meta name=\"twitter:label1\" content=\"Est. reading time\" \/>\n\t<meta name=\"twitter:data1\" content=\"2 minutes\" \/>\n<script type=\"application\/ld+json\" class=\"yoast-schema-graph\">{\"@context\":\"https:\\\/\\\/schema.org\",\"@graph\":[{\"@type\":\"WebPage\",\"@id\":\"https:\\\/\\\/www.goring-online.com\\\/es\\\/seguros\\\/seguro-medico-privado-en-espana\\\/\",\"url\":\"https:\\\/\\\/www.goring-online.com\\\/es\\\/seguros\\\/seguro-medico-privado-en-espana\\\/\",\"name\":\"Seguro m\u00e9dico privado en Espa\u00f1a | G\u00f6ring Versicherungsmakler\",\"isPartOf\":{\"@id\":\"https:\\\/\\\/www.goring-online.com\\\/#website\"},\"primaryImageOfPage\":{\"@id\":\"https:\\\/\\\/www.goring-online.com\\\/es\\\/seguros\\\/seguro-medico-privado-en-espana\\\/#primaryimage\"},\"image\":{\"@id\":\"https:\\\/\\\/www.goring-online.com\\\/es\\\/seguros\\\/seguro-medico-privado-en-espana\\\/#primaryimage\"},\"thumbnailUrl\":\"https:\\\/\\\/www.goring-online.com\\\/app\\\/uploads\\\/2021\\\/07\\\/private-krankenversicherung.jpg\",\"datePublished\":\"2021-07-15T07:09:23+00:00\",\"dateModified\":\"2021-07-15T12:16:21+00:00\",\"breadcrumb\":{\"@id\":\"https:\\\/\\\/www.goring-online.com\\\/es\\\/seguros\\\/seguro-medico-privado-en-espana\\\/#breadcrumb\"},\"inLanguage\":\"es-ES\",\"potentialAction\":[{\"@type\":\"ReadAction\",\"target\":[\"https:\\\/\\\/www.goring-online.com\\\/es\\\/seguros\\\/seguro-medico-privado-en-espana\\\/\"]}]},{\"@type\":\"ImageObject\",\"inLanguage\":\"es-ES\",\"@id\":\"https:\\\/\\\/www.goring-online.com\\\/es\\\/seguros\\\/seguro-medico-privado-en-espana\\\/#primaryimage\",\"url\":\"https:\\\/\\\/www.goring-online.com\\\/app\\\/uploads\\\/2021\\\/07\\\/private-krankenversicherung.jpg\",\"contentUrl\":\"https:\\\/\\\/www.goring-online.com\\\/app\\\/uploads\\\/2021\\\/07\\\/private-krankenversicherung.jpg\",\"width\":400,\"height\":400},{\"@type\":\"BreadcrumbList\",\"@id\":\"https:\\\/\\\/www.goring-online.com\\\/es\\\/seguros\\\/seguro-medico-privado-en-espana\\\/#breadcrumb\",\"itemListElement\":[{\"@type\":\"ListItem\",\"position\":1,\"name\":\"Startseite\",\"item\":\"https:\\\/\\\/www.goring-online.com\\\/es\\\/\"},{\"@type\":\"ListItem\",\"position\":2,\"name\":\"Seguros\",\"item\":\"https:\\\/\\\/www.goring-online.com\\\/es\\\/seguros\\\/\"},{\"@type\":\"ListItem\",\"position\":3,\"name\":\"Seguro m\u00e9dico privado en Espa\u00f1a\"}]},{\"@type\":\"WebSite\",\"@id\":\"https:\\\/\\\/www.goring-online.com\\\/#website\",\"url\":\"https:\\\/\\\/www.goring-online.com\\\/\",\"name\":\"G\u00f6ring Versicherungsmakler\",\"description\":\"\",\"publisher\":{\"@id\":\"https:\\\/\\\/www.goring-online.com\\\/#organization\"},\"potentialAction\":[{\"@type\":\"SearchAction\",\"target\":{\"@type\":\"EntryPoint\",\"urlTemplate\":\"https:\\\/\\\/www.goring-online.com\\\/?s={search_term_string}\"},\"query-input\":{\"@type\":\"PropertyValueSpecification\",\"valueRequired\":true,\"valueName\":\"search_term_string\"}}],\"inLanguage\":\"es-ES\"},{\"@type\":[\"Organization\",\"Place\",\"InsuranceAgency\"],\"@id\":\"https:\\\/\\\/www.goring-online.com\\\/#organization\",\"name\":\"G\u00f6ring Versicherungsmakler\",\"url\":\"https:\\\/\\\/www.goring-online.com\\\/\",\"logo\":{\"@id\":\"https:\\\/\\\/www.goring-online.com\\\/es\\\/seguros\\\/seguro-medico-privado-en-espana\\\/#local-main-organization-logo\"},\"image\":{\"@id\":\"https:\\\/\\\/www.goring-online.com\\\/es\\\/seguros\\\/seguro-medico-privado-en-espana\\\/#local-main-organization-logo\"},\"address\":{\"@id\":\"https:\\\/\\\/www.goring-online.com\\\/es\\\/seguros\\\/seguro-medico-privado-en-espana\\\/#local-main-place-address\"},\"telephone\":[\"+34 96 588 92 71\"],\"openingHoursSpecification\":[{\"@type\":\"OpeningHoursSpecification\",\"dayOfWeek\":[\"Monday\",\"Tuesday\",\"Wednesday\",\"Thursday\",\"Friday\"],\"opens\":\"09:00\",\"closes\":\"15:00\"},{\"@type\":\"OpeningHoursSpecification\",\"dayOfWeek\":[\"Saturday\",\"Sunday\"],\"opens\":\"00:00\",\"closes\":\"00:00\"}],\"email\":\"info@goring-online.com\",\"vatID\":\"ESB54476999\",\"taxID\":\"B54476999\",\"currenciesAccepted\":\"\u20ac\"},{\"@type\":\"PostalAddress\",\"@id\":\"https:\\\/\\\/www.goring-online.com\\\/es\\\/seguros\\\/seguro-medico-privado-en-espana\\\/#local-main-place-address\",\"streetAddress\":\"Calle Tabarca 40, 03580 - Alfaz del Pi\",\"addressLocality\":\"Alfaz del Pi\",\"postalCode\":\"03580\",\"addressRegion\":\"Alicante\",\"addressCountry\":\"ES\"},{\"@type\":\"ImageObject\",\"inLanguage\":\"es-ES\",\"@id\":\"https:\\\/\\\/www.goring-online.com\\\/es\\\/seguros\\\/seguro-medico-privado-en-espana\\\/#local-main-organization-logo\",\"url\":\"https:\\\/\\\/www.goring-online.com\\\/app\\\/uploads\\\/2020\\\/03\\\/logo-goring.png\",\"contentUrl\":\"https:\\\/\\\/www.goring-online.com\\\/app\\\/uploads\\\/2020\\\/03\\\/logo-goring.png\",\"width\":216,\"height\":76,\"caption\":\"G\u00f6ring Versicherungsmakler\"}]}<\/script>\n<meta name=\"geo.placename\" content=\"Alfaz del Pi\" \/>\n<meta name=\"geo.region\" content=\"Espa\u00f1a\" \/>\n<!-- \/ Yoast SEO Premium plugin. -->","yoast_head_json":{"title":"Seguro m\u00e9dico privado en Espa\u00f1a | G\u00f6ring Versicherungsmakler","robots":{"index":"index","follow":"follow","max-snippet":"max-snippet:-1","max-image-preview":"max-image-preview:large","max-video-preview":"max-video-preview:-1"},"canonical":"https:\/\/www.goring-online.com\/es\/seguros\/seguro-medico-privado-en-espana\/","og_locale":"es_ES","og_type":"article","og_title":"Seguro m\u00e9dico privado en Espa\u00f1a","og_description":"\u00bfBusca un seguro m\u00e9dico privado para Espa\u00f1a que le ofrezca las mismas prestaciones y la misma seguridad que en Alemania? G\u00f6ring Versicherungsmakler encontrar\u00e1 para usted el seguro m\u00e9dico privado adecuado, ya sea complementario o a todo riesgo, en Espa\u00f1a, por supuesto con una p\u00f3liza alemana y una amplia cobertura de seguro. Solicite su presupuesto de &hellip;","og_url":"https:\/\/www.goring-online.com\/es\/seguros\/seguro-medico-privado-en-espana\/","og_site_name":"G\u00f6ring Versicherungsmakler","article_modified_time":"2021-07-15T12:16:21+00:00","og_image":[{"width":400,"height":400,"url":"https:\/\/www.goring-online.com\/app\/uploads\/2021\/07\/private-krankenversicherung.jpg","type":"image\/jpeg"}],"twitter_card":"summary_large_image","twitter_misc":{"Est. reading time":"2 minutes"},"schema":{"@context":"https:\/\/schema.org","@graph":[{"@type":"WebPage","@id":"https:\/\/www.goring-online.com\/es\/seguros\/seguro-medico-privado-en-espana\/","url":"https:\/\/www.goring-online.com\/es\/seguros\/seguro-medico-privado-en-espana\/","name":"Seguro m\u00e9dico privado en Espa\u00f1a | G\u00f6ring Versicherungsmakler","isPartOf":{"@id":"https:\/\/www.goring-online.com\/#website"},"primaryImageOfPage":{"@id":"https:\/\/www.goring-online.com\/es\/seguros\/seguro-medico-privado-en-espana\/#primaryimage"},"image":{"@id":"https:\/\/www.goring-online.com\/es\/seguros\/seguro-medico-privado-en-espana\/#primaryimage"},"thumbnailUrl":"https:\/\/www.goring-online.com\/app\/uploads\/2021\/07\/private-krankenversicherung.jpg","datePublished":"2021-07-15T07:09:23+00:00","dateModified":"2021-07-15T12:16:21+00:00","breadcrumb":{"@id":"https:\/\/www.goring-online.com\/es\/seguros\/seguro-medico-privado-en-espana\/#breadcrumb"},"inLanguage":"es-ES","potentialAction":[{"@type":"ReadAction","target":["https:\/\/www.goring-online.com\/es\/seguros\/seguro-medico-privado-en-espana\/"]}]},{"@type":"ImageObject","inLanguage":"es-ES","@id":"https:\/\/www.goring-online.com\/es\/seguros\/seguro-medico-privado-en-espana\/#primaryimage","url":"https:\/\/www.goring-online.com\/app\/uploads\/2021\/07\/private-krankenversicherung.jpg","contentUrl":"https:\/\/www.goring-online.com\/app\/uploads\/2021\/07\/private-krankenversicherung.jpg","width":400,"height":400},{"@type":"BreadcrumbList","@id":"https:\/\/www.goring-online.com\/es\/seguros\/seguro-medico-privado-en-espana\/#breadcrumb","itemListElement":[{"@type":"ListItem","position":1,"name":"Startseite","item":"https:\/\/www.goring-online.com\/es\/"},{"@type":"ListItem","position":2,"name":"Seguros","item":"https:\/\/www.goring-online.com\/es\/seguros\/"},{"@type":"ListItem","position":3,"name":"Seguro m\u00e9dico privado en Espa\u00f1a"}]},{"@type":"WebSite","@id":"https:\/\/www.goring-online.com\/#website","url":"https:\/\/www.goring-online.com\/","name":"G\u00f6ring Versicherungsmakler","description":"","publisher":{"@id":"https:\/\/www.goring-online.com\/#organization"},"potentialAction":[{"@type":"SearchAction","target":{"@type":"EntryPoint","urlTemplate":"https:\/\/www.goring-online.com\/?s={search_term_string}"},"query-input":{"@type":"PropertyValueSpecification","valueRequired":true,"valueName":"search_term_string"}}],"inLanguage":"es-ES"},{"@type":["Organization","Place","InsuranceAgency"],"@id":"https:\/\/www.goring-online.com\/#organization","name":"G\u00f6ring Versicherungsmakler","url":"https:\/\/www.goring-online.com\/","logo":{"@id":"https:\/\/www.goring-online.com\/es\/seguros\/seguro-medico-privado-en-espana\/#local-main-organization-logo"},"image":{"@id":"https:\/\/www.goring-online.com\/es\/seguros\/seguro-medico-privado-en-espana\/#local-main-organization-logo"},"address":{"@id":"https:\/\/www.goring-online.com\/es\/seguros\/seguro-medico-privado-en-espana\/#local-main-place-address"},"telephone":["+34 96 588 92 71"],"openingHoursSpecification":[{"@type":"OpeningHoursSpecification","dayOfWeek":["Monday","Tuesday","Wednesday","Thursday","Friday"],"opens":"09:00","closes":"15:00"},{"@type":"OpeningHoursSpecification","dayOfWeek":["Saturday","Sunday"],"opens":"00:00","closes":"00:00"}],"email":"info@goring-online.com","vatID":"ESB54476999","taxID":"B54476999","currenciesAccepted":"\u20ac"},{"@type":"PostalAddress","@id":"https:\/\/www.goring-online.com\/es\/seguros\/seguro-medico-privado-en-espana\/#local-main-place-address","streetAddress":"Calle Tabarca 40, 03580 - Alfaz del Pi","addressLocality":"Alfaz del Pi","postalCode":"03580","addressRegion":"Alicante","addressCountry":"ES"},{"@type":"ImageObject","inLanguage":"es-ES","@id":"https:\/\/www.goring-online.com\/es\/seguros\/seguro-medico-privado-en-espana\/#local-main-organization-logo","url":"https:\/\/www.goring-online.com\/app\/uploads\/2020\/03\/logo-goring.png","contentUrl":"https:\/\/www.goring-online.com\/app\/uploads\/2020\/03\/logo-goring.png","width":216,"height":76,"caption":"G\u00f6ring Versicherungsmakler"}]},"geo.placename":"Alfaz del Pi","geo.region":"Espa\u00f1a"},"yoast_focus_keyword":"","yoast_seo_title":"","yoast_meta_description":"","_links":{"self":[{"href":"https:\/\/www.goring-online.com\/es\/wp-json\/wp\/v2\/pages\/11074","targetHints":{"allow":["GET"]}}],"collection":[{"href":"https:\/\/www.goring-online.com\/es\/wp-json\/wp\/v2\/pages"}],"about":[{"href":"https:\/\/www.goring-online.com\/es\/wp-json\/wp\/v2\/types\/page"}],"author":[{"embeddable":true,"href":"https:\/\/www.goring-online.com\/es\/wp-json\/wp\/v2\/users\/2"}],"replies":[{"embeddable":true,"href":"https:\/\/www.goring-online.com\/es\/wp-json\/wp\/v2\/comments?post=11074"}],"version-history":[{"count":0,"href":"https:\/\/www.goring-online.com\/es\/wp-json\/wp\/v2\/pages\/11074\/revisions"}],"up":[{"embeddable":true,"href":"https:\/\/www.goring-online.com\/es\/wp-json\/wp\/v2\/pages\/10985"}],"wp:featuredmedia":[{"embeddable":true,"href":"https:\/\/www.goring-online.com\/es\/wp-json\/wp\/v2\/media\/11303"}],"wp:attachment":[{"href":"https:\/\/www.goring-online.com\/es\/wp-json\/wp\/v2\/media?parent=11074"}],"curies":[{"name":"wp","href":"https:\/\/api.w.org\/{rel}","templated":true}]}}