{"id":11100,"date":"2021-07-15T09:13:17","date_gmt":"2021-07-15T07:13:17","guid":{"rendered":"https:\/\/www.goring-online.com\/?page_id=11100"},"modified":"2021-07-15T09:13:17","modified_gmt":"2021-07-15T07:13:17","slug":"opciones-de-seguro","status":"publish","type":"page","link":"https:\/\/www.goring-online.com\/es\/seguros\/seguro-medico-privado-en-espana\/opciones-de-seguro\/","title":{"rendered":"Opciones de seguro"},"content":{"rendered":"<ul>\n<li>Tratamiento por especialistas alemanes<\/li>\n<li>Libre elecci\u00f3n de m\u00e9dico en todo el mundo. Su compa\u00f1\u00eda de seguros le reembolsar\u00e1 gran parte de los gastos m\u00e9dicos de los especialistas alemanes.<\/li>\n<li>Facturaci\u00f3n directa para m\u00e9dicos y hospitales contratados<\/li>\n<li>Seguro de viaje en todo el mundo incluido.<\/li>\n<li>Primas favorables y estabilidad de las primas<\/li>\n<li>En caso de hospitalizaci\u00f3n: alojamiento en habitaciones individuales y alojamiento de un acompa\u00f1ante.<\/li>\n<li>Tel\u00e9fono de emergencia 24 horas<\/li>\n<li>Cobertura de:\n<ul>\n<li>Medicamentos y ayudas<\/li>\n<li>Tratamientos homeop\u00e1ticos<\/li>\n<li>Fisioterapia<\/li>\n<li>Psicoterapia<\/li>\n<li>Limpiezas dentales anuales<\/li>\n<li>Revisiones m\u00e9dicas preventivas<\/li>\n<li>Tratamiento sin pago anticipado por parte de los m\u00e9dicos contratados<\/li>\n<\/ul>\n<\/li>\n<li>Servicios adicionales individuales a convenir<\/li>\n<\/ul>\n","protected":false},"excerpt":{"rendered":"<p>Tratamiento por especialistas alemanes Libre elecci\u00f3n de m\u00e9dico en todo el mundo. Su compa\u00f1\u00eda de seguros le reembolsar\u00e1 gran parte de los gastos m\u00e9dicos de los especialistas alemanes. Facturaci\u00f3n directa para m\u00e9dicos y hospitales contratados Seguro de viaje en todo el mundo incluido. Primas favorables y estabilidad de las primas En caso de hospitalizaci\u00f3n: alojamiento &hellip;<\/p>\n","protected":false},"author":2,"featured_media":10994,"parent":11074,"menu_order":13,"comment_status":"open","ping_status":"open","template":"","meta":{"_yoast_wpseo_focuskw":"","_yoast_wpseo_title":"","_yoast_wpseo_metadesc":"","footnotes":""},"class_list":["post-11100","page","type-page","status-publish","has-post-thumbnail","hentry"],"yoast_head":"<!-- This site is optimized with the Yoast SEO Premium plugin v20.6 (Yoast SEO v27.4) - https:\/\/yoast.com\/product\/yoast-seo-premium-wordpress\/ -->\n<title>Opciones de seguro | G\u00f6ring Versicherungsmakler<\/title>\n<meta name=\"robots\" content=\"noindex, follow\" \/>\n<meta property=\"og:locale\" content=\"es_ES\" \/>\n<meta property=\"og:type\" content=\"article\" \/>\n<meta property=\"og:title\" content=\"Opciones de seguro\" \/>\n<meta property=\"og:description\" content=\"Tratamiento por especialistas alemanes Libre elecci\u00f3n de m\u00e9dico en todo el mundo. Su compa\u00f1\u00eda de seguros le reembolsar\u00e1 gran parte de los gastos m\u00e9dicos de los especialistas alemanes. Facturaci\u00f3n directa para m\u00e9dicos y hospitales contratados Seguro de viaje en todo el mundo incluido. Primas favorables y estabilidad de las primas En caso de hospitalizaci\u00f3n: alojamiento &hellip;\" \/>\n<meta property=\"og:url\" content=\"https:\/\/www.goring-online.com\/es\/seguros\/seguro-medico-privado-en-espana\/opciones-de-seguro\/\" \/>\n<meta property=\"og:site_name\" content=\"G\u00f6ring Versicherungsmakler\" \/>\n<meta property=\"og:image\" content=\"https:\/\/www.goring-online.com\/app\/uploads\/2018\/08\/kfz-versicherung.jpg\" \/>\n\t<meta property=\"og:image:width\" content=\"400\" \/>\n\t<meta property=\"og:image:height\" content=\"400\" \/>\n\t<meta property=\"og:image:type\" content=\"image\/jpeg\" \/>\n<meta name=\"twitter:card\" content=\"summary_large_image\" \/>\n<meta name=\"twitter:label1\" content=\"Est. reading time\" \/>\n\t<meta name=\"twitter:data1\" content=\"1 minute\" \/>\n<script type=\"application\/ld+json\" class=\"yoast-schema-graph\">{\"@context\":\"https:\\\/\\\/schema.org\",\"@graph\":[{\"@type\":\"WebPage\",\"@id\":\"https:\\\/\\\/www.goring-online.com\\\/es\\\/seguros\\\/seguro-medico-privado-en-espana\\\/opciones-de-seguro\\\/\",\"url\":\"https:\\\/\\\/www.goring-online.com\\\/es\\\/seguros\\\/seguro-medico-privado-en-espana\\\/opciones-de-seguro\\\/\",\"name\":\"Opciones de seguro | G\u00f6ring Versicherungsmakler\",\"isPartOf\":{\"@id\":\"https:\\\/\\\/www.goring-online.com\\\/#website\"},\"primaryImageOfPage\":{\"@id\":\"https:\\\/\\\/www.goring-online.com\\\/es\\\/seguros\\\/seguro-medico-privado-en-espana\\\/opciones-de-seguro\\\/#primaryimage\"},\"image\":{\"@id\":\"https:\\\/\\\/www.goring-online.com\\\/es\\\/seguros\\\/seguro-medico-privado-en-espana\\\/opciones-de-seguro\\\/#primaryimage\"},\"thumbnailUrl\":\"https:\\\/\\\/www.goring-online.com\\\/app\\\/uploads\\\/2018\\\/08\\\/kfz-versicherung.jpg\",\"datePublished\":\"2021-07-15T07:13:17+00:00\",\"breadcrumb\":{\"@id\":\"https:\\\/\\\/www.goring-online.com\\\/es\\\/seguros\\\/seguro-medico-privado-en-espana\\\/opciones-de-seguro\\\/#breadcrumb\"},\"inLanguage\":\"es-ES\",\"potentialAction\":[{\"@type\":\"ReadAction\",\"target\":[\"https:\\\/\\\/www.goring-online.com\\\/es\\\/seguros\\\/seguro-medico-privado-en-espana\\\/opciones-de-seguro\\\/\"]}]},{\"@type\":\"ImageObject\",\"inLanguage\":\"es-ES\",\"@id\":\"https:\\\/\\\/www.goring-online.com\\\/es\\\/seguros\\\/seguro-medico-privado-en-espana\\\/opciones-de-seguro\\\/#primaryimage\",\"url\":\"https:\\\/\\\/www.goring-online.com\\\/app\\\/uploads\\\/2018\\\/08\\\/kfz-versicherung.jpg\",\"contentUrl\":\"https:\\\/\\\/www.goring-online.com\\\/app\\\/uploads\\\/2018\\\/08\\\/kfz-versicherung.jpg\",\"width\":400,\"height\":400},{\"@type\":\"BreadcrumbList\",\"@id\":\"https:\\\/\\\/www.goring-online.com\\\/es\\\/seguros\\\/seguro-medico-privado-en-espana\\\/opciones-de-seguro\\\/#breadcrumb\",\"itemListElement\":[{\"@type\":\"ListItem\",\"position\":1,\"name\":\"Startseite\",\"item\":\"https:\\\/\\\/www.goring-online.com\\\/es\\\/\"},{\"@type\":\"ListItem\",\"position\":2,\"name\":\"Seguros\",\"item\":\"https:\\\/\\\/www.goring-online.com\\\/es\\\/seguros\\\/\"},{\"@type\":\"ListItem\",\"position\":3,\"name\":\"Seguro m\u00e9dico privado en Espa\u00f1a\",\"item\":\"https:\\\/\\\/www.goring-online.com\\\/es\\\/seguros\\\/seguro-medico-privado-en-espana\\\/\"},{\"@type\":\"ListItem\",\"position\":4,\"name\":\"Opciones de seguro\"}]},{\"@type\":\"WebSite\",\"@id\":\"https:\\\/\\\/www.goring-online.com\\\/#website\",\"url\":\"https:\\\/\\\/www.goring-online.com\\\/\",\"name\":\"G\u00f6ring Versicherungsmakler\",\"description\":\"\",\"publisher\":{\"@id\":\"https:\\\/\\\/www.goring-online.com\\\/#organization\"},\"potentialAction\":[{\"@type\":\"SearchAction\",\"target\":{\"@type\":\"EntryPoint\",\"urlTemplate\":\"https:\\\/\\\/www.goring-online.com\\\/?s={search_term_string}\"},\"query-input\":{\"@type\":\"PropertyValueSpecification\",\"valueRequired\":true,\"valueName\":\"search_term_string\"}}],\"inLanguage\":\"es-ES\"},{\"@type\":[\"Organization\",\"Place\",\"InsuranceAgency\"],\"@id\":\"https:\\\/\\\/www.goring-online.com\\\/#organization\",\"name\":\"G\u00f6ring Versicherungsmakler\",\"url\":\"https:\\\/\\\/www.goring-online.com\\\/\",\"logo\":{\"@id\":\"https:\\\/\\\/www.goring-online.com\\\/es\\\/seguros\\\/seguro-medico-privado-en-espana\\\/opciones-de-seguro\\\/#local-main-organization-logo\"},\"image\":{\"@id\":\"https:\\\/\\\/www.goring-online.com\\\/es\\\/seguros\\\/seguro-medico-privado-en-espana\\\/opciones-de-seguro\\\/#local-main-organization-logo\"},\"address\":{\"@id\":\"https:\\\/\\\/www.goring-online.com\\\/es\\\/seguros\\\/seguro-medico-privado-en-espana\\\/opciones-de-seguro\\\/#local-main-place-address\"},\"telephone\":[\"+34 96 588 92 71\"],\"openingHoursSpecification\":[{\"@type\":\"OpeningHoursSpecification\",\"dayOfWeek\":[\"Monday\",\"Tuesday\",\"Wednesday\",\"Thursday\",\"Friday\"],\"opens\":\"09:00\",\"closes\":\"15:00\"},{\"@type\":\"OpeningHoursSpecification\",\"dayOfWeek\":[\"Saturday\",\"Sunday\"],\"opens\":\"00:00\",\"closes\":\"00:00\"}],\"email\":\"info@goring-online.com\",\"vatID\":\"ESB54476999\",\"taxID\":\"B54476999\",\"currenciesAccepted\":\"\u20ac\"},{\"@type\":\"PostalAddress\",\"@id\":\"https:\\\/\\\/www.goring-online.com\\\/es\\\/seguros\\\/seguro-medico-privado-en-espana\\\/opciones-de-seguro\\\/#local-main-place-address\",\"streetAddress\":\"Calle Tabarca 40, 03580 - Alfaz del Pi\",\"addressLocality\":\"Alfaz del Pi\",\"postalCode\":\"03580\",\"addressRegion\":\"Alicante\",\"addressCountry\":\"ES\"},{\"@type\":\"ImageObject\",\"inLanguage\":\"es-ES\",\"@id\":\"https:\\\/\\\/www.goring-online.com\\\/es\\\/seguros\\\/seguro-medico-privado-en-espana\\\/opciones-de-seguro\\\/#local-main-organization-logo\",\"url\":\"https:\\\/\\\/www.goring-online.com\\\/app\\\/uploads\\\/2020\\\/03\\\/logo-goring.png\",\"contentUrl\":\"https:\\\/\\\/www.goring-online.com\\\/app\\\/uploads\\\/2020\\\/03\\\/logo-goring.png\",\"width\":216,\"height\":76,\"caption\":\"G\u00f6ring Versicherungsmakler\"}]}<\/script>\n<meta name=\"geo.placename\" content=\"Alfaz del Pi\" \/>\n<meta name=\"geo.region\" content=\"Espa\u00f1a\" \/>\n<!-- \/ Yoast SEO Premium plugin. -->","yoast_head_json":{"title":"Opciones de seguro | G\u00f6ring Versicherungsmakler","robots":{"index":"noindex","follow":"follow"},"og_locale":"es_ES","og_type":"article","og_title":"Opciones de seguro","og_description":"Tratamiento por especialistas alemanes Libre elecci\u00f3n de m\u00e9dico en todo el mundo. Su compa\u00f1\u00eda de seguros le reembolsar\u00e1 gran parte de los gastos m\u00e9dicos de los especialistas alemanes. Facturaci\u00f3n directa para m\u00e9dicos y hospitales contratados Seguro de viaje en todo el mundo incluido. Primas favorables y estabilidad de las primas En caso de hospitalizaci\u00f3n: alojamiento &hellip;","og_url":"https:\/\/www.goring-online.com\/es\/seguros\/seguro-medico-privado-en-espana\/opciones-de-seguro\/","og_site_name":"G\u00f6ring Versicherungsmakler","og_image":[{"width":400,"height":400,"url":"https:\/\/www.goring-online.com\/app\/uploads\/2018\/08\/kfz-versicherung.jpg","type":"image\/jpeg"}],"twitter_card":"summary_large_image","twitter_misc":{"Est. reading time":"1 minute"},"schema":{"@context":"https:\/\/schema.org","@graph":[{"@type":"WebPage","@id":"https:\/\/www.goring-online.com\/es\/seguros\/seguro-medico-privado-en-espana\/opciones-de-seguro\/","url":"https:\/\/www.goring-online.com\/es\/seguros\/seguro-medico-privado-en-espana\/opciones-de-seguro\/","name":"Opciones de seguro | G\u00f6ring Versicherungsmakler","isPartOf":{"@id":"https:\/\/www.goring-online.com\/#website"},"primaryImageOfPage":{"@id":"https:\/\/www.goring-online.com\/es\/seguros\/seguro-medico-privado-en-espana\/opciones-de-seguro\/#primaryimage"},"image":{"@id":"https:\/\/www.goring-online.com\/es\/seguros\/seguro-medico-privado-en-espana\/opciones-de-seguro\/#primaryimage"},"thumbnailUrl":"https:\/\/www.goring-online.com\/app\/uploads\/2018\/08\/kfz-versicherung.jpg","datePublished":"2021-07-15T07:13:17+00:00","breadcrumb":{"@id":"https:\/\/www.goring-online.com\/es\/seguros\/seguro-medico-privado-en-espana\/opciones-de-seguro\/#breadcrumb"},"inLanguage":"es-ES","potentialAction":[{"@type":"ReadAction","target":["https:\/\/www.goring-online.com\/es\/seguros\/seguro-medico-privado-en-espana\/opciones-de-seguro\/"]}]},{"@type":"ImageObject","inLanguage":"es-ES","@id":"https:\/\/www.goring-online.com\/es\/seguros\/seguro-medico-privado-en-espana\/opciones-de-seguro\/#primaryimage","url":"https:\/\/www.goring-online.com\/app\/uploads\/2018\/08\/kfz-versicherung.jpg","contentUrl":"https:\/\/www.goring-online.com\/app\/uploads\/2018\/08\/kfz-versicherung.jpg","width":400,"height":400},{"@type":"BreadcrumbList","@id":"https:\/\/www.goring-online.com\/es\/seguros\/seguro-medico-privado-en-espana\/opciones-de-seguro\/#breadcrumb","itemListElement":[{"@type":"ListItem","position":1,"name":"Startseite","item":"https:\/\/www.goring-online.com\/es\/"},{"@type":"ListItem","position":2,"name":"Seguros","item":"https:\/\/www.goring-online.com\/es\/seguros\/"},{"@type":"ListItem","position":3,"name":"Seguro m\u00e9dico privado en Espa\u00f1a","item":"https:\/\/www.goring-online.com\/es\/seguros\/seguro-medico-privado-en-espana\/"},{"@type":"ListItem","position":4,"name":"Opciones de seguro"}]},{"@type":"WebSite","@id":"https:\/\/www.goring-online.com\/#website","url":"https:\/\/www.goring-online.com\/","name":"G\u00f6ring Versicherungsmakler","description":"","publisher":{"@id":"https:\/\/www.goring-online.com\/#organization"},"potentialAction":[{"@type":"SearchAction","target":{"@type":"EntryPoint","urlTemplate":"https:\/\/www.goring-online.com\/?s={search_term_string}"},"query-input":{"@type":"PropertyValueSpecification","valueRequired":true,"valueName":"search_term_string"}}],"inLanguage":"es-ES"},{"@type":["Organization","Place","InsuranceAgency"],"@id":"https:\/\/www.goring-online.com\/#organization","name":"G\u00f6ring Versicherungsmakler","url":"https:\/\/www.goring-online.com\/","logo":{"@id":"https:\/\/www.goring-online.com\/es\/seguros\/seguro-medico-privado-en-espana\/opciones-de-seguro\/#local-main-organization-logo"},"image":{"@id":"https:\/\/www.goring-online.com\/es\/seguros\/seguro-medico-privado-en-espana\/opciones-de-seguro\/#local-main-organization-logo"},"address":{"@id":"https:\/\/www.goring-online.com\/es\/seguros\/seguro-medico-privado-en-espana\/opciones-de-seguro\/#local-main-place-address"},"telephone":["+34 96 588 92 71"],"openingHoursSpecification":[{"@type":"OpeningHoursSpecification","dayOfWeek":["Monday","Tuesday","Wednesday","Thursday","Friday"],"opens":"09:00","closes":"15:00"},{"@type":"OpeningHoursSpecification","dayOfWeek":["Saturday","Sunday"],"opens":"00:00","closes":"00:00"}],"email":"info@goring-online.com","vatID":"ESB54476999","taxID":"B54476999","currenciesAccepted":"\u20ac"},{"@type":"PostalAddress","@id":"https:\/\/www.goring-online.com\/es\/seguros\/seguro-medico-privado-en-espana\/opciones-de-seguro\/#local-main-place-address","streetAddress":"Calle Tabarca 40, 03580 - Alfaz del Pi","addressLocality":"Alfaz del Pi","postalCode":"03580","addressRegion":"Alicante","addressCountry":"ES"},{"@type":"ImageObject","inLanguage":"es-ES","@id":"https:\/\/www.goring-online.com\/es\/seguros\/seguro-medico-privado-en-espana\/opciones-de-seguro\/#local-main-organization-logo","url":"https:\/\/www.goring-online.com\/app\/uploads\/2020\/03\/logo-goring.png","contentUrl":"https:\/\/www.goring-online.com\/app\/uploads\/2020\/03\/logo-goring.png","width":216,"height":76,"caption":"G\u00f6ring Versicherungsmakler"}]},"geo.placename":"Alfaz del Pi","geo.region":"Espa\u00f1a"},"yoast_focus_keyword":"","yoast_seo_title":"","yoast_meta_description":"","_links":{"self":[{"href":"https:\/\/www.goring-online.com\/es\/wp-json\/wp\/v2\/pages\/11100","targetHints":{"allow":["GET"]}}],"collection":[{"href":"https:\/\/www.goring-online.com\/es\/wp-json\/wp\/v2\/pages"}],"about":[{"href":"https:\/\/www.goring-online.com\/es\/wp-json\/wp\/v2\/types\/page"}],"author":[{"embeddable":true,"href":"https:\/\/www.goring-online.com\/es\/wp-json\/wp\/v2\/users\/2"}],"replies":[{"embeddable":true,"href":"https:\/\/www.goring-online.com\/es\/wp-json\/wp\/v2\/comments?post=11100"}],"version-history":[{"count":0,"href":"https:\/\/www.goring-online.com\/es\/wp-json\/wp\/v2\/pages\/11100\/revisions"}],"up":[{"embeddable":true,"href":"https:\/\/www.goring-online.com\/es\/wp-json\/wp\/v2\/pages\/11074"}],"wp:featuredmedia":[{"embeddable":true,"href":"https:\/\/www.goring-online.com\/es\/wp-json\/wp\/v2\/media\/10994"}],"wp:attachment":[{"href":"https:\/\/www.goring-online.com\/es\/wp-json\/wp\/v2\/media?parent=11100"}],"curies":[{"name":"wp","href":"https:\/\/api.w.org\/{rel}","templated":true}]}}