{"id":11127,"date":"2021-07-15T09:57:40","date_gmt":"2021-07-15T07:57:40","guid":{"rendered":"https:\/\/www.goring-online.com\/?page_id=11127"},"modified":"2021-07-15T14:16:45","modified_gmt":"2021-07-15T12:16:45","slug":"seguros-comerciales-en-espana","status":"publish","type":"page","link":"https:\/\/www.goring-online.com\/es\/seguros\/seguros-comerciales-en-espana\/","title":{"rendered":"Seguros comerciales en Espa\u00f1a"},"content":{"rendered":"<p>\u00bfBusca un seguro comercial en Espa\u00f1a? G\u00f6ring Versicherungsmakler encontrar\u00e1 la oferta adecuada para usted y su empresa de las mejores compa\u00f1\u00edas de seguros. Nos aseguramos de que su empresa est\u00e9 igual de protegida con un seguro comercial en Espa\u00f1a que en Alemania.<!--more--><\/p>\n<p>&nbsp;<\/p>\n<p>&nbsp;<\/p>\n<h2>Por qu\u00e9 tiene sentido un seguro comercial para Espa\u00f1a con nuestra ayuda<\/h2>\n<p>Las normas que se aplican a una empresa en Espa\u00f1a pueden ser diferentes a las de Alemania. Nuestros expertos est\u00e1n especializados en seguros en el extranjero y, por tanto, tambi\u00e9n en seguros comerciales en Espa\u00f1a. Dependiendo de su negocio, sus deseos y necesidades, buscaremos una p\u00f3liza de seguro \u00f3ptima y de habla alemana para usted. El primer puerto de escala son las compa\u00f1\u00edas de seguros probadas y reconocidas, como AXA, DAK y similares. Mientras usted se concentra en su negocio principal, nosotros nos aseguramos de que un seguro comercial para Espa\u00f1a cubra a su empresa por completo y contra cualquier eventualidad.<\/p>\n<p>Menos preocupaciones, m\u00e1s \u00e9xito: el seguro de interrupci\u00f3n de la actividad empresarial<\/p>\n<p>Algunos sucesos asegurados, como los da\u00f1os causados por el fuego o el agua, pueden suponer una interrupci\u00f3n temporal de la actividad debido a los largos trabajos de reparaci\u00f3n. Sin embargo, algunos costes fijos y gastos de funcionamiento contin\u00faan incluso durante una interrupci\u00f3n de la actividad, como los costes de personal. Con una p\u00f3liza de seguro que tambi\u00e9n cubra las interrupciones del negocio, los costes en tal caso se reducen enormemente y se puede empezar un nuevo futuro con menos preocupaciones despu\u00e9s de un evento asegurado.<\/p>\n","protected":false},"excerpt":{"rendered":"<p>\u00bfBusca un seguro comercial en Espa\u00f1a? G\u00f6ring Versicherungsmakler encontrar\u00e1 la oferta adecuada para usted y su empresa de las mejores compa\u00f1\u00edas de seguros. Nos aseguramos de que su empresa est\u00e9 igual de protegida con un seguro comercial en Espa\u00f1a que en Alemania.<\/p>\n","protected":false},"author":2,"featured_media":11132,"parent":10985,"menu_order":19,"comment_status":"open","ping_status":"open","template":"page-versicherung-detail.php","meta":{"_yoast_wpseo_focuskw":"","_yoast_wpseo_title":"","_yoast_wpseo_metadesc":"","footnotes":""},"class_list":["post-11127","page","type-page","status-publish","has-post-thumbnail","hentry"],"yoast_head":"<!-- This site is optimized with the Yoast SEO Premium plugin v20.6 (Yoast SEO v27.4) - https:\/\/yoast.com\/product\/yoast-seo-premium-wordpress\/ -->\n<title>Seguros comerciales en Espa\u00f1a | G\u00f6ring Versicherungsmakler<\/title>\n<meta name=\"robots\" content=\"index, follow, max-snippet:-1, max-image-preview:large, max-video-preview:-1\" \/>\n<link rel=\"canonical\" href=\"https:\/\/www.goring-online.com\/es\/seguros\/seguros-comerciales-en-espana\/\" \/>\n<meta property=\"og:locale\" content=\"es_ES\" \/>\n<meta property=\"og:type\" content=\"article\" \/>\n<meta property=\"og:title\" content=\"Seguros comerciales en Espa\u00f1a\" \/>\n<meta property=\"og:description\" content=\"\u00bfBusca un seguro comercial en Espa\u00f1a? G\u00f6ring Versicherungsmakler encontrar\u00e1 la oferta adecuada para usted y su empresa de las mejores compa\u00f1\u00edas de seguros. Nos aseguramos de que su empresa est\u00e9 igual de protegida con un seguro comercial en Espa\u00f1a que en Alemania.\" \/>\n<meta property=\"og:url\" content=\"https:\/\/www.goring-online.com\/es\/seguros\/seguros-comerciales-en-espana\/\" \/>\n<meta property=\"og:site_name\" content=\"G\u00f6ring Versicherungsmakler\" \/>\n<meta property=\"article:modified_time\" content=\"2021-07-15T12:16:45+00:00\" \/>\n<meta property=\"og:image\" content=\"https:\/\/www.goring-online.com\/app\/uploads\/2018\/08\/gewerbeversicherung.jpg\" \/>\n\t<meta property=\"og:image:width\" content=\"400\" \/>\n\t<meta property=\"og:image:height\" content=\"400\" \/>\n\t<meta property=\"og:image:type\" content=\"image\/jpeg\" \/>\n<meta name=\"twitter:card\" content=\"summary_large_image\" \/>\n<meta name=\"twitter:label1\" content=\"Est. reading time\" \/>\n\t<meta name=\"twitter:data1\" content=\"1 minute\" \/>\n<script type=\"application\/ld+json\" class=\"yoast-schema-graph\">{\"@context\":\"https:\\\/\\\/schema.org\",\"@graph\":[{\"@type\":\"WebPage\",\"@id\":\"https:\\\/\\\/www.goring-online.com\\\/es\\\/seguros\\\/seguros-comerciales-en-espana\\\/\",\"url\":\"https:\\\/\\\/www.goring-online.com\\\/es\\\/seguros\\\/seguros-comerciales-en-espana\\\/\",\"name\":\"Seguros comerciales en Espa\u00f1a | G\u00f6ring Versicherungsmakler\",\"isPartOf\":{\"@id\":\"https:\\\/\\\/www.goring-online.com\\\/#website\"},\"primaryImageOfPage\":{\"@id\":\"https:\\\/\\\/www.goring-online.com\\\/es\\\/seguros\\\/seguros-comerciales-en-espana\\\/#primaryimage\"},\"image\":{\"@id\":\"https:\\\/\\\/www.goring-online.com\\\/es\\\/seguros\\\/seguros-comerciales-en-espana\\\/#primaryimage\"},\"thumbnailUrl\":\"https:\\\/\\\/www.goring-online.com\\\/app\\\/uploads\\\/2018\\\/08\\\/gewerbeversicherung.jpg\",\"datePublished\":\"2021-07-15T07:57:40+00:00\",\"dateModified\":\"2021-07-15T12:16:45+00:00\",\"breadcrumb\":{\"@id\":\"https:\\\/\\\/www.goring-online.com\\\/es\\\/seguros\\\/seguros-comerciales-en-espana\\\/#breadcrumb\"},\"inLanguage\":\"es-ES\",\"potentialAction\":[{\"@type\":\"ReadAction\",\"target\":[\"https:\\\/\\\/www.goring-online.com\\\/es\\\/seguros\\\/seguros-comerciales-en-espana\\\/\"]}]},{\"@type\":\"ImageObject\",\"inLanguage\":\"es-ES\",\"@id\":\"https:\\\/\\\/www.goring-online.com\\\/es\\\/seguros\\\/seguros-comerciales-en-espana\\\/#primaryimage\",\"url\":\"https:\\\/\\\/www.goring-online.com\\\/app\\\/uploads\\\/2018\\\/08\\\/gewerbeversicherung.jpg\",\"contentUrl\":\"https:\\\/\\\/www.goring-online.com\\\/app\\\/uploads\\\/2018\\\/08\\\/gewerbeversicherung.jpg\",\"width\":400,\"height\":400},{\"@type\":\"BreadcrumbList\",\"@id\":\"https:\\\/\\\/www.goring-online.com\\\/es\\\/seguros\\\/seguros-comerciales-en-espana\\\/#breadcrumb\",\"itemListElement\":[{\"@type\":\"ListItem\",\"position\":1,\"name\":\"Startseite\",\"item\":\"https:\\\/\\\/www.goring-online.com\\\/es\\\/\"},{\"@type\":\"ListItem\",\"position\":2,\"name\":\"Seguros\",\"item\":\"https:\\\/\\\/www.goring-online.com\\\/es\\\/seguros\\\/\"},{\"@type\":\"ListItem\",\"position\":3,\"name\":\"Seguros comerciales en Espa\u00f1a\"}]},{\"@type\":\"WebSite\",\"@id\":\"https:\\\/\\\/www.goring-online.com\\\/#website\",\"url\":\"https:\\\/\\\/www.goring-online.com\\\/\",\"name\":\"G\u00f6ring Versicherungsmakler\",\"description\":\"\",\"publisher\":{\"@id\":\"https:\\\/\\\/www.goring-online.com\\\/#organization\"},\"potentialAction\":[{\"@type\":\"SearchAction\",\"target\":{\"@type\":\"EntryPoint\",\"urlTemplate\":\"https:\\\/\\\/www.goring-online.com\\\/?s={search_term_string}\"},\"query-input\":{\"@type\":\"PropertyValueSpecification\",\"valueRequired\":true,\"valueName\":\"search_term_string\"}}],\"inLanguage\":\"es-ES\"},{\"@type\":[\"Organization\",\"Place\",\"InsuranceAgency\"],\"@id\":\"https:\\\/\\\/www.goring-online.com\\\/#organization\",\"name\":\"G\u00f6ring Versicherungsmakler\",\"url\":\"https:\\\/\\\/www.goring-online.com\\\/\",\"logo\":{\"@id\":\"https:\\\/\\\/www.goring-online.com\\\/es\\\/seguros\\\/seguros-comerciales-en-espana\\\/#local-main-organization-logo\"},\"image\":{\"@id\":\"https:\\\/\\\/www.goring-online.com\\\/es\\\/seguros\\\/seguros-comerciales-en-espana\\\/#local-main-organization-logo\"},\"address\":{\"@id\":\"https:\\\/\\\/www.goring-online.com\\\/es\\\/seguros\\\/seguros-comerciales-en-espana\\\/#local-main-place-address\"},\"telephone\":[\"+34 96 588 92 71\"],\"openingHoursSpecification\":[{\"@type\":\"OpeningHoursSpecification\",\"dayOfWeek\":[\"Monday\",\"Tuesday\",\"Wednesday\",\"Thursday\",\"Friday\"],\"opens\":\"09:00\",\"closes\":\"15:00\"},{\"@type\":\"OpeningHoursSpecification\",\"dayOfWeek\":[\"Saturday\",\"Sunday\"],\"opens\":\"00:00\",\"closes\":\"00:00\"}],\"email\":\"info@goring-online.com\",\"vatID\":\"ESB54476999\",\"taxID\":\"B54476999\",\"currenciesAccepted\":\"\u20ac\"},{\"@type\":\"PostalAddress\",\"@id\":\"https:\\\/\\\/www.goring-online.com\\\/es\\\/seguros\\\/seguros-comerciales-en-espana\\\/#local-main-place-address\",\"streetAddress\":\"Calle Tabarca 40, 03580 - Alfaz del Pi\",\"addressLocality\":\"Alfaz del Pi\",\"postalCode\":\"03580\",\"addressRegion\":\"Alicante\",\"addressCountry\":\"ES\"},{\"@type\":\"ImageObject\",\"inLanguage\":\"es-ES\",\"@id\":\"https:\\\/\\\/www.goring-online.com\\\/es\\\/seguros\\\/seguros-comerciales-en-espana\\\/#local-main-organization-logo\",\"url\":\"https:\\\/\\\/www.goring-online.com\\\/app\\\/uploads\\\/2020\\\/03\\\/logo-goring.png\",\"contentUrl\":\"https:\\\/\\\/www.goring-online.com\\\/app\\\/uploads\\\/2020\\\/03\\\/logo-goring.png\",\"width\":216,\"height\":76,\"caption\":\"G\u00f6ring Versicherungsmakler\"}]}<\/script>\n<meta name=\"geo.placename\" content=\"Alfaz del Pi\" \/>\n<meta name=\"geo.region\" content=\"Espa\u00f1a\" \/>\n<!-- \/ Yoast SEO Premium plugin. -->","yoast_head_json":{"title":"Seguros comerciales en Espa\u00f1a | G\u00f6ring Versicherungsmakler","robots":{"index":"index","follow":"follow","max-snippet":"max-snippet:-1","max-image-preview":"max-image-preview:large","max-video-preview":"max-video-preview:-1"},"canonical":"https:\/\/www.goring-online.com\/es\/seguros\/seguros-comerciales-en-espana\/","og_locale":"es_ES","og_type":"article","og_title":"Seguros comerciales en Espa\u00f1a","og_description":"\u00bfBusca un seguro comercial en Espa\u00f1a? G\u00f6ring Versicherungsmakler encontrar\u00e1 la oferta adecuada para usted y su empresa de las mejores compa\u00f1\u00edas de seguros. Nos aseguramos de que su empresa est\u00e9 igual de protegida con un seguro comercial en Espa\u00f1a que en Alemania.","og_url":"https:\/\/www.goring-online.com\/es\/seguros\/seguros-comerciales-en-espana\/","og_site_name":"G\u00f6ring Versicherungsmakler","article_modified_time":"2021-07-15T12:16:45+00:00","og_image":[{"width":400,"height":400,"url":"https:\/\/www.goring-online.com\/app\/uploads\/2018\/08\/gewerbeversicherung.jpg","type":"image\/jpeg"}],"twitter_card":"summary_large_image","twitter_misc":{"Est. reading time":"1 minute"},"schema":{"@context":"https:\/\/schema.org","@graph":[{"@type":"WebPage","@id":"https:\/\/www.goring-online.com\/es\/seguros\/seguros-comerciales-en-espana\/","url":"https:\/\/www.goring-online.com\/es\/seguros\/seguros-comerciales-en-espana\/","name":"Seguros comerciales en Espa\u00f1a | G\u00f6ring Versicherungsmakler","isPartOf":{"@id":"https:\/\/www.goring-online.com\/#website"},"primaryImageOfPage":{"@id":"https:\/\/www.goring-online.com\/es\/seguros\/seguros-comerciales-en-espana\/#primaryimage"},"image":{"@id":"https:\/\/www.goring-online.com\/es\/seguros\/seguros-comerciales-en-espana\/#primaryimage"},"thumbnailUrl":"https:\/\/www.goring-online.com\/app\/uploads\/2018\/08\/gewerbeversicherung.jpg","datePublished":"2021-07-15T07:57:40+00:00","dateModified":"2021-07-15T12:16:45+00:00","breadcrumb":{"@id":"https:\/\/www.goring-online.com\/es\/seguros\/seguros-comerciales-en-espana\/#breadcrumb"},"inLanguage":"es-ES","potentialAction":[{"@type":"ReadAction","target":["https:\/\/www.goring-online.com\/es\/seguros\/seguros-comerciales-en-espana\/"]}]},{"@type":"ImageObject","inLanguage":"es-ES","@id":"https:\/\/www.goring-online.com\/es\/seguros\/seguros-comerciales-en-espana\/#primaryimage","url":"https:\/\/www.goring-online.com\/app\/uploads\/2018\/08\/gewerbeversicherung.jpg","contentUrl":"https:\/\/www.goring-online.com\/app\/uploads\/2018\/08\/gewerbeversicherung.jpg","width":400,"height":400},{"@type":"BreadcrumbList","@id":"https:\/\/www.goring-online.com\/es\/seguros\/seguros-comerciales-en-espana\/#breadcrumb","itemListElement":[{"@type":"ListItem","position":1,"name":"Startseite","item":"https:\/\/www.goring-online.com\/es\/"},{"@type":"ListItem","position":2,"name":"Seguros","item":"https:\/\/www.goring-online.com\/es\/seguros\/"},{"@type":"ListItem","position":3,"name":"Seguros comerciales en Espa\u00f1a"}]},{"@type":"WebSite","@id":"https:\/\/www.goring-online.com\/#website","url":"https:\/\/www.goring-online.com\/","name":"G\u00f6ring Versicherungsmakler","description":"","publisher":{"@id":"https:\/\/www.goring-online.com\/#organization"},"potentialAction":[{"@type":"SearchAction","target":{"@type":"EntryPoint","urlTemplate":"https:\/\/www.goring-online.com\/?s={search_term_string}"},"query-input":{"@type":"PropertyValueSpecification","valueRequired":true,"valueName":"search_term_string"}}],"inLanguage":"es-ES"},{"@type":["Organization","Place","InsuranceAgency"],"@id":"https:\/\/www.goring-online.com\/#organization","name":"G\u00f6ring Versicherungsmakler","url":"https:\/\/www.goring-online.com\/","logo":{"@id":"https:\/\/www.goring-online.com\/es\/seguros\/seguros-comerciales-en-espana\/#local-main-organization-logo"},"image":{"@id":"https:\/\/www.goring-online.com\/es\/seguros\/seguros-comerciales-en-espana\/#local-main-organization-logo"},"address":{"@id":"https:\/\/www.goring-online.com\/es\/seguros\/seguros-comerciales-en-espana\/#local-main-place-address"},"telephone":["+34 96 588 92 71"],"openingHoursSpecification":[{"@type":"OpeningHoursSpecification","dayOfWeek":["Monday","Tuesday","Wednesday","Thursday","Friday"],"opens":"09:00","closes":"15:00"},{"@type":"OpeningHoursSpecification","dayOfWeek":["Saturday","Sunday"],"opens":"00:00","closes":"00:00"}],"email":"info@goring-online.com","vatID":"ESB54476999","taxID":"B54476999","currenciesAccepted":"\u20ac"},{"@type":"PostalAddress","@id":"https:\/\/www.goring-online.com\/es\/seguros\/seguros-comerciales-en-espana\/#local-main-place-address","streetAddress":"Calle Tabarca 40, 03580 - Alfaz del Pi","addressLocality":"Alfaz del Pi","postalCode":"03580","addressRegion":"Alicante","addressCountry":"ES"},{"@type":"ImageObject","inLanguage":"es-ES","@id":"https:\/\/www.goring-online.com\/es\/seguros\/seguros-comerciales-en-espana\/#local-main-organization-logo","url":"https:\/\/www.goring-online.com\/app\/uploads\/2020\/03\/logo-goring.png","contentUrl":"https:\/\/www.goring-online.com\/app\/uploads\/2020\/03\/logo-goring.png","width":216,"height":76,"caption":"G\u00f6ring Versicherungsmakler"}]},"geo.placename":"Alfaz del Pi","geo.region":"Espa\u00f1a"},"yoast_focus_keyword":"","yoast_seo_title":"","yoast_meta_description":"","_links":{"self":[{"href":"https:\/\/www.goring-online.com\/es\/wp-json\/wp\/v2\/pages\/11127","targetHints":{"allow":["GET"]}}],"collection":[{"href":"https:\/\/www.goring-online.com\/es\/wp-json\/wp\/v2\/pages"}],"about":[{"href":"https:\/\/www.goring-online.com\/es\/wp-json\/wp\/v2\/types\/page"}],"author":[{"embeddable":true,"href":"https:\/\/www.goring-online.com\/es\/wp-json\/wp\/v2\/users\/2"}],"replies":[{"embeddable":true,"href":"https:\/\/www.goring-online.com\/es\/wp-json\/wp\/v2\/comments?post=11127"}],"version-history":[{"count":0,"href":"https:\/\/www.goring-online.com\/es\/wp-json\/wp\/v2\/pages\/11127\/revisions"}],"up":[{"embeddable":true,"href":"https:\/\/www.goring-online.com\/es\/wp-json\/wp\/v2\/pages\/10985"}],"wp:featuredmedia":[{"embeddable":true,"href":"https:\/\/www.goring-online.com\/es\/wp-json\/wp\/v2\/media\/11132"}],"wp:attachment":[{"href":"https:\/\/www.goring-online.com\/es\/wp-json\/wp\/v2\/media?parent=11127"}],"curies":[{"name":"wp","href":"https:\/\/api.w.org\/{rel}","templated":true}]}}