{"id":11183,"date":"2021-07-15T11:14:40","date_gmt":"2021-07-15T09:14:40","guid":{"rendered":"https:\/\/www.goring-online.com\/?page_id=11183"},"modified":"2021-07-15T13:09:06","modified_gmt":"2021-07-15T11:09:06","slug":"por-supuesto","status":"publish","type":"page","link":"https:\/\/www.goring-online.com\/es\/seguros\/otros-seguros-espana\/por-supuesto\/","title":{"rendered":"Por supuesto"},"content":{"rendered":"<p>Los seguros para Espa\u00f1a seleccionados por G\u00f6ring Versicherungsmakler le ofrecen siempre las siguientes ventajas.<\/p>\n<ul>\n<li>Pol\u00edticas en alem\u00e1n: garant\u00eda de que no habr\u00e1 barreras ling\u00fc\u00edsticas<\/li>\n<li>Seguro en otros idiomas a petici\u00f3n, por ejemplo, ingl\u00e9s o franc\u00e9s<\/li>\n<li>Seguro en Espa\u00f1a a trav\u00e9s de una compa\u00f1\u00eda de seguros nacional e internacional<\/li>\n<li>Comparamos por usted, de forma independiente, r\u00e1pida y fiable, y le presentamos una oferta no vinculante de una compa\u00f1\u00eda de seguros de renombre<\/li>\n<li>Trabajamos de forma independiente y por ello podemos filtrar la mejor oferta de varias compa\u00f1\u00edas de seguros para usted<\/li>\n<li>El servicio es una prioridad para nosotros<\/li>\n<li>Somos expertos en seguros y sabemos qu\u00e9 debe contener su seguro para ofrecerle una protecci\u00f3n \u00f3ptima<\/li>\n<li>Se acab\u00f3 el hablar de servicios adicionales innecesarios. Su seguro se adapta a usted y, por tanto, es lo m\u00e1s rentable posible<\/li>\n<li>Se garantiza que no somos m\u00e1s caros que las aseguradoras directas, sino m\u00e1s neutrales<\/li>\n<li>\u00bfDesea una p\u00f3liza de seguro que a\u00fan no ha podido encontrar en nuestra p\u00e1gina web? S\u00f3lo tiene que rellenar el siguiente formulario y nosotros<\/li>\n<li>se encarga de todo lo dem\u00e1s. Nuestro personal se pondr\u00e1 en contacto con usted lo antes posible.<\/li>\n<\/ul>\n","protected":false},"excerpt":{"rendered":"<p>Los seguros para Espa\u00f1a seleccionados por G\u00f6ring Versicherungsmakler le ofrecen siempre las siguientes ventajas. Pol\u00edticas en alem\u00e1n: garant\u00eda de que no habr\u00e1 barreras ling\u00fc\u00edsticas Seguro en otros idiomas a petici\u00f3n, por ejemplo, ingl\u00e9s o franc\u00e9s Seguro en Espa\u00f1a a trav\u00e9s de una compa\u00f1\u00eda de seguros nacional e internacional Comparamos por usted, de forma independiente, r\u00e1pida &hellip;<\/p>\n","protected":false},"author":2,"featured_media":11181,"parent":11173,"menu_order":43,"comment_status":"open","ping_status":"open","template":"","meta":{"_yoast_wpseo_focuskw":"","_yoast_wpseo_title":"Otros seguros en Espa\u00f1a | G\u00f6ring Versicherungsmakler","_yoast_wpseo_metadesc":"Otros seguros para alemanes en Espa\u00f1a. \u2713Asesoramiento alem\u00e1n sobre su seguro in situ. \u2713Independiente \u2713Competente \u25ba \u00a1Ahorra hasta un 50%!","footnotes":""},"class_list":["post-11183","page","type-page","status-publish","has-post-thumbnail","hentry"],"yoast_head":"<!-- This site is optimized with the Yoast SEO Premium plugin v20.6 (Yoast SEO v27.4) - https:\/\/yoast.com\/product\/yoast-seo-premium-wordpress\/ -->\n<title>Otros seguros en Espa\u00f1a | G\u00f6ring Versicherungsmakler<\/title>\n<meta name=\"description\" content=\"Otros seguros para alemanes en Espa\u00f1a. \u2713Asesoramiento alem\u00e1n sobre su seguro in situ. \u2713Independiente \u2713Competente \u25ba \u00a1Ahorra hasta un 50%!\" \/>\n<meta name=\"robots\" content=\"noindex, follow\" \/>\n<meta property=\"og:locale\" content=\"es_ES\" \/>\n<meta property=\"og:type\" content=\"article\" \/>\n<meta property=\"og:title\" content=\"Por supuesto\" \/>\n<meta property=\"og:description\" content=\"Otros seguros para alemanes en Espa\u00f1a. \u2713Asesoramiento alem\u00e1n sobre su seguro in situ. \u2713Independiente \u2713Competente \u25ba \u00a1Ahorra hasta un 50%!\" \/>\n<meta property=\"og:url\" content=\"https:\/\/www.goring-online.com\/es\/seguros\/otros-seguros-espana\/por-supuesto\/\" \/>\n<meta property=\"og:site_name\" content=\"G\u00f6ring Versicherungsmakler\" \/>\n<meta property=\"article:modified_time\" content=\"2021-07-15T11:09:06+00:00\" \/>\n<meta property=\"og:image\" content=\"https:\/\/www.goring-online.com\/app\/uploads\/2015\/07\/400x400_Sonstige.jpg\" \/>\n\t<meta property=\"og:image:width\" content=\"400\" \/>\n\t<meta property=\"og:image:height\" content=\"400\" \/>\n\t<meta property=\"og:image:type\" content=\"image\/jpeg\" \/>\n<meta name=\"twitter:card\" content=\"summary_large_image\" \/>\n<meta name=\"twitter:label1\" content=\"Est. reading time\" \/>\n\t<meta name=\"twitter:data1\" content=\"1 minute\" \/>\n<script type=\"application\/ld+json\" class=\"yoast-schema-graph\">{\"@context\":\"https:\\\/\\\/schema.org\",\"@graph\":[{\"@type\":\"WebPage\",\"@id\":\"https:\\\/\\\/www.goring-online.com\\\/es\\\/seguros\\\/otros-seguros-espana\\\/por-supuesto\\\/\",\"url\":\"https:\\\/\\\/www.goring-online.com\\\/es\\\/seguros\\\/otros-seguros-espana\\\/por-supuesto\\\/\",\"name\":\"Otros seguros en Espa\u00f1a | G\u00f6ring Versicherungsmakler\",\"isPartOf\":{\"@id\":\"https:\\\/\\\/www.goring-online.com\\\/#website\"},\"primaryImageOfPage\":{\"@id\":\"https:\\\/\\\/www.goring-online.com\\\/es\\\/seguros\\\/otros-seguros-espana\\\/por-supuesto\\\/#primaryimage\"},\"image\":{\"@id\":\"https:\\\/\\\/www.goring-online.com\\\/es\\\/seguros\\\/otros-seguros-espana\\\/por-supuesto\\\/#primaryimage\"},\"thumbnailUrl\":\"https:\\\/\\\/www.goring-online.com\\\/app\\\/uploads\\\/2015\\\/07\\\/400x400_Sonstige.jpg\",\"datePublished\":\"2021-07-15T09:14:40+00:00\",\"dateModified\":\"2021-07-15T11:09:06+00:00\",\"description\":\"Otros seguros para alemanes en Espa\u00f1a. \u2713Asesoramiento alem\u00e1n sobre su seguro in situ. \u2713Independiente \u2713Competente \u25ba \u00a1Ahorra hasta un 50%!\",\"breadcrumb\":{\"@id\":\"https:\\\/\\\/www.goring-online.com\\\/es\\\/seguros\\\/otros-seguros-espana\\\/por-supuesto\\\/#breadcrumb\"},\"inLanguage\":\"es-ES\",\"potentialAction\":[{\"@type\":\"ReadAction\",\"target\":[\"https:\\\/\\\/www.goring-online.com\\\/es\\\/seguros\\\/otros-seguros-espana\\\/por-supuesto\\\/\"]}]},{\"@type\":\"ImageObject\",\"inLanguage\":\"es-ES\",\"@id\":\"https:\\\/\\\/www.goring-online.com\\\/es\\\/seguros\\\/otros-seguros-espana\\\/por-supuesto\\\/#primaryimage\",\"url\":\"https:\\\/\\\/www.goring-online.com\\\/app\\\/uploads\\\/2015\\\/07\\\/400x400_Sonstige.jpg\",\"contentUrl\":\"https:\\\/\\\/www.goring-online.com\\\/app\\\/uploads\\\/2015\\\/07\\\/400x400_Sonstige.jpg\",\"width\":400,\"height\":400},{\"@type\":\"BreadcrumbList\",\"@id\":\"https:\\\/\\\/www.goring-online.com\\\/es\\\/seguros\\\/otros-seguros-espana\\\/por-supuesto\\\/#breadcrumb\",\"itemListElement\":[{\"@type\":\"ListItem\",\"position\":1,\"name\":\"Startseite\",\"item\":\"https:\\\/\\\/www.goring-online.com\\\/es\\\/\"},{\"@type\":\"ListItem\",\"position\":2,\"name\":\"Seguros\",\"item\":\"https:\\\/\\\/www.goring-online.com\\\/es\\\/seguros\\\/\"},{\"@type\":\"ListItem\",\"position\":3,\"name\":\"Otros seguros Espa\u00f1a\",\"item\":\"https:\\\/\\\/www.goring-online.com\\\/es\\\/seguros\\\/otros-seguros-espana\\\/\"},{\"@type\":\"ListItem\",\"position\":4,\"name\":\"Por supuesto\"}]},{\"@type\":\"WebSite\",\"@id\":\"https:\\\/\\\/www.goring-online.com\\\/#website\",\"url\":\"https:\\\/\\\/www.goring-online.com\\\/\",\"name\":\"G\u00f6ring Versicherungsmakler\",\"description\":\"\",\"publisher\":{\"@id\":\"https:\\\/\\\/www.goring-online.com\\\/#organization\"},\"potentialAction\":[{\"@type\":\"SearchAction\",\"target\":{\"@type\":\"EntryPoint\",\"urlTemplate\":\"https:\\\/\\\/www.goring-online.com\\\/?s={search_term_string}\"},\"query-input\":{\"@type\":\"PropertyValueSpecification\",\"valueRequired\":true,\"valueName\":\"search_term_string\"}}],\"inLanguage\":\"es-ES\"},{\"@type\":[\"Organization\",\"Place\",\"InsuranceAgency\"],\"@id\":\"https:\\\/\\\/www.goring-online.com\\\/#organization\",\"name\":\"G\u00f6ring Versicherungsmakler\",\"url\":\"https:\\\/\\\/www.goring-online.com\\\/\",\"logo\":{\"@id\":\"https:\\\/\\\/www.goring-online.com\\\/es\\\/seguros\\\/otros-seguros-espana\\\/por-supuesto\\\/#local-main-organization-logo\"},\"image\":{\"@id\":\"https:\\\/\\\/www.goring-online.com\\\/es\\\/seguros\\\/otros-seguros-espana\\\/por-supuesto\\\/#local-main-organization-logo\"},\"address\":{\"@id\":\"https:\\\/\\\/www.goring-online.com\\\/es\\\/seguros\\\/otros-seguros-espana\\\/por-supuesto\\\/#local-main-place-address\"},\"telephone\":[\"+34 96 588 92 71\"],\"openingHoursSpecification\":[{\"@type\":\"OpeningHoursSpecification\",\"dayOfWeek\":[\"Monday\",\"Tuesday\",\"Wednesday\",\"Thursday\",\"Friday\"],\"opens\":\"09:00\",\"closes\":\"15:00\"},{\"@type\":\"OpeningHoursSpecification\",\"dayOfWeek\":[\"Saturday\",\"Sunday\"],\"opens\":\"00:00\",\"closes\":\"00:00\"}],\"email\":\"info@goring-online.com\",\"vatID\":\"ESB54476999\",\"taxID\":\"B54476999\",\"currenciesAccepted\":\"\u20ac\"},{\"@type\":\"PostalAddress\",\"@id\":\"https:\\\/\\\/www.goring-online.com\\\/es\\\/seguros\\\/otros-seguros-espana\\\/por-supuesto\\\/#local-main-place-address\",\"streetAddress\":\"Calle Tabarca 40, 03580 - Alfaz del Pi\",\"addressLocality\":\"Alfaz del Pi\",\"postalCode\":\"03580\",\"addressRegion\":\"Alicante\",\"addressCountry\":\"ES\"},{\"@type\":\"ImageObject\",\"inLanguage\":\"es-ES\",\"@id\":\"https:\\\/\\\/www.goring-online.com\\\/es\\\/seguros\\\/otros-seguros-espana\\\/por-supuesto\\\/#local-main-organization-logo\",\"url\":\"https:\\\/\\\/www.goring-online.com\\\/app\\\/uploads\\\/2020\\\/03\\\/logo-goring.png\",\"contentUrl\":\"https:\\\/\\\/www.goring-online.com\\\/app\\\/uploads\\\/2020\\\/03\\\/logo-goring.png\",\"width\":216,\"height\":76,\"caption\":\"G\u00f6ring Versicherungsmakler\"}]}<\/script>\n<meta name=\"geo.placename\" content=\"Alfaz del Pi\" \/>\n<meta name=\"geo.region\" content=\"Espa\u00f1a\" \/>\n<!-- \/ Yoast SEO Premium plugin. -->","yoast_head_json":{"title":"Otros seguros en Espa\u00f1a | G\u00f6ring Versicherungsmakler","description":"Otros seguros para alemanes en Espa\u00f1a. \u2713Asesoramiento alem\u00e1n sobre su seguro in situ. \u2713Independiente \u2713Competente \u25ba \u00a1Ahorra hasta un 50%!","robots":{"index":"noindex","follow":"follow"},"og_locale":"es_ES","og_type":"article","og_title":"Por supuesto","og_description":"Otros seguros para alemanes en Espa\u00f1a. \u2713Asesoramiento alem\u00e1n sobre su seguro in situ. \u2713Independiente \u2713Competente \u25ba \u00a1Ahorra hasta un 50%!","og_url":"https:\/\/www.goring-online.com\/es\/seguros\/otros-seguros-espana\/por-supuesto\/","og_site_name":"G\u00f6ring Versicherungsmakler","article_modified_time":"2021-07-15T11:09:06+00:00","og_image":[{"width":400,"height":400,"url":"https:\/\/www.goring-online.com\/app\/uploads\/2015\/07\/400x400_Sonstige.jpg","type":"image\/jpeg"}],"twitter_card":"summary_large_image","twitter_misc":{"Est. reading time":"1 minute"},"schema":{"@context":"https:\/\/schema.org","@graph":[{"@type":"WebPage","@id":"https:\/\/www.goring-online.com\/es\/seguros\/otros-seguros-espana\/por-supuesto\/","url":"https:\/\/www.goring-online.com\/es\/seguros\/otros-seguros-espana\/por-supuesto\/","name":"Otros seguros en Espa\u00f1a | G\u00f6ring Versicherungsmakler","isPartOf":{"@id":"https:\/\/www.goring-online.com\/#website"},"primaryImageOfPage":{"@id":"https:\/\/www.goring-online.com\/es\/seguros\/otros-seguros-espana\/por-supuesto\/#primaryimage"},"image":{"@id":"https:\/\/www.goring-online.com\/es\/seguros\/otros-seguros-espana\/por-supuesto\/#primaryimage"},"thumbnailUrl":"https:\/\/www.goring-online.com\/app\/uploads\/2015\/07\/400x400_Sonstige.jpg","datePublished":"2021-07-15T09:14:40+00:00","dateModified":"2021-07-15T11:09:06+00:00","description":"Otros seguros para alemanes en Espa\u00f1a. \u2713Asesoramiento alem\u00e1n sobre su seguro in situ. \u2713Independiente \u2713Competente \u25ba \u00a1Ahorra hasta un 50%!","breadcrumb":{"@id":"https:\/\/www.goring-online.com\/es\/seguros\/otros-seguros-espana\/por-supuesto\/#breadcrumb"},"inLanguage":"es-ES","potentialAction":[{"@type":"ReadAction","target":["https:\/\/www.goring-online.com\/es\/seguros\/otros-seguros-espana\/por-supuesto\/"]}]},{"@type":"ImageObject","inLanguage":"es-ES","@id":"https:\/\/www.goring-online.com\/es\/seguros\/otros-seguros-espana\/por-supuesto\/#primaryimage","url":"https:\/\/www.goring-online.com\/app\/uploads\/2015\/07\/400x400_Sonstige.jpg","contentUrl":"https:\/\/www.goring-online.com\/app\/uploads\/2015\/07\/400x400_Sonstige.jpg","width":400,"height":400},{"@type":"BreadcrumbList","@id":"https:\/\/www.goring-online.com\/es\/seguros\/otros-seguros-espana\/por-supuesto\/#breadcrumb","itemListElement":[{"@type":"ListItem","position":1,"name":"Startseite","item":"https:\/\/www.goring-online.com\/es\/"},{"@type":"ListItem","position":2,"name":"Seguros","item":"https:\/\/www.goring-online.com\/es\/seguros\/"},{"@type":"ListItem","position":3,"name":"Otros seguros Espa\u00f1a","item":"https:\/\/www.goring-online.com\/es\/seguros\/otros-seguros-espana\/"},{"@type":"ListItem","position":4,"name":"Por supuesto"}]},{"@type":"WebSite","@id":"https:\/\/www.goring-online.com\/#website","url":"https:\/\/www.goring-online.com\/","name":"G\u00f6ring Versicherungsmakler","description":"","publisher":{"@id":"https:\/\/www.goring-online.com\/#organization"},"potentialAction":[{"@type":"SearchAction","target":{"@type":"EntryPoint","urlTemplate":"https:\/\/www.goring-online.com\/?s={search_term_string}"},"query-input":{"@type":"PropertyValueSpecification","valueRequired":true,"valueName":"search_term_string"}}],"inLanguage":"es-ES"},{"@type":["Organization","Place","InsuranceAgency"],"@id":"https:\/\/www.goring-online.com\/#organization","name":"G\u00f6ring Versicherungsmakler","url":"https:\/\/www.goring-online.com\/","logo":{"@id":"https:\/\/www.goring-online.com\/es\/seguros\/otros-seguros-espana\/por-supuesto\/#local-main-organization-logo"},"image":{"@id":"https:\/\/www.goring-online.com\/es\/seguros\/otros-seguros-espana\/por-supuesto\/#local-main-organization-logo"},"address":{"@id":"https:\/\/www.goring-online.com\/es\/seguros\/otros-seguros-espana\/por-supuesto\/#local-main-place-address"},"telephone":["+34 96 588 92 71"],"openingHoursSpecification":[{"@type":"OpeningHoursSpecification","dayOfWeek":["Monday","Tuesday","Wednesday","Thursday","Friday"],"opens":"09:00","closes":"15:00"},{"@type":"OpeningHoursSpecification","dayOfWeek":["Saturday","Sunday"],"opens":"00:00","closes":"00:00"}],"email":"info@goring-online.com","vatID":"ESB54476999","taxID":"B54476999","currenciesAccepted":"\u20ac"},{"@type":"PostalAddress","@id":"https:\/\/www.goring-online.com\/es\/seguros\/otros-seguros-espana\/por-supuesto\/#local-main-place-address","streetAddress":"Calle Tabarca 40, 03580 - Alfaz del Pi","addressLocality":"Alfaz del Pi","postalCode":"03580","addressRegion":"Alicante","addressCountry":"ES"},{"@type":"ImageObject","inLanguage":"es-ES","@id":"https:\/\/www.goring-online.com\/es\/seguros\/otros-seguros-espana\/por-supuesto\/#local-main-organization-logo","url":"https:\/\/www.goring-online.com\/app\/uploads\/2020\/03\/logo-goring.png","contentUrl":"https:\/\/www.goring-online.com\/app\/uploads\/2020\/03\/logo-goring.png","width":216,"height":76,"caption":"G\u00f6ring Versicherungsmakler"}]},"geo.placename":"Alfaz del Pi","geo.region":"Espa\u00f1a"},"yoast_focus_keyword":"","yoast_seo_title":"Otros seguros en Espa\u00f1a | G\u00f6ring Versicherungsmakler","yoast_meta_description":"Otros seguros para alemanes en Espa\u00f1a. \u2713Asesoramiento alem\u00e1n sobre su seguro in situ. \u2713Independiente \u2713Competente \u25ba \u00a1Ahorra hasta un 50%!","_links":{"self":[{"href":"https:\/\/www.goring-online.com\/es\/wp-json\/wp\/v2\/pages\/11183","targetHints":{"allow":["GET"]}}],"collection":[{"href":"https:\/\/www.goring-online.com\/es\/wp-json\/wp\/v2\/pages"}],"about":[{"href":"https:\/\/www.goring-online.com\/es\/wp-json\/wp\/v2\/types\/page"}],"author":[{"embeddable":true,"href":"https:\/\/www.goring-online.com\/es\/wp-json\/wp\/v2\/users\/2"}],"replies":[{"embeddable":true,"href":"https:\/\/www.goring-online.com\/es\/wp-json\/wp\/v2\/comments?post=11183"}],"version-history":[{"count":0,"href":"https:\/\/www.goring-online.com\/es\/wp-json\/wp\/v2\/pages\/11183\/revisions"}],"up":[{"embeddable":true,"href":"https:\/\/www.goring-online.com\/es\/wp-json\/wp\/v2\/pages\/11173"}],"wp:featuredmedia":[{"embeddable":true,"href":"https:\/\/www.goring-online.com\/es\/wp-json\/wp\/v2\/media\/11181"}],"wp:attachment":[{"href":"https:\/\/www.goring-online.com\/es\/wp-json\/wp\/v2\/media?parent=11183"}],"curies":[{"name":"wp","href":"https:\/\/api.w.org\/{rel}","templated":true}]}}