{"id":15879,"date":"2023-06-20T16:23:26","date_gmt":"2023-06-20T14:23:26","guid":{"rendered":"https:\/\/www.goring-online.com\/possibilites-dassurance-2\/"},"modified":"2023-06-23T17:26:53","modified_gmt":"2023-06-23T15:26:53","slug":"possibilites-dassurance-2","status":"publish","type":"page","link":"https:\/\/www.goring-online.com\/fr\/assurances\/assurance-des-yachts-et-des-bateaux-en-espagne\/possibilites-dassurance-2\/","title":{"rendered":"Possibilit\u00e9s d&#8217;assurance"},"content":{"rendered":"<p>Avec nos polices personnalis\u00e9es, tu b\u00e9n\u00e9ficies des avantages suivants :<\/p>\n<ul>\n<li>Assurance responsabilit\u00e9 civile obligatoire et facultative<\/li>\n<li>En option, tu peux aussi souscrire une assurance casco partielle ou m\u00eame une assurance casco compl\u00e8te \u00e9galement avec des clauses anglaises<\/li>\n<li>Sauvetage en mer, r\u00e9cup\u00e9ration d&#8217;\u00e9pave, protection juridique, assurance accident<\/li>\n<li>Prise en charge des frais en cas de dommages sur le bateau, y compris :\n<ul>\n<li>Dommages sur le bateau<\/li>\n<li>au moteur<\/li>\n<li>sur la coque<\/li>\n<li>sur les voiles<\/li>\n<li>sur les m\u00e2ts<\/li>\n<li>sur les annexes<\/li>\n<li>sur les remorques<\/li>\n<li>Au mobilier ou aux objets personnels<\/li>\n<\/ul>\n<\/li>\n<\/ul>\n","protected":false},"excerpt":{"rendered":"<p>Avec nos polices personnalis\u00e9es, tu b\u00e9n\u00e9ficies des avantages suivants : Assurance responsabilit\u00e9 civile obligatoire et facultative En option, tu peux aussi souscrire une assurance casco partielle ou m\u00eame une assurance casco compl\u00e8te \u00e9galement avec des clauses anglaises Sauvetage en mer, r\u00e9cup\u00e9ration d&#8217;\u00e9pave, protection juridique, assurance accident Prise en charge des frais en cas de dommages &hellip;<\/p>\n","protected":false},"author":2,"featured_media":15828,"parent":16209,"menu_order":22,"comment_status":"open","ping_status":"open","template":"","meta":{"_yoast_wpseo_focuskw":"","_yoast_wpseo_title":"Assurance de yacht et de bateau en Espagne | G\u00f6ring Versicherungsmakler","_yoast_wpseo_metadesc":"Assurance de yacht et de bateau pour les Allemands en Espagne. \u2713Conseils allemands pour ton assurance bateau sur place. \u2713Ind\u00e9pendant \u2713Comp\u00e9tent \u25ba Economise jusqu'\u00e0 50% !","footnotes":""},"class_list":["post-15879","page","type-page","status-publish","has-post-thumbnail","hentry"],"yoast_head":"<!-- This site is optimized with the Yoast SEO Premium plugin v20.6 (Yoast SEO v27.4) - https:\/\/yoast.com\/product\/yoast-seo-premium-wordpress\/ -->\n<title>Assurance de yacht et de bateau en Espagne | G\u00f6ring Versicherungsmakler<\/title>\n<meta name=\"description\" content=\"Assurance de yacht et de bateau pour les Allemands en Espagne. \u2713Conseils allemands pour ton assurance bateau sur place. \u2713Ind\u00e9pendant \u2713Comp\u00e9tent \u25ba Economise jusqu&#039;\u00e0 50% !\" \/>\n<meta name=\"robots\" content=\"noindex, follow\" \/>\n<meta property=\"og:locale\" content=\"fr_FR\" \/>\n<meta property=\"og:type\" content=\"article\" \/>\n<meta property=\"og:title\" content=\"Possibilit\u00e9s d&#039;assurance\" \/>\n<meta property=\"og:description\" content=\"Assurance de yacht et de bateau pour les Allemands en Espagne. \u2713Conseils allemands pour ton assurance bateau sur place. \u2713Ind\u00e9pendant \u2713Comp\u00e9tent \u25ba Economise jusqu&#039;\u00e0 50% !\" \/>\n<meta property=\"og:url\" content=\"https:\/\/www.goring-online.com\/versicherungen\/yacht-und-bootsversicherung-in-spanien\/versicherungsmoeglichkeiten\/\" \/>\n<meta property=\"og:site_name\" content=\"G\u00f6ring Versicherungsmakler\" \/>\n<meta property=\"article:modified_time\" content=\"2023-06-23T15:26:53+00:00\" \/>\n<meta property=\"og:image\" content=\"https:\/\/www.goring-online.com\/app\/uploads\/2018\/08\/yacht-boots-versicherung.jpg\" \/>\n\t<meta property=\"og:image:width\" content=\"400\" \/>\n\t<meta property=\"og:image:height\" content=\"400\" \/>\n\t<meta property=\"og:image:type\" content=\"image\/jpeg\" \/>\n<meta name=\"twitter:card\" content=\"summary_large_image\" \/>\n<meta name=\"twitter:label1\" content=\"Est. reading time\" \/>\n\t<meta name=\"twitter:data1\" content=\"1 minute\" \/>\n<script type=\"application\/ld+json\" class=\"yoast-schema-graph\">{\"@context\":\"https:\\\/\\\/schema.org\",\"@graph\":[{\"@type\":\"WebPage\",\"@id\":\"https:\\\/\\\/www.goring-online.com\\\/versicherungen\\\/yacht-und-bootsversicherung-in-spanien\\\/versicherungsmoeglichkeiten\\\/\",\"url\":\"https:\\\/\\\/www.goring-online.com\\\/versicherungen\\\/yacht-und-bootsversicherung-in-spanien\\\/versicherungsmoeglichkeiten\\\/\",\"name\":\"Assurance de yacht et de bateau en Espagne | G\u00f6ring Versicherungsmakler\",\"isPartOf\":{\"@id\":\"https:\\\/\\\/www.goring-online.com\\\/#website\"},\"primaryImageOfPage\":{\"@id\":\"https:\\\/\\\/www.goring-online.com\\\/versicherungen\\\/yacht-und-bootsversicherung-in-spanien\\\/versicherungsmoeglichkeiten\\\/#primaryimage\"},\"image\":{\"@id\":\"https:\\\/\\\/www.goring-online.com\\\/versicherungen\\\/yacht-und-bootsversicherung-in-spanien\\\/versicherungsmoeglichkeiten\\\/#primaryimage\"},\"thumbnailUrl\":\"https:\\\/\\\/www.goring-online.com\\\/app\\\/uploads\\\/2018\\\/08\\\/yacht-boots-versicherung.jpg\",\"datePublished\":\"2023-06-20T14:23:26+00:00\",\"dateModified\":\"2023-06-23T15:26:53+00:00\",\"description\":\"Assurance de yacht et de bateau pour les Allemands en Espagne. \u2713Conseils allemands pour ton assurance bateau sur place. \u2713Ind\u00e9pendant \u2713Comp\u00e9tent \u25ba Economise jusqu'\u00e0 50% !\",\"breadcrumb\":{\"@id\":\"https:\\\/\\\/www.goring-online.com\\\/versicherungen\\\/yacht-und-bootsversicherung-in-spanien\\\/versicherungsmoeglichkeiten\\\/#breadcrumb\"},\"inLanguage\":\"fr-FR\",\"potentialAction\":[{\"@type\":\"ReadAction\",\"target\":[\"https:\\\/\\\/www.goring-online.com\\\/versicherungen\\\/yacht-und-bootsversicherung-in-spanien\\\/versicherungsmoeglichkeiten\\\/\"]}]},{\"@type\":\"ImageObject\",\"inLanguage\":\"fr-FR\",\"@id\":\"https:\\\/\\\/www.goring-online.com\\\/versicherungen\\\/yacht-und-bootsversicherung-in-spanien\\\/versicherungsmoeglichkeiten\\\/#primaryimage\",\"url\":\"https:\\\/\\\/www.goring-online.com\\\/app\\\/uploads\\\/2018\\\/08\\\/yacht-boots-versicherung.jpg\",\"contentUrl\":\"https:\\\/\\\/www.goring-online.com\\\/app\\\/uploads\\\/2018\\\/08\\\/yacht-boots-versicherung.jpg\",\"width\":400,\"height\":400},{\"@type\":\"BreadcrumbList\",\"@id\":\"https:\\\/\\\/www.goring-online.com\\\/versicherungen\\\/yacht-und-bootsversicherung-in-spanien\\\/versicherungsmoeglichkeiten\\\/#breadcrumb\",\"itemListElement\":[{\"@type\":\"ListItem\",\"position\":1,\"name\":\"Startseite\",\"item\":\"https:\\\/\\\/www.goring-online.com\\\/fr\\\/\"},{\"@type\":\"ListItem\",\"position\":2,\"name\":\"Assurances\",\"item\":\"https:\\\/\\\/www.goring-online.com\\\/fr\\\/assurances\\\/\"},{\"@type\":\"ListItem\",\"position\":3,\"name\":\"Assurance des yachts et des bateaux en Espagne\",\"item\":\"https:\\\/\\\/www.goring-online.com\\\/fr\\\/assurances\\\/assurance-des-yachts-et-des-bateaux-en-espagne\\\/\"},{\"@type\":\"ListItem\",\"position\":4,\"name\":\"Possibilit\u00e9s d&#8217;assurance\"}]},{\"@type\":\"WebSite\",\"@id\":\"https:\\\/\\\/www.goring-online.com\\\/#website\",\"url\":\"https:\\\/\\\/www.goring-online.com\\\/\",\"name\":\"G\u00f6ring Versicherungsmakler\",\"description\":\"\",\"publisher\":{\"@id\":\"https:\\\/\\\/www.goring-online.com\\\/#organization\"},\"potentialAction\":[{\"@type\":\"SearchAction\",\"target\":{\"@type\":\"EntryPoint\",\"urlTemplate\":\"https:\\\/\\\/www.goring-online.com\\\/?s={search_term_string}\"},\"query-input\":{\"@type\":\"PropertyValueSpecification\",\"valueRequired\":true,\"valueName\":\"search_term_string\"}}],\"inLanguage\":\"fr-FR\"},{\"@type\":[\"Organization\",\"Place\",\"InsuranceAgency\"],\"@id\":\"https:\\\/\\\/www.goring-online.com\\\/#organization\",\"name\":\"G\u00f6ring Versicherungsmakler\",\"url\":\"https:\\\/\\\/www.goring-online.com\\\/\",\"logo\":{\"@id\":\"https:\\\/\\\/www.goring-online.com\\\/versicherungen\\\/yacht-und-bootsversicherung-in-spanien\\\/versicherungsmoeglichkeiten\\\/#local-main-organization-logo\"},\"image\":{\"@id\":\"https:\\\/\\\/www.goring-online.com\\\/versicherungen\\\/yacht-und-bootsversicherung-in-spanien\\\/versicherungsmoeglichkeiten\\\/#local-main-organization-logo\"},\"address\":{\"@id\":\"https:\\\/\\\/www.goring-online.com\\\/versicherungen\\\/yacht-und-bootsversicherung-in-spanien\\\/versicherungsmoeglichkeiten\\\/#local-main-place-address\"},\"telephone\":[\"+34 96 588 92 71\"],\"openingHoursSpecification\":[{\"@type\":\"OpeningHoursSpecification\",\"dayOfWeek\":[\"Monday\",\"Tuesday\",\"Wednesday\",\"Thursday\",\"Friday\"],\"opens\":\"09:00\",\"closes\":\"15:00\"},{\"@type\":\"OpeningHoursSpecification\",\"dayOfWeek\":[\"Saturday\",\"Sunday\"],\"opens\":\"00:00\",\"closes\":\"00:00\"}],\"email\":\"info@goring-online.com\",\"vatID\":\"ESB54476999\",\"taxID\":\"B54476999\",\"currenciesAccepted\":\"\u20ac\"},{\"@type\":\"PostalAddress\",\"@id\":\"https:\\\/\\\/www.goring-online.com\\\/versicherungen\\\/yacht-und-bootsversicherung-in-spanien\\\/versicherungsmoeglichkeiten\\\/#local-main-place-address\",\"streetAddress\":\"Calle Tabarca 40, 03580 - Alfaz del Pi\",\"addressLocality\":\"Alfaz del Pi\",\"postalCode\":\"03580\",\"addressRegion\":\"Alicante\",\"addressCountry\":\"ES\"},{\"@type\":\"ImageObject\",\"inLanguage\":\"fr-FR\",\"@id\":\"https:\\\/\\\/www.goring-online.com\\\/versicherungen\\\/yacht-und-bootsversicherung-in-spanien\\\/versicherungsmoeglichkeiten\\\/#local-main-organization-logo\",\"url\":\"https:\\\/\\\/www.goring-online.com\\\/app\\\/uploads\\\/2020\\\/03\\\/logo-goring.png\",\"contentUrl\":\"https:\\\/\\\/www.goring-online.com\\\/app\\\/uploads\\\/2020\\\/03\\\/logo-goring.png\",\"width\":216,\"height\":76,\"caption\":\"G\u00f6ring Versicherungsmakler\"}]}<\/script>\n<meta name=\"geo.placename\" content=\"Alfaz del Pi\" \/>\n<meta name=\"geo.region\" content=\"Espagne\" \/>\n<!-- \/ Yoast SEO Premium plugin. -->","yoast_head_json":{"title":"Assurance de yacht et de bateau en Espagne | G\u00f6ring Versicherungsmakler","description":"Assurance de yacht et de bateau pour les Allemands en Espagne. \u2713Conseils allemands pour ton assurance bateau sur place. \u2713Ind\u00e9pendant \u2713Comp\u00e9tent \u25ba Economise jusqu'\u00e0 50% !","robots":{"index":"noindex","follow":"follow"},"og_locale":"fr_FR","og_type":"article","og_title":"Possibilit\u00e9s d'assurance","og_description":"Assurance de yacht et de bateau pour les Allemands en Espagne. \u2713Conseils allemands pour ton assurance bateau sur place. \u2713Ind\u00e9pendant \u2713Comp\u00e9tent \u25ba Economise jusqu'\u00e0 50% !","og_url":"https:\/\/www.goring-online.com\/versicherungen\/yacht-und-bootsversicherung-in-spanien\/versicherungsmoeglichkeiten\/","og_site_name":"G\u00f6ring Versicherungsmakler","article_modified_time":"2023-06-23T15:26:53+00:00","og_image":[{"width":400,"height":400,"url":"https:\/\/www.goring-online.com\/app\/uploads\/2018\/08\/yacht-boots-versicherung.jpg","type":"image\/jpeg"}],"twitter_card":"summary_large_image","twitter_misc":{"Est. reading time":"1 minute"},"schema":{"@context":"https:\/\/schema.org","@graph":[{"@type":"WebPage","@id":"https:\/\/www.goring-online.com\/versicherungen\/yacht-und-bootsversicherung-in-spanien\/versicherungsmoeglichkeiten\/","url":"https:\/\/www.goring-online.com\/versicherungen\/yacht-und-bootsversicherung-in-spanien\/versicherungsmoeglichkeiten\/","name":"Assurance de yacht et de bateau en Espagne | G\u00f6ring Versicherungsmakler","isPartOf":{"@id":"https:\/\/www.goring-online.com\/#website"},"primaryImageOfPage":{"@id":"https:\/\/www.goring-online.com\/versicherungen\/yacht-und-bootsversicherung-in-spanien\/versicherungsmoeglichkeiten\/#primaryimage"},"image":{"@id":"https:\/\/www.goring-online.com\/versicherungen\/yacht-und-bootsversicherung-in-spanien\/versicherungsmoeglichkeiten\/#primaryimage"},"thumbnailUrl":"https:\/\/www.goring-online.com\/app\/uploads\/2018\/08\/yacht-boots-versicherung.jpg","datePublished":"2023-06-20T14:23:26+00:00","dateModified":"2023-06-23T15:26:53+00:00","description":"Assurance de yacht et de bateau pour les Allemands en Espagne. \u2713Conseils allemands pour ton assurance bateau sur place. \u2713Ind\u00e9pendant \u2713Comp\u00e9tent \u25ba Economise jusqu'\u00e0 50% !","breadcrumb":{"@id":"https:\/\/www.goring-online.com\/versicherungen\/yacht-und-bootsversicherung-in-spanien\/versicherungsmoeglichkeiten\/#breadcrumb"},"inLanguage":"fr-FR","potentialAction":[{"@type":"ReadAction","target":["https:\/\/www.goring-online.com\/versicherungen\/yacht-und-bootsversicherung-in-spanien\/versicherungsmoeglichkeiten\/"]}]},{"@type":"ImageObject","inLanguage":"fr-FR","@id":"https:\/\/www.goring-online.com\/versicherungen\/yacht-und-bootsversicherung-in-spanien\/versicherungsmoeglichkeiten\/#primaryimage","url":"https:\/\/www.goring-online.com\/app\/uploads\/2018\/08\/yacht-boots-versicherung.jpg","contentUrl":"https:\/\/www.goring-online.com\/app\/uploads\/2018\/08\/yacht-boots-versicherung.jpg","width":400,"height":400},{"@type":"BreadcrumbList","@id":"https:\/\/www.goring-online.com\/versicherungen\/yacht-und-bootsversicherung-in-spanien\/versicherungsmoeglichkeiten\/#breadcrumb","itemListElement":[{"@type":"ListItem","position":1,"name":"Startseite","item":"https:\/\/www.goring-online.com\/fr\/"},{"@type":"ListItem","position":2,"name":"Assurances","item":"https:\/\/www.goring-online.com\/fr\/assurances\/"},{"@type":"ListItem","position":3,"name":"Assurance des yachts et des bateaux en Espagne","item":"https:\/\/www.goring-online.com\/fr\/assurances\/assurance-des-yachts-et-des-bateaux-en-espagne\/"},{"@type":"ListItem","position":4,"name":"Possibilit\u00e9s d&#8217;assurance"}]},{"@type":"WebSite","@id":"https:\/\/www.goring-online.com\/#website","url":"https:\/\/www.goring-online.com\/","name":"G\u00f6ring Versicherungsmakler","description":"","publisher":{"@id":"https:\/\/www.goring-online.com\/#organization"},"potentialAction":[{"@type":"SearchAction","target":{"@type":"EntryPoint","urlTemplate":"https:\/\/www.goring-online.com\/?s={search_term_string}"},"query-input":{"@type":"PropertyValueSpecification","valueRequired":true,"valueName":"search_term_string"}}],"inLanguage":"fr-FR"},{"@type":["Organization","Place","InsuranceAgency"],"@id":"https:\/\/www.goring-online.com\/#organization","name":"G\u00f6ring Versicherungsmakler","url":"https:\/\/www.goring-online.com\/","logo":{"@id":"https:\/\/www.goring-online.com\/versicherungen\/yacht-und-bootsversicherung-in-spanien\/versicherungsmoeglichkeiten\/#local-main-organization-logo"},"image":{"@id":"https:\/\/www.goring-online.com\/versicherungen\/yacht-und-bootsversicherung-in-spanien\/versicherungsmoeglichkeiten\/#local-main-organization-logo"},"address":{"@id":"https:\/\/www.goring-online.com\/versicherungen\/yacht-und-bootsversicherung-in-spanien\/versicherungsmoeglichkeiten\/#local-main-place-address"},"telephone":["+34 96 588 92 71"],"openingHoursSpecification":[{"@type":"OpeningHoursSpecification","dayOfWeek":["Monday","Tuesday","Wednesday","Thursday","Friday"],"opens":"09:00","closes":"15:00"},{"@type":"OpeningHoursSpecification","dayOfWeek":["Saturday","Sunday"],"opens":"00:00","closes":"00:00"}],"email":"info@goring-online.com","vatID":"ESB54476999","taxID":"B54476999","currenciesAccepted":"\u20ac"},{"@type":"PostalAddress","@id":"https:\/\/www.goring-online.com\/versicherungen\/yacht-und-bootsversicherung-in-spanien\/versicherungsmoeglichkeiten\/#local-main-place-address","streetAddress":"Calle Tabarca 40, 03580 - Alfaz del Pi","addressLocality":"Alfaz del Pi","postalCode":"03580","addressRegion":"Alicante","addressCountry":"ES"},{"@type":"ImageObject","inLanguage":"fr-FR","@id":"https:\/\/www.goring-online.com\/versicherungen\/yacht-und-bootsversicherung-in-spanien\/versicherungsmoeglichkeiten\/#local-main-organization-logo","url":"https:\/\/www.goring-online.com\/app\/uploads\/2020\/03\/logo-goring.png","contentUrl":"https:\/\/www.goring-online.com\/app\/uploads\/2020\/03\/logo-goring.png","width":216,"height":76,"caption":"G\u00f6ring Versicherungsmakler"}]},"geo.placename":"Alfaz del Pi","geo.region":"Espagne"},"yoast_focus_keyword":"","yoast_seo_title":"Assurance de yacht et de bateau en Espagne | G\u00f6ring Versicherungsmakler","yoast_meta_description":"Assurance de yacht et de bateau pour les Allemands en Espagne. \u2713Conseils allemands pour ton assurance bateau sur place. \u2713Ind\u00e9pendant \u2713Comp\u00e9tent \u25ba Economise jusqu'\u00e0 50% !","_links":{"self":[{"href":"https:\/\/www.goring-online.com\/fr\/wp-json\/wp\/v2\/pages\/15879","targetHints":{"allow":["GET"]}}],"collection":[{"href":"https:\/\/www.goring-online.com\/fr\/wp-json\/wp\/v2\/pages"}],"about":[{"href":"https:\/\/www.goring-online.com\/fr\/wp-json\/wp\/v2\/types\/page"}],"author":[{"embeddable":true,"href":"https:\/\/www.goring-online.com\/fr\/wp-json\/wp\/v2\/users\/2"}],"replies":[{"embeddable":true,"href":"https:\/\/www.goring-online.com\/fr\/wp-json\/wp\/v2\/comments?post=15879"}],"version-history":[{"count":3,"href":"https:\/\/www.goring-online.com\/fr\/wp-json\/wp\/v2\/pages\/15879\/revisions"}],"predecessor-version":[{"id":16311,"href":"https:\/\/www.goring-online.com\/fr\/wp-json\/wp\/v2\/pages\/15879\/revisions\/16311"}],"up":[{"embeddable":true,"href":"https:\/\/www.goring-online.com\/fr\/wp-json\/wp\/v2\/pages\/16209"}],"wp:featuredmedia":[{"embeddable":true,"href":"https:\/\/www.goring-online.com\/fr\/wp-json\/wp\/v2\/media\/15828"}],"wp:attachment":[{"href":"https:\/\/www.goring-online.com\/fr\/wp-json\/wp\/v2\/media?parent=15879"}],"curies":[{"name":"wp","href":"https:\/\/api.w.org\/{rel}","templated":true}]}}