{"id":15882,"date":"2023-06-20T16:25:03","date_gmt":"2023-06-20T14:25:03","guid":{"rendered":"https:\/\/www.goring-online.com\/bien-sur\/"},"modified":"2023-06-20T16:28:54","modified_gmt":"2023-06-20T14:28:54","slug":"bien-sur","status":"publish","type":"page","link":"https:\/\/www.goring-online.com\/fr\/assurances\/autres-assurances-espagne\/bien-sur\/","title":{"rendered":"Bien s\u00fbr"},"content":{"rendered":"<p>Les assurances s\u00e9lectionn\u00e9es par G\u00f6ring Versicherungsmakler pour l&#8217;Espagne t&#8217;offrent toujours les avantages suivants.<\/p>\n<ul>\n<li>Politiques en fran\u00e7ais &#8211; aucune barri\u00e8re linguistique garantie<\/li>\n<li>Assurances dans d&#8217;autres langues, par exemple en anglais ou en fran\u00e7ais, sur demande<\/li>\n<li>Assurance en Espagne par une assurance agissant au niveau national et international<\/li>\n<li>Nous comparons pour toi &#8211; de mani\u00e8re ind\u00e9pendante, rapide et fiable &#8211; et nous te pr\u00e9sentons ensuite une offre sans engagement d&#8217;une assurance renomm\u00e9e<\/li>\n<li>Nous travaillons de mani\u00e8re ind\u00e9pendante et pouvons donc te filtrer la meilleure offre de diff\u00e9rentes assurances<\/li>\n<li>Le service est une priorit\u00e9 pour nous<\/li>\n<li>Nous sommes des experts en assurance et nous savons quel doit \u00eatre le contenu de ton assurance pour te prot\u00e9ger de mani\u00e8re optimale<\/li>\n<li>Pas de services suppl\u00e9mentaires inutiles. Ton assurance est adapt\u00e9e \u00e0 tes besoins et est donc aussi \u00e9conomique que possible<\/li>\n<li>Nous sommes garantis de ne pas \u00eatre plus chers que les assureurs directs, mais plus neutres<\/li>\n<li>Tu souhaites une assurance que tu n&#8217;as pas encore trouv\u00e9e sur notre site ? Remplis simplement le formulaire ci-dessous et nous<\/li>\n<li>Nous nous occupons de tout le reste. Nos collaborateurs te contacteront rapidement. <\/li>\n<\/ul>\n","protected":false},"excerpt":{"rendered":"<p>Les assurances s\u00e9lectionn\u00e9es par G\u00f6ring Versicherungsmakler pour l&#8217;Espagne t&#8217;offrent toujours les avantages suivants. Politiques en fran\u00e7ais &#8211; aucune barri\u00e8re linguistique garantie Assurances dans d&#8217;autres langues, par exemple en anglais ou en fran\u00e7ais, sur demande Assurance en Espagne par une assurance agissant au niveau national et international Nous comparons pour toi &#8211; de mani\u00e8re ind\u00e9pendante, rapide &hellip;<\/p>\n","protected":false},"author":2,"featured_media":15514,"parent":16194,"menu_order":43,"comment_status":"open","ping_status":"open","template":"","meta":{"_yoast_wpseo_focuskw":"","_yoast_wpseo_title":"Autres assurances en Espagne | G\u00f6ring Versicherungsmakler","_yoast_wpseo_metadesc":"Autres assurances pour les Allemands en Espagne. \u2713Conseil allemand pour ton assurance sur place. \u2713Ind\u00e9pendant \u2713Comp\u00e9tent \u25ba Economise jusqu'\u00e0 50% !","footnotes":""},"class_list":["post-15882","page","type-page","status-publish","has-post-thumbnail","hentry"],"yoast_head":"<!-- This site is optimized with the Yoast SEO Premium plugin v20.6 (Yoast SEO v27.4) - https:\/\/yoast.com\/product\/yoast-seo-premium-wordpress\/ -->\n<title>Autres assurances en Espagne | G\u00f6ring Versicherungsmakler<\/title>\n<meta name=\"description\" content=\"Autres assurances pour les Allemands en Espagne. \u2713Conseil allemand pour ton assurance sur place. \u2713Ind\u00e9pendant \u2713Comp\u00e9tent \u25ba Economise jusqu&#039;\u00e0 50% !\" \/>\n<meta name=\"robots\" content=\"noindex, follow\" \/>\n<meta property=\"og:locale\" content=\"fr_FR\" \/>\n<meta property=\"og:type\" content=\"article\" \/>\n<meta property=\"og:title\" content=\"Bien s\u00fbr\" \/>\n<meta property=\"og:description\" content=\"Autres assurances pour les Allemands en Espagne. \u2713Conseil allemand pour ton assurance sur place. \u2713Ind\u00e9pendant \u2713Comp\u00e9tent \u25ba Economise jusqu&#039;\u00e0 50% !\" \/>\n<meta property=\"og:url\" content=\"https:\/\/www.goring-online.com\/versicherungen\/andere-versicherungen-spanien\/selbstverstaendlich\/\" \/>\n<meta property=\"og:site_name\" content=\"G\u00f6ring Versicherungsmakler\" \/>\n<meta property=\"article:modified_time\" content=\"2023-06-20T14:28:54+00:00\" \/>\n<meta property=\"og:image\" content=\"https:\/\/www.goring-online.com\/app\/uploads\/2015\/07\/400x400_Sonstige.jpg\" \/>\n\t<meta property=\"og:image:width\" content=\"400\" \/>\n\t<meta property=\"og:image:height\" content=\"400\" \/>\n\t<meta property=\"og:image:type\" content=\"image\/jpeg\" \/>\n<meta name=\"twitter:card\" content=\"summary_large_image\" \/>\n<meta name=\"twitter:label1\" content=\"Est. reading time\" \/>\n\t<meta name=\"twitter:data1\" content=\"1 minute\" \/>\n<script type=\"application\/ld+json\" class=\"yoast-schema-graph\">{\"@context\":\"https:\\\/\\\/schema.org\",\"@graph\":[{\"@type\":\"WebPage\",\"@id\":\"https:\\\/\\\/www.goring-online.com\\\/versicherungen\\\/andere-versicherungen-spanien\\\/selbstverstaendlich\\\/\",\"url\":\"https:\\\/\\\/www.goring-online.com\\\/versicherungen\\\/andere-versicherungen-spanien\\\/selbstverstaendlich\\\/\",\"name\":\"Autres assurances en Espagne | G\u00f6ring Versicherungsmakler\",\"isPartOf\":{\"@id\":\"https:\\\/\\\/www.goring-online.com\\\/#website\"},\"primaryImageOfPage\":{\"@id\":\"https:\\\/\\\/www.goring-online.com\\\/versicherungen\\\/andere-versicherungen-spanien\\\/selbstverstaendlich\\\/#primaryimage\"},\"image\":{\"@id\":\"https:\\\/\\\/www.goring-online.com\\\/versicherungen\\\/andere-versicherungen-spanien\\\/selbstverstaendlich\\\/#primaryimage\"},\"thumbnailUrl\":\"https:\\\/\\\/www.goring-online.com\\\/app\\\/uploads\\\/2015\\\/07\\\/400x400_Sonstige.jpg\",\"datePublished\":\"2023-06-20T14:25:03+00:00\",\"dateModified\":\"2023-06-20T14:28:54+00:00\",\"description\":\"Autres assurances pour les Allemands en Espagne. \u2713Conseil allemand pour ton assurance sur place. \u2713Ind\u00e9pendant \u2713Comp\u00e9tent \u25ba Economise jusqu'\u00e0 50% !\",\"breadcrumb\":{\"@id\":\"https:\\\/\\\/www.goring-online.com\\\/versicherungen\\\/andere-versicherungen-spanien\\\/selbstverstaendlich\\\/#breadcrumb\"},\"inLanguage\":\"fr-FR\",\"potentialAction\":[{\"@type\":\"ReadAction\",\"target\":[\"https:\\\/\\\/www.goring-online.com\\\/versicherungen\\\/andere-versicherungen-spanien\\\/selbstverstaendlich\\\/\"]}]},{\"@type\":\"ImageObject\",\"inLanguage\":\"fr-FR\",\"@id\":\"https:\\\/\\\/www.goring-online.com\\\/versicherungen\\\/andere-versicherungen-spanien\\\/selbstverstaendlich\\\/#primaryimage\",\"url\":\"https:\\\/\\\/www.goring-online.com\\\/app\\\/uploads\\\/2015\\\/07\\\/400x400_Sonstige.jpg\",\"contentUrl\":\"https:\\\/\\\/www.goring-online.com\\\/app\\\/uploads\\\/2015\\\/07\\\/400x400_Sonstige.jpg\",\"width\":400,\"height\":400},{\"@type\":\"BreadcrumbList\",\"@id\":\"https:\\\/\\\/www.goring-online.com\\\/versicherungen\\\/andere-versicherungen-spanien\\\/selbstverstaendlich\\\/#breadcrumb\",\"itemListElement\":[{\"@type\":\"ListItem\",\"position\":1,\"name\":\"Startseite\",\"item\":\"https:\\\/\\\/www.goring-online.com\\\/fr\\\/\"},{\"@type\":\"ListItem\",\"position\":2,\"name\":\"Assurances\",\"item\":\"https:\\\/\\\/www.goring-online.com\\\/fr\\\/assurances\\\/\"},{\"@type\":\"ListItem\",\"position\":3,\"name\":\"Autres assurances Espagne\",\"item\":\"https:\\\/\\\/www.goring-online.com\\\/fr\\\/assurances\\\/autres-assurances-espagne\\\/\"},{\"@type\":\"ListItem\",\"position\":4,\"name\":\"Bien s\u00fbr\"}]},{\"@type\":\"WebSite\",\"@id\":\"https:\\\/\\\/www.goring-online.com\\\/#website\",\"url\":\"https:\\\/\\\/www.goring-online.com\\\/\",\"name\":\"G\u00f6ring Versicherungsmakler\",\"description\":\"\",\"publisher\":{\"@id\":\"https:\\\/\\\/www.goring-online.com\\\/#organization\"},\"potentialAction\":[{\"@type\":\"SearchAction\",\"target\":{\"@type\":\"EntryPoint\",\"urlTemplate\":\"https:\\\/\\\/www.goring-online.com\\\/?s={search_term_string}\"},\"query-input\":{\"@type\":\"PropertyValueSpecification\",\"valueRequired\":true,\"valueName\":\"search_term_string\"}}],\"inLanguage\":\"fr-FR\"},{\"@type\":[\"Organization\",\"Place\",\"InsuranceAgency\"],\"@id\":\"https:\\\/\\\/www.goring-online.com\\\/#organization\",\"name\":\"G\u00f6ring Versicherungsmakler\",\"url\":\"https:\\\/\\\/www.goring-online.com\\\/\",\"logo\":{\"@id\":\"https:\\\/\\\/www.goring-online.com\\\/versicherungen\\\/andere-versicherungen-spanien\\\/selbstverstaendlich\\\/#local-main-organization-logo\"},\"image\":{\"@id\":\"https:\\\/\\\/www.goring-online.com\\\/versicherungen\\\/andere-versicherungen-spanien\\\/selbstverstaendlich\\\/#local-main-organization-logo\"},\"address\":{\"@id\":\"https:\\\/\\\/www.goring-online.com\\\/versicherungen\\\/andere-versicherungen-spanien\\\/selbstverstaendlich\\\/#local-main-place-address\"},\"telephone\":[\"+34 96 588 92 71\"],\"openingHoursSpecification\":[{\"@type\":\"OpeningHoursSpecification\",\"dayOfWeek\":[\"Monday\",\"Tuesday\",\"Wednesday\",\"Thursday\",\"Friday\"],\"opens\":\"09:00\",\"closes\":\"15:00\"},{\"@type\":\"OpeningHoursSpecification\",\"dayOfWeek\":[\"Saturday\",\"Sunday\"],\"opens\":\"00:00\",\"closes\":\"00:00\"}],\"email\":\"info@goring-online.com\",\"vatID\":\"ESB54476999\",\"taxID\":\"B54476999\",\"currenciesAccepted\":\"\u20ac\"},{\"@type\":\"PostalAddress\",\"@id\":\"https:\\\/\\\/www.goring-online.com\\\/versicherungen\\\/andere-versicherungen-spanien\\\/selbstverstaendlich\\\/#local-main-place-address\",\"streetAddress\":\"Calle Tabarca 40, 03580 - Alfaz del Pi\",\"addressLocality\":\"Alfaz del Pi\",\"postalCode\":\"03580\",\"addressRegion\":\"Alicante\",\"addressCountry\":\"ES\"},{\"@type\":\"ImageObject\",\"inLanguage\":\"fr-FR\",\"@id\":\"https:\\\/\\\/www.goring-online.com\\\/versicherungen\\\/andere-versicherungen-spanien\\\/selbstverstaendlich\\\/#local-main-organization-logo\",\"url\":\"https:\\\/\\\/www.goring-online.com\\\/app\\\/uploads\\\/2020\\\/03\\\/logo-goring.png\",\"contentUrl\":\"https:\\\/\\\/www.goring-online.com\\\/app\\\/uploads\\\/2020\\\/03\\\/logo-goring.png\",\"width\":216,\"height\":76,\"caption\":\"G\u00f6ring Versicherungsmakler\"}]}<\/script>\n<meta name=\"geo.placename\" content=\"Alfaz del Pi\" \/>\n<meta name=\"geo.region\" content=\"Espagne\" \/>\n<!-- \/ Yoast SEO Premium plugin. -->","yoast_head_json":{"title":"Autres assurances en Espagne | G\u00f6ring Versicherungsmakler","description":"Autres assurances pour les Allemands en Espagne. \u2713Conseil allemand pour ton assurance sur place. \u2713Ind\u00e9pendant \u2713Comp\u00e9tent \u25ba Economise jusqu'\u00e0 50% !","robots":{"index":"noindex","follow":"follow"},"og_locale":"fr_FR","og_type":"article","og_title":"Bien s\u00fbr","og_description":"Autres assurances pour les Allemands en Espagne. \u2713Conseil allemand pour ton assurance sur place. \u2713Ind\u00e9pendant \u2713Comp\u00e9tent \u25ba Economise jusqu'\u00e0 50% !","og_url":"https:\/\/www.goring-online.com\/versicherungen\/andere-versicherungen-spanien\/selbstverstaendlich\/","og_site_name":"G\u00f6ring Versicherungsmakler","article_modified_time":"2023-06-20T14:28:54+00:00","og_image":[{"width":400,"height":400,"url":"https:\/\/www.goring-online.com\/app\/uploads\/2015\/07\/400x400_Sonstige.jpg","type":"image\/jpeg"}],"twitter_card":"summary_large_image","twitter_misc":{"Est. reading time":"1 minute"},"schema":{"@context":"https:\/\/schema.org","@graph":[{"@type":"WebPage","@id":"https:\/\/www.goring-online.com\/versicherungen\/andere-versicherungen-spanien\/selbstverstaendlich\/","url":"https:\/\/www.goring-online.com\/versicherungen\/andere-versicherungen-spanien\/selbstverstaendlich\/","name":"Autres assurances en Espagne | G\u00f6ring Versicherungsmakler","isPartOf":{"@id":"https:\/\/www.goring-online.com\/#website"},"primaryImageOfPage":{"@id":"https:\/\/www.goring-online.com\/versicherungen\/andere-versicherungen-spanien\/selbstverstaendlich\/#primaryimage"},"image":{"@id":"https:\/\/www.goring-online.com\/versicherungen\/andere-versicherungen-spanien\/selbstverstaendlich\/#primaryimage"},"thumbnailUrl":"https:\/\/www.goring-online.com\/app\/uploads\/2015\/07\/400x400_Sonstige.jpg","datePublished":"2023-06-20T14:25:03+00:00","dateModified":"2023-06-20T14:28:54+00:00","description":"Autres assurances pour les Allemands en Espagne. \u2713Conseil allemand pour ton assurance sur place. \u2713Ind\u00e9pendant \u2713Comp\u00e9tent \u25ba Economise jusqu'\u00e0 50% !","breadcrumb":{"@id":"https:\/\/www.goring-online.com\/versicherungen\/andere-versicherungen-spanien\/selbstverstaendlich\/#breadcrumb"},"inLanguage":"fr-FR","potentialAction":[{"@type":"ReadAction","target":["https:\/\/www.goring-online.com\/versicherungen\/andere-versicherungen-spanien\/selbstverstaendlich\/"]}]},{"@type":"ImageObject","inLanguage":"fr-FR","@id":"https:\/\/www.goring-online.com\/versicherungen\/andere-versicherungen-spanien\/selbstverstaendlich\/#primaryimage","url":"https:\/\/www.goring-online.com\/app\/uploads\/2015\/07\/400x400_Sonstige.jpg","contentUrl":"https:\/\/www.goring-online.com\/app\/uploads\/2015\/07\/400x400_Sonstige.jpg","width":400,"height":400},{"@type":"BreadcrumbList","@id":"https:\/\/www.goring-online.com\/versicherungen\/andere-versicherungen-spanien\/selbstverstaendlich\/#breadcrumb","itemListElement":[{"@type":"ListItem","position":1,"name":"Startseite","item":"https:\/\/www.goring-online.com\/fr\/"},{"@type":"ListItem","position":2,"name":"Assurances","item":"https:\/\/www.goring-online.com\/fr\/assurances\/"},{"@type":"ListItem","position":3,"name":"Autres assurances Espagne","item":"https:\/\/www.goring-online.com\/fr\/assurances\/autres-assurances-espagne\/"},{"@type":"ListItem","position":4,"name":"Bien s\u00fbr"}]},{"@type":"WebSite","@id":"https:\/\/www.goring-online.com\/#website","url":"https:\/\/www.goring-online.com\/","name":"G\u00f6ring Versicherungsmakler","description":"","publisher":{"@id":"https:\/\/www.goring-online.com\/#organization"},"potentialAction":[{"@type":"SearchAction","target":{"@type":"EntryPoint","urlTemplate":"https:\/\/www.goring-online.com\/?s={search_term_string}"},"query-input":{"@type":"PropertyValueSpecification","valueRequired":true,"valueName":"search_term_string"}}],"inLanguage":"fr-FR"},{"@type":["Organization","Place","InsuranceAgency"],"@id":"https:\/\/www.goring-online.com\/#organization","name":"G\u00f6ring Versicherungsmakler","url":"https:\/\/www.goring-online.com\/","logo":{"@id":"https:\/\/www.goring-online.com\/versicherungen\/andere-versicherungen-spanien\/selbstverstaendlich\/#local-main-organization-logo"},"image":{"@id":"https:\/\/www.goring-online.com\/versicherungen\/andere-versicherungen-spanien\/selbstverstaendlich\/#local-main-organization-logo"},"address":{"@id":"https:\/\/www.goring-online.com\/versicherungen\/andere-versicherungen-spanien\/selbstverstaendlich\/#local-main-place-address"},"telephone":["+34 96 588 92 71"],"openingHoursSpecification":[{"@type":"OpeningHoursSpecification","dayOfWeek":["Monday","Tuesday","Wednesday","Thursday","Friday"],"opens":"09:00","closes":"15:00"},{"@type":"OpeningHoursSpecification","dayOfWeek":["Saturday","Sunday"],"opens":"00:00","closes":"00:00"}],"email":"info@goring-online.com","vatID":"ESB54476999","taxID":"B54476999","currenciesAccepted":"\u20ac"},{"@type":"PostalAddress","@id":"https:\/\/www.goring-online.com\/versicherungen\/andere-versicherungen-spanien\/selbstverstaendlich\/#local-main-place-address","streetAddress":"Calle Tabarca 40, 03580 - Alfaz del Pi","addressLocality":"Alfaz del Pi","postalCode":"03580","addressRegion":"Alicante","addressCountry":"ES"},{"@type":"ImageObject","inLanguage":"fr-FR","@id":"https:\/\/www.goring-online.com\/versicherungen\/andere-versicherungen-spanien\/selbstverstaendlich\/#local-main-organization-logo","url":"https:\/\/www.goring-online.com\/app\/uploads\/2020\/03\/logo-goring.png","contentUrl":"https:\/\/www.goring-online.com\/app\/uploads\/2020\/03\/logo-goring.png","width":216,"height":76,"caption":"G\u00f6ring Versicherungsmakler"}]},"geo.placename":"Alfaz del Pi","geo.region":"Espagne"},"yoast_focus_keyword":"","yoast_seo_title":"Autres assurances en Espagne | G\u00f6ring Versicherungsmakler","yoast_meta_description":"Autres assurances pour les Allemands en Espagne. \u2713Conseil allemand pour ton assurance sur place. \u2713Ind\u00e9pendant \u2713Comp\u00e9tent \u25ba Economise jusqu'\u00e0 50% !","_links":{"self":[{"href":"https:\/\/www.goring-online.com\/fr\/wp-json\/wp\/v2\/pages\/15882","targetHints":{"allow":["GET"]}}],"collection":[{"href":"https:\/\/www.goring-online.com\/fr\/wp-json\/wp\/v2\/pages"}],"about":[{"href":"https:\/\/www.goring-online.com\/fr\/wp-json\/wp\/v2\/types\/page"}],"author":[{"embeddable":true,"href":"https:\/\/www.goring-online.com\/fr\/wp-json\/wp\/v2\/users\/2"}],"replies":[{"embeddable":true,"href":"https:\/\/www.goring-online.com\/fr\/wp-json\/wp\/v2\/comments?post=15882"}],"version-history":[{"count":1,"href":"https:\/\/www.goring-online.com\/fr\/wp-json\/wp\/v2\/pages\/15882\/revisions"}],"predecessor-version":[{"id":15886,"href":"https:\/\/www.goring-online.com\/fr\/wp-json\/wp\/v2\/pages\/15882\/revisions\/15886"}],"up":[{"embeddable":true,"href":"https:\/\/www.goring-online.com\/fr\/wp-json\/wp\/v2\/pages\/16194"}],"wp:featuredmedia":[{"embeddable":true,"href":"https:\/\/www.goring-online.com\/fr\/wp-json\/wp\/v2\/media\/15514"}],"wp:attachment":[{"href":"https:\/\/www.goring-online.com\/fr\/wp-json\/wp\/v2\/media?parent=15882"}],"curies":[{"name":"wp","href":"https:\/\/api.w.org\/{rel}","templated":true}]}}