{"id":15897,"date":"2023-06-20T16:47:57","date_gmt":"2023-06-20T14:47:57","guid":{"rendered":"https:\/\/www.goring-online.com\/bien-entendu\/"},"modified":"2023-06-20T16:47:57","modified_gmt":"2023-06-20T14:47:57","slug":"bien-entendu","status":"publish","type":"page","link":"https:\/\/www.goring-online.com\/fr\/assurances\/assurance-maladie-privee-en-espagne\/bien-entendu\/","title":{"rendered":"Bien entendu"},"content":{"rendered":"<p>Nos garanties pour votre assurance sant\u00e9 priv\u00e9e en Espagne<\/p>\n<ul>\n<li>La meilleure offre gr\u00e2ce \u00e0 un comparateur de prix<\/li>\n<li>Une offre sur mesure en fran\u00e7ais<\/li>\n<li>Un accompagnement personnalis\u00e9 par nos collaborateurs francophones<\/li>\n<\/ul>\n","protected":false},"excerpt":{"rendered":"<p>Nos garanties pour votre assurance sant\u00e9 priv\u00e9e en Espagne La meilleure offre gr\u00e2ce \u00e0 un comparateur de prix Une offre sur mesure en fran\u00e7ais Un accompagnement personnalis\u00e9 par nos collaborateurs francophones<\/p>\n","protected":false},"author":2,"featured_media":15823,"parent":16210,"menu_order":15,"comment_status":"open","ping_status":"open","template":"","meta":{"_yoast_wpseo_focuskw":"assurance auto espagne","_yoast_wpseo_title":"Assurance automobile Espagne - G\u00f6ring Courtier en assurances depuis 1972","_yoast_wpseo_metadesc":"Assurance automobile bon march\u00e9 pour les Allemands en Espagne. \u2713Conseil allemand pour votre assurance auto sur place. \u2713Ind\u00e9pendant \u2713Comp\u00e9tent \u25ba Jusqu'\u00e0 50% d'\u00e9conomie !","footnotes":""},"class_list":["post-15897","page","type-page","status-publish","has-post-thumbnail","hentry"],"yoast_head":"<!-- This site is optimized with the Yoast SEO Premium plugin v20.6 (Yoast SEO v27.4) - https:\/\/yoast.com\/product\/yoast-seo-premium-wordpress\/ -->\n<title>Assurance automobile Espagne - G\u00f6ring Courtier en assurances depuis 1972<\/title>\n<meta name=\"description\" content=\"Assurance automobile bon march\u00e9 pour les Allemands en Espagne. \u2713Conseil allemand pour votre assurance auto sur place. \u2713Ind\u00e9pendant \u2713Comp\u00e9tent \u25ba Jusqu&#039;\u00e0 50% d&#039;\u00e9conomie !\" \/>\n<meta name=\"robots\" content=\"noindex, follow\" \/>\n<meta property=\"og:locale\" content=\"fr_FR\" \/>\n<meta property=\"og:type\" content=\"article\" \/>\n<meta property=\"og:title\" content=\"Bien entendu\" \/>\n<meta property=\"og:description\" content=\"Assurance automobile bon march\u00e9 pour les Allemands en Espagne. \u2713Conseil allemand pour votre assurance auto sur place. \u2713Ind\u00e9pendant \u2713Comp\u00e9tent \u25ba Jusqu&#039;\u00e0 50% d&#039;\u00e9conomie !\" \/>\n<meta property=\"og:url\" content=\"https:\/\/www.goring-online.com\/versicherungen\/private-krankenversicherung-in-spanien\/selbstverstaendlich\/\" \/>\n<meta property=\"og:site_name\" content=\"G\u00f6ring Versicherungsmakler\" \/>\n<meta property=\"og:image\" content=\"https:\/\/www.goring-online.com\/app\/uploads\/2018\/08\/kfz-versicherung.jpg\" \/>\n\t<meta property=\"og:image:width\" content=\"400\" \/>\n\t<meta property=\"og:image:height\" content=\"400\" \/>\n\t<meta property=\"og:image:type\" content=\"image\/jpeg\" \/>\n<meta name=\"twitter:card\" content=\"summary_large_image\" \/>\n<script type=\"application\/ld+json\" class=\"yoast-schema-graph\">{\"@context\":\"https:\\\/\\\/schema.org\",\"@graph\":[{\"@type\":\"WebPage\",\"@id\":\"https:\\\/\\\/www.goring-online.com\\\/versicherungen\\\/private-krankenversicherung-in-spanien\\\/selbstverstaendlich\\\/\",\"url\":\"https:\\\/\\\/www.goring-online.com\\\/versicherungen\\\/private-krankenversicherung-in-spanien\\\/selbstverstaendlich\\\/\",\"name\":\"Assurance automobile Espagne - G\u00f6ring Courtier en assurances depuis 1972\",\"isPartOf\":{\"@id\":\"https:\\\/\\\/www.goring-online.com\\\/#website\"},\"primaryImageOfPage\":{\"@id\":\"https:\\\/\\\/www.goring-online.com\\\/versicherungen\\\/private-krankenversicherung-in-spanien\\\/selbstverstaendlich\\\/#primaryimage\"},\"image\":{\"@id\":\"https:\\\/\\\/www.goring-online.com\\\/versicherungen\\\/private-krankenversicherung-in-spanien\\\/selbstverstaendlich\\\/#primaryimage\"},\"thumbnailUrl\":\"https:\\\/\\\/www.goring-online.com\\\/app\\\/uploads\\\/2018\\\/08\\\/kfz-versicherung.jpg\",\"datePublished\":\"2023-06-20T14:47:57+00:00\",\"description\":\"Assurance automobile bon march\u00e9 pour les Allemands en Espagne. \u2713Conseil allemand pour votre assurance auto sur place. \u2713Ind\u00e9pendant \u2713Comp\u00e9tent \u25ba Jusqu'\u00e0 50% d'\u00e9conomie !\",\"breadcrumb\":{\"@id\":\"https:\\\/\\\/www.goring-online.com\\\/versicherungen\\\/private-krankenversicherung-in-spanien\\\/selbstverstaendlich\\\/#breadcrumb\"},\"inLanguage\":\"fr-FR\",\"potentialAction\":[{\"@type\":\"ReadAction\",\"target\":[\"https:\\\/\\\/www.goring-online.com\\\/versicherungen\\\/private-krankenversicherung-in-spanien\\\/selbstverstaendlich\\\/\"]}]},{\"@type\":\"ImageObject\",\"inLanguage\":\"fr-FR\",\"@id\":\"https:\\\/\\\/www.goring-online.com\\\/versicherungen\\\/private-krankenversicherung-in-spanien\\\/selbstverstaendlich\\\/#primaryimage\",\"url\":\"https:\\\/\\\/www.goring-online.com\\\/app\\\/uploads\\\/2018\\\/08\\\/kfz-versicherung.jpg\",\"contentUrl\":\"https:\\\/\\\/www.goring-online.com\\\/app\\\/uploads\\\/2018\\\/08\\\/kfz-versicherung.jpg\",\"width\":400,\"height\":400},{\"@type\":\"BreadcrumbList\",\"@id\":\"https:\\\/\\\/www.goring-online.com\\\/versicherungen\\\/private-krankenversicherung-in-spanien\\\/selbstverstaendlich\\\/#breadcrumb\",\"itemListElement\":[{\"@type\":\"ListItem\",\"position\":1,\"name\":\"Startseite\",\"item\":\"https:\\\/\\\/www.goring-online.com\\\/fr\\\/\"},{\"@type\":\"ListItem\",\"position\":2,\"name\":\"Assurances\",\"item\":\"https:\\\/\\\/www.goring-online.com\\\/fr\\\/assurances\\\/\"},{\"@type\":\"ListItem\",\"position\":3,\"name\":\"Assurance maladie priv\u00e9e en Espagne\",\"item\":\"https:\\\/\\\/www.goring-online.com\\\/fr\\\/assurances\\\/assurance-maladie-privee-en-espagne\\\/\"},{\"@type\":\"ListItem\",\"position\":4,\"name\":\"Bien entendu\"}]},{\"@type\":\"WebSite\",\"@id\":\"https:\\\/\\\/www.goring-online.com\\\/#website\",\"url\":\"https:\\\/\\\/www.goring-online.com\\\/\",\"name\":\"G\u00f6ring Versicherungsmakler\",\"description\":\"\",\"publisher\":{\"@id\":\"https:\\\/\\\/www.goring-online.com\\\/#organization\"},\"potentialAction\":[{\"@type\":\"SearchAction\",\"target\":{\"@type\":\"EntryPoint\",\"urlTemplate\":\"https:\\\/\\\/www.goring-online.com\\\/?s={search_term_string}\"},\"query-input\":{\"@type\":\"PropertyValueSpecification\",\"valueRequired\":true,\"valueName\":\"search_term_string\"}}],\"inLanguage\":\"fr-FR\"},{\"@type\":[\"Organization\",\"Place\",\"InsuranceAgency\"],\"@id\":\"https:\\\/\\\/www.goring-online.com\\\/#organization\",\"name\":\"G\u00f6ring Versicherungsmakler\",\"url\":\"https:\\\/\\\/www.goring-online.com\\\/\",\"logo\":{\"@id\":\"https:\\\/\\\/www.goring-online.com\\\/versicherungen\\\/private-krankenversicherung-in-spanien\\\/selbstverstaendlich\\\/#local-main-organization-logo\"},\"image\":{\"@id\":\"https:\\\/\\\/www.goring-online.com\\\/versicherungen\\\/private-krankenversicherung-in-spanien\\\/selbstverstaendlich\\\/#local-main-organization-logo\"},\"address\":{\"@id\":\"https:\\\/\\\/www.goring-online.com\\\/versicherungen\\\/private-krankenversicherung-in-spanien\\\/selbstverstaendlich\\\/#local-main-place-address\"},\"telephone\":[\"+34 96 588 92 71\"],\"openingHoursSpecification\":[{\"@type\":\"OpeningHoursSpecification\",\"dayOfWeek\":[\"Monday\",\"Tuesday\",\"Wednesday\",\"Thursday\",\"Friday\"],\"opens\":\"09:00\",\"closes\":\"15:00\"},{\"@type\":\"OpeningHoursSpecification\",\"dayOfWeek\":[\"Saturday\",\"Sunday\"],\"opens\":\"00:00\",\"closes\":\"00:00\"}],\"email\":\"info@goring-online.com\",\"vatID\":\"ESB54476999\",\"taxID\":\"B54476999\",\"currenciesAccepted\":\"\u20ac\"},{\"@type\":\"PostalAddress\",\"@id\":\"https:\\\/\\\/www.goring-online.com\\\/versicherungen\\\/private-krankenversicherung-in-spanien\\\/selbstverstaendlich\\\/#local-main-place-address\",\"streetAddress\":\"Calle Tabarca 40, 03580 - Alfaz del Pi\",\"addressLocality\":\"Alfaz del Pi\",\"postalCode\":\"03580\",\"addressRegion\":\"Alicante\",\"addressCountry\":\"ES\"},{\"@type\":\"ImageObject\",\"inLanguage\":\"fr-FR\",\"@id\":\"https:\\\/\\\/www.goring-online.com\\\/versicherungen\\\/private-krankenversicherung-in-spanien\\\/selbstverstaendlich\\\/#local-main-organization-logo\",\"url\":\"https:\\\/\\\/www.goring-online.com\\\/app\\\/uploads\\\/2020\\\/03\\\/logo-goring.png\",\"contentUrl\":\"https:\\\/\\\/www.goring-online.com\\\/app\\\/uploads\\\/2020\\\/03\\\/logo-goring.png\",\"width\":216,\"height\":76,\"caption\":\"G\u00f6ring Versicherungsmakler\"}]}<\/script>\n<meta name=\"geo.placename\" content=\"Alfaz del Pi\" \/>\n<meta name=\"geo.region\" content=\"Espagne\" \/>\n<!-- \/ Yoast SEO Premium plugin. -->","yoast_head_json":{"title":"Assurance automobile Espagne - G\u00f6ring Courtier en assurances depuis 1972","description":"Assurance automobile bon march\u00e9 pour les Allemands en Espagne. \u2713Conseil allemand pour votre assurance auto sur place. \u2713Ind\u00e9pendant \u2713Comp\u00e9tent \u25ba Jusqu'\u00e0 50% d'\u00e9conomie !","robots":{"index":"noindex","follow":"follow"},"og_locale":"fr_FR","og_type":"article","og_title":"Bien entendu","og_description":"Assurance automobile bon march\u00e9 pour les Allemands en Espagne. \u2713Conseil allemand pour votre assurance auto sur place. \u2713Ind\u00e9pendant \u2713Comp\u00e9tent \u25ba Jusqu'\u00e0 50% d'\u00e9conomie !","og_url":"https:\/\/www.goring-online.com\/versicherungen\/private-krankenversicherung-in-spanien\/selbstverstaendlich\/","og_site_name":"G\u00f6ring Versicherungsmakler","og_image":[{"width":400,"height":400,"url":"https:\/\/www.goring-online.com\/app\/uploads\/2018\/08\/kfz-versicherung.jpg","type":"image\/jpeg"}],"twitter_card":"summary_large_image","schema":{"@context":"https:\/\/schema.org","@graph":[{"@type":"WebPage","@id":"https:\/\/www.goring-online.com\/versicherungen\/private-krankenversicherung-in-spanien\/selbstverstaendlich\/","url":"https:\/\/www.goring-online.com\/versicherungen\/private-krankenversicherung-in-spanien\/selbstverstaendlich\/","name":"Assurance automobile Espagne - G\u00f6ring Courtier en assurances depuis 1972","isPartOf":{"@id":"https:\/\/www.goring-online.com\/#website"},"primaryImageOfPage":{"@id":"https:\/\/www.goring-online.com\/versicherungen\/private-krankenversicherung-in-spanien\/selbstverstaendlich\/#primaryimage"},"image":{"@id":"https:\/\/www.goring-online.com\/versicherungen\/private-krankenversicherung-in-spanien\/selbstverstaendlich\/#primaryimage"},"thumbnailUrl":"https:\/\/www.goring-online.com\/app\/uploads\/2018\/08\/kfz-versicherung.jpg","datePublished":"2023-06-20T14:47:57+00:00","description":"Assurance automobile bon march\u00e9 pour les Allemands en Espagne. \u2713Conseil allemand pour votre assurance auto sur place. \u2713Ind\u00e9pendant \u2713Comp\u00e9tent \u25ba Jusqu'\u00e0 50% d'\u00e9conomie !","breadcrumb":{"@id":"https:\/\/www.goring-online.com\/versicherungen\/private-krankenversicherung-in-spanien\/selbstverstaendlich\/#breadcrumb"},"inLanguage":"fr-FR","potentialAction":[{"@type":"ReadAction","target":["https:\/\/www.goring-online.com\/versicherungen\/private-krankenversicherung-in-spanien\/selbstverstaendlich\/"]}]},{"@type":"ImageObject","inLanguage":"fr-FR","@id":"https:\/\/www.goring-online.com\/versicherungen\/private-krankenversicherung-in-spanien\/selbstverstaendlich\/#primaryimage","url":"https:\/\/www.goring-online.com\/app\/uploads\/2018\/08\/kfz-versicherung.jpg","contentUrl":"https:\/\/www.goring-online.com\/app\/uploads\/2018\/08\/kfz-versicherung.jpg","width":400,"height":400},{"@type":"BreadcrumbList","@id":"https:\/\/www.goring-online.com\/versicherungen\/private-krankenversicherung-in-spanien\/selbstverstaendlich\/#breadcrumb","itemListElement":[{"@type":"ListItem","position":1,"name":"Startseite","item":"https:\/\/www.goring-online.com\/fr\/"},{"@type":"ListItem","position":2,"name":"Assurances","item":"https:\/\/www.goring-online.com\/fr\/assurances\/"},{"@type":"ListItem","position":3,"name":"Assurance maladie priv\u00e9e en Espagne","item":"https:\/\/www.goring-online.com\/fr\/assurances\/assurance-maladie-privee-en-espagne\/"},{"@type":"ListItem","position":4,"name":"Bien entendu"}]},{"@type":"WebSite","@id":"https:\/\/www.goring-online.com\/#website","url":"https:\/\/www.goring-online.com\/","name":"G\u00f6ring Versicherungsmakler","description":"","publisher":{"@id":"https:\/\/www.goring-online.com\/#organization"},"potentialAction":[{"@type":"SearchAction","target":{"@type":"EntryPoint","urlTemplate":"https:\/\/www.goring-online.com\/?s={search_term_string}"},"query-input":{"@type":"PropertyValueSpecification","valueRequired":true,"valueName":"search_term_string"}}],"inLanguage":"fr-FR"},{"@type":["Organization","Place","InsuranceAgency"],"@id":"https:\/\/www.goring-online.com\/#organization","name":"G\u00f6ring Versicherungsmakler","url":"https:\/\/www.goring-online.com\/","logo":{"@id":"https:\/\/www.goring-online.com\/versicherungen\/private-krankenversicherung-in-spanien\/selbstverstaendlich\/#local-main-organization-logo"},"image":{"@id":"https:\/\/www.goring-online.com\/versicherungen\/private-krankenversicherung-in-spanien\/selbstverstaendlich\/#local-main-organization-logo"},"address":{"@id":"https:\/\/www.goring-online.com\/versicherungen\/private-krankenversicherung-in-spanien\/selbstverstaendlich\/#local-main-place-address"},"telephone":["+34 96 588 92 71"],"openingHoursSpecification":[{"@type":"OpeningHoursSpecification","dayOfWeek":["Monday","Tuesday","Wednesday","Thursday","Friday"],"opens":"09:00","closes":"15:00"},{"@type":"OpeningHoursSpecification","dayOfWeek":["Saturday","Sunday"],"opens":"00:00","closes":"00:00"}],"email":"info@goring-online.com","vatID":"ESB54476999","taxID":"B54476999","currenciesAccepted":"\u20ac"},{"@type":"PostalAddress","@id":"https:\/\/www.goring-online.com\/versicherungen\/private-krankenversicherung-in-spanien\/selbstverstaendlich\/#local-main-place-address","streetAddress":"Calle Tabarca 40, 03580 - Alfaz del Pi","addressLocality":"Alfaz del Pi","postalCode":"03580","addressRegion":"Alicante","addressCountry":"ES"},{"@type":"ImageObject","inLanguage":"fr-FR","@id":"https:\/\/www.goring-online.com\/versicherungen\/private-krankenversicherung-in-spanien\/selbstverstaendlich\/#local-main-organization-logo","url":"https:\/\/www.goring-online.com\/app\/uploads\/2020\/03\/logo-goring.png","contentUrl":"https:\/\/www.goring-online.com\/app\/uploads\/2020\/03\/logo-goring.png","width":216,"height":76,"caption":"G\u00f6ring Versicherungsmakler"}]},"geo.placename":"Alfaz del Pi","geo.region":"Espagne"},"yoast_focus_keyword":"assurance auto espagne","yoast_seo_title":"Assurance automobile Espagne - G\u00f6ring Courtier en assurances depuis 1972","yoast_meta_description":"Assurance automobile bon march\u00e9 pour les Allemands en Espagne. \u2713Conseil allemand pour votre assurance auto sur place. \u2713Ind\u00e9pendant \u2713Comp\u00e9tent \u25ba Jusqu'\u00e0 50% d'\u00e9conomie !","_links":{"self":[{"href":"https:\/\/www.goring-online.com\/fr\/wp-json\/wp\/v2\/pages\/15897","targetHints":{"allow":["GET"]}}],"collection":[{"href":"https:\/\/www.goring-online.com\/fr\/wp-json\/wp\/v2\/pages"}],"about":[{"href":"https:\/\/www.goring-online.com\/fr\/wp-json\/wp\/v2\/types\/page"}],"author":[{"embeddable":true,"href":"https:\/\/www.goring-online.com\/fr\/wp-json\/wp\/v2\/users\/2"}],"replies":[{"embeddable":true,"href":"https:\/\/www.goring-online.com\/fr\/wp-json\/wp\/v2\/comments?post=15897"}],"version-history":[{"count":0,"href":"https:\/\/www.goring-online.com\/fr\/wp-json\/wp\/v2\/pages\/15897\/revisions"}],"up":[{"embeddable":true,"href":"https:\/\/www.goring-online.com\/fr\/wp-json\/wp\/v2\/pages\/16210"}],"wp:featuredmedia":[{"embeddable":true,"href":"https:\/\/www.goring-online.com\/fr\/wp-json\/wp\/v2\/media\/15823"}],"wp:attachment":[{"href":"https:\/\/www.goring-online.com\/fr\/wp-json\/wp\/v2\/media?parent=15897"}],"curies":[{"name":"wp","href":"https:\/\/api.w.org\/{rel}","templated":true}]}}