{"id":15898,"date":"2023-06-20T16:49:15","date_gmt":"2023-06-20T14:49:15","guid":{"rendered":"https:\/\/www.goring-online.com\/possibilites-dassurance-4\/"},"modified":"2023-06-23T17:22:57","modified_gmt":"2023-06-23T15:22:57","slug":"possibilites-dassurance-4","status":"publish","type":"page","link":"https:\/\/www.goring-online.com\/fr\/assurances\/assurance-maladie-privee-en-espagne\/possibilites-dassurance-4\/","title":{"rendered":"Possibilit\u00e9s d&#8217;assurance"},"content":{"rendered":"<ul>\n<li>Traitement par des m\u00e9decins sp\u00e9cialistes allemands<\/li>\n<li>Libre choix du m\u00e9decin dans le monde entier. Une grande partie des frais m\u00e9dicaux des sp\u00e9cialistes allemands vous sont rembours\u00e9s par votre assurance.<\/li>\n<li>Facturation directe aupr\u00e8s des m\u00e9decins conventionn\u00e9s et des h\u00f4pitaux<\/li>\n<li>Assurance voyage mondiale incluse<\/li>\n<li>Contributions avantageuses et stabilit\u00e9 des cotisations<\/li>\n<li>En cas d&#8217;hospitalisation : h\u00e9bergement en chambre individuelle et h\u00e9bergement d&#8217;un accompagnateur.<\/li>\n<li>T\u00e9l\u00e9phone d&#8217;urgence 24h\/24<\/li>\n<li>Prise en charge de :\n<ul>\n<li>M\u00e9dicaments et accessoires<\/li>\n<li>Traitements hom\u00e9opathiques<\/li>\n<li>Physioth\u00e9rapie<\/li>\n<li>Psychoth\u00e9rapie<\/li>\n<li>Des nettoyages annuels des dents<\/li>\n<li>Examens pr\u00e9ventifs<\/li>\n<li>Soins sans avance de frais par des m\u00e9decins conventionn\u00e9s<\/li>\n<\/ul>\n<\/li>\n<li>Prestations compl\u00e9mentaires personnalis\u00e9es apr\u00e8s accord<\/li>\n<\/ul>\n","protected":false},"excerpt":{"rendered":"<p>Traitement par des m\u00e9decins sp\u00e9cialistes allemands Libre choix du m\u00e9decin dans le monde entier. Une grande partie des frais m\u00e9dicaux des sp\u00e9cialistes allemands vous sont rembours\u00e9s par votre assurance. Facturation directe aupr\u00e8s des m\u00e9decins conventionn\u00e9s et des h\u00f4pitaux Assurance voyage mondiale incluse Contributions avantageuses et stabilit\u00e9 des cotisations En cas d&#8217;hospitalisation : h\u00e9bergement en chambre &hellip;<\/p>\n","protected":false},"author":2,"featured_media":15823,"parent":16210,"menu_order":13,"comment_status":"open","ping_status":"open","template":"","meta":{"_yoast_wpseo_focuskw":"assurance auto espagne","_yoast_wpseo_title":"Assurance automobile Espagne - G\u00f6ring Courtier en assurances depuis 1972","_yoast_wpseo_metadesc":"Assurance automobile bon march\u00e9 pour les Allemands en Espagne. \u2713Conseil allemand pour votre assurance auto sur place. \u2713Ind\u00e9pendant \u2713Comp\u00e9tent \u25ba Jusqu'\u00e0 50% d'\u00e9conomie !","footnotes":""},"class_list":["post-15898","page","type-page","status-publish","has-post-thumbnail","hentry"],"yoast_head":"<!-- This site is optimized with the Yoast SEO Premium plugin v20.6 (Yoast SEO v27.4) - https:\/\/yoast.com\/product\/yoast-seo-premium-wordpress\/ -->\n<title>Assurance automobile Espagne - G\u00f6ring Courtier en assurances depuis 1972<\/title>\n<meta name=\"description\" content=\"Assurance automobile bon march\u00e9 pour les Allemands en Espagne. \u2713Conseil allemand pour votre assurance auto sur place. \u2713Ind\u00e9pendant \u2713Comp\u00e9tent \u25ba Jusqu&#039;\u00e0 50% d&#039;\u00e9conomie !\" \/>\n<meta name=\"robots\" content=\"noindex, follow\" \/>\n<meta property=\"og:locale\" content=\"fr_FR\" \/>\n<meta property=\"og:type\" content=\"article\" \/>\n<meta property=\"og:title\" content=\"Possibilit\u00e9s d&#039;assurance\" \/>\n<meta property=\"og:description\" content=\"Assurance automobile bon march\u00e9 pour les Allemands en Espagne. \u2713Conseil allemand pour votre assurance auto sur place. \u2713Ind\u00e9pendant \u2713Comp\u00e9tent \u25ba Jusqu&#039;\u00e0 50% d&#039;\u00e9conomie !\" \/>\n<meta property=\"og:url\" content=\"https:\/\/www.goring-online.com\/versicherungen\/private-krankenversicherung-in-spanien\/versicherungsmoeglichkeiten\/\" \/>\n<meta property=\"og:site_name\" content=\"G\u00f6ring Versicherungsmakler\" \/>\n<meta property=\"article:modified_time\" content=\"2023-06-23T15:22:57+00:00\" \/>\n<meta property=\"og:image\" content=\"https:\/\/www.goring-online.com\/app\/uploads\/2018\/08\/kfz-versicherung.jpg\" \/>\n\t<meta property=\"og:image:width\" content=\"400\" \/>\n\t<meta property=\"og:image:height\" content=\"400\" \/>\n\t<meta property=\"og:image:type\" content=\"image\/jpeg\" \/>\n<meta name=\"twitter:card\" content=\"summary_large_image\" \/>\n<meta name=\"twitter:label1\" content=\"Est. reading time\" \/>\n\t<meta name=\"twitter:data1\" content=\"1 minute\" \/>\n<script type=\"application\/ld+json\" class=\"yoast-schema-graph\">{\"@context\":\"https:\\\/\\\/schema.org\",\"@graph\":[{\"@type\":\"WebPage\",\"@id\":\"https:\\\/\\\/www.goring-online.com\\\/versicherungen\\\/private-krankenversicherung-in-spanien\\\/versicherungsmoeglichkeiten\\\/\",\"url\":\"https:\\\/\\\/www.goring-online.com\\\/versicherungen\\\/private-krankenversicherung-in-spanien\\\/versicherungsmoeglichkeiten\\\/\",\"name\":\"Assurance automobile Espagne - G\u00f6ring Courtier en assurances depuis 1972\",\"isPartOf\":{\"@id\":\"https:\\\/\\\/www.goring-online.com\\\/#website\"},\"primaryImageOfPage\":{\"@id\":\"https:\\\/\\\/www.goring-online.com\\\/versicherungen\\\/private-krankenversicherung-in-spanien\\\/versicherungsmoeglichkeiten\\\/#primaryimage\"},\"image\":{\"@id\":\"https:\\\/\\\/www.goring-online.com\\\/versicherungen\\\/private-krankenversicherung-in-spanien\\\/versicherungsmoeglichkeiten\\\/#primaryimage\"},\"thumbnailUrl\":\"https:\\\/\\\/www.goring-online.com\\\/app\\\/uploads\\\/2018\\\/08\\\/kfz-versicherung.jpg\",\"datePublished\":\"2023-06-20T14:49:15+00:00\",\"dateModified\":\"2023-06-23T15:22:57+00:00\",\"description\":\"Assurance automobile bon march\u00e9 pour les Allemands en Espagne. \u2713Conseil allemand pour votre assurance auto sur place. \u2713Ind\u00e9pendant \u2713Comp\u00e9tent \u25ba Jusqu'\u00e0 50% d'\u00e9conomie !\",\"breadcrumb\":{\"@id\":\"https:\\\/\\\/www.goring-online.com\\\/versicherungen\\\/private-krankenversicherung-in-spanien\\\/versicherungsmoeglichkeiten\\\/#breadcrumb\"},\"inLanguage\":\"fr-FR\",\"potentialAction\":[{\"@type\":\"ReadAction\",\"target\":[\"https:\\\/\\\/www.goring-online.com\\\/versicherungen\\\/private-krankenversicherung-in-spanien\\\/versicherungsmoeglichkeiten\\\/\"]}]},{\"@type\":\"ImageObject\",\"inLanguage\":\"fr-FR\",\"@id\":\"https:\\\/\\\/www.goring-online.com\\\/versicherungen\\\/private-krankenversicherung-in-spanien\\\/versicherungsmoeglichkeiten\\\/#primaryimage\",\"url\":\"https:\\\/\\\/www.goring-online.com\\\/app\\\/uploads\\\/2018\\\/08\\\/kfz-versicherung.jpg\",\"contentUrl\":\"https:\\\/\\\/www.goring-online.com\\\/app\\\/uploads\\\/2018\\\/08\\\/kfz-versicherung.jpg\",\"width\":400,\"height\":400},{\"@type\":\"BreadcrumbList\",\"@id\":\"https:\\\/\\\/www.goring-online.com\\\/versicherungen\\\/private-krankenversicherung-in-spanien\\\/versicherungsmoeglichkeiten\\\/#breadcrumb\",\"itemListElement\":[{\"@type\":\"ListItem\",\"position\":1,\"name\":\"Startseite\",\"item\":\"https:\\\/\\\/www.goring-online.com\\\/fr\\\/\"},{\"@type\":\"ListItem\",\"position\":2,\"name\":\"Assurances\",\"item\":\"https:\\\/\\\/www.goring-online.com\\\/fr\\\/assurances\\\/\"},{\"@type\":\"ListItem\",\"position\":3,\"name\":\"Assurance maladie priv\u00e9e en Espagne\",\"item\":\"https:\\\/\\\/www.goring-online.com\\\/fr\\\/assurances\\\/assurance-maladie-privee-en-espagne\\\/\"},{\"@type\":\"ListItem\",\"position\":4,\"name\":\"Possibilit\u00e9s d&#8217;assurance\"}]},{\"@type\":\"WebSite\",\"@id\":\"https:\\\/\\\/www.goring-online.com\\\/#website\",\"url\":\"https:\\\/\\\/www.goring-online.com\\\/\",\"name\":\"G\u00f6ring Versicherungsmakler\",\"description\":\"\",\"publisher\":{\"@id\":\"https:\\\/\\\/www.goring-online.com\\\/#organization\"},\"potentialAction\":[{\"@type\":\"SearchAction\",\"target\":{\"@type\":\"EntryPoint\",\"urlTemplate\":\"https:\\\/\\\/www.goring-online.com\\\/?s={search_term_string}\"},\"query-input\":{\"@type\":\"PropertyValueSpecification\",\"valueRequired\":true,\"valueName\":\"search_term_string\"}}],\"inLanguage\":\"fr-FR\"},{\"@type\":[\"Organization\",\"Place\",\"InsuranceAgency\"],\"@id\":\"https:\\\/\\\/www.goring-online.com\\\/#organization\",\"name\":\"G\u00f6ring Versicherungsmakler\",\"url\":\"https:\\\/\\\/www.goring-online.com\\\/\",\"logo\":{\"@id\":\"https:\\\/\\\/www.goring-online.com\\\/versicherungen\\\/private-krankenversicherung-in-spanien\\\/versicherungsmoeglichkeiten\\\/#local-main-organization-logo\"},\"image\":{\"@id\":\"https:\\\/\\\/www.goring-online.com\\\/versicherungen\\\/private-krankenversicherung-in-spanien\\\/versicherungsmoeglichkeiten\\\/#local-main-organization-logo\"},\"address\":{\"@id\":\"https:\\\/\\\/www.goring-online.com\\\/versicherungen\\\/private-krankenversicherung-in-spanien\\\/versicherungsmoeglichkeiten\\\/#local-main-place-address\"},\"telephone\":[\"+34 96 588 92 71\"],\"openingHoursSpecification\":[{\"@type\":\"OpeningHoursSpecification\",\"dayOfWeek\":[\"Monday\",\"Tuesday\",\"Wednesday\",\"Thursday\",\"Friday\"],\"opens\":\"09:00\",\"closes\":\"15:00\"},{\"@type\":\"OpeningHoursSpecification\",\"dayOfWeek\":[\"Saturday\",\"Sunday\"],\"opens\":\"00:00\",\"closes\":\"00:00\"}],\"email\":\"info@goring-online.com\",\"vatID\":\"ESB54476999\",\"taxID\":\"B54476999\",\"currenciesAccepted\":\"\u20ac\"},{\"@type\":\"PostalAddress\",\"@id\":\"https:\\\/\\\/www.goring-online.com\\\/versicherungen\\\/private-krankenversicherung-in-spanien\\\/versicherungsmoeglichkeiten\\\/#local-main-place-address\",\"streetAddress\":\"Calle Tabarca 40, 03580 - Alfaz del Pi\",\"addressLocality\":\"Alfaz del Pi\",\"postalCode\":\"03580\",\"addressRegion\":\"Alicante\",\"addressCountry\":\"ES\"},{\"@type\":\"ImageObject\",\"inLanguage\":\"fr-FR\",\"@id\":\"https:\\\/\\\/www.goring-online.com\\\/versicherungen\\\/private-krankenversicherung-in-spanien\\\/versicherungsmoeglichkeiten\\\/#local-main-organization-logo\",\"url\":\"https:\\\/\\\/www.goring-online.com\\\/app\\\/uploads\\\/2020\\\/03\\\/logo-goring.png\",\"contentUrl\":\"https:\\\/\\\/www.goring-online.com\\\/app\\\/uploads\\\/2020\\\/03\\\/logo-goring.png\",\"width\":216,\"height\":76,\"caption\":\"G\u00f6ring Versicherungsmakler\"}]}<\/script>\n<meta name=\"geo.placename\" content=\"Alfaz del Pi\" \/>\n<meta name=\"geo.region\" content=\"Espagne\" \/>\n<!-- \/ Yoast SEO Premium plugin. -->","yoast_head_json":{"title":"Assurance automobile Espagne - G\u00f6ring Courtier en assurances depuis 1972","description":"Assurance automobile bon march\u00e9 pour les Allemands en Espagne. \u2713Conseil allemand pour votre assurance auto sur place. \u2713Ind\u00e9pendant \u2713Comp\u00e9tent \u25ba Jusqu'\u00e0 50% d'\u00e9conomie !","robots":{"index":"noindex","follow":"follow"},"og_locale":"fr_FR","og_type":"article","og_title":"Possibilit\u00e9s d'assurance","og_description":"Assurance automobile bon march\u00e9 pour les Allemands en Espagne. \u2713Conseil allemand pour votre assurance auto sur place. \u2713Ind\u00e9pendant \u2713Comp\u00e9tent \u25ba Jusqu'\u00e0 50% d'\u00e9conomie !","og_url":"https:\/\/www.goring-online.com\/versicherungen\/private-krankenversicherung-in-spanien\/versicherungsmoeglichkeiten\/","og_site_name":"G\u00f6ring Versicherungsmakler","article_modified_time":"2023-06-23T15:22:57+00:00","og_image":[{"width":400,"height":400,"url":"https:\/\/www.goring-online.com\/app\/uploads\/2018\/08\/kfz-versicherung.jpg","type":"image\/jpeg"}],"twitter_card":"summary_large_image","twitter_misc":{"Est. reading time":"1 minute"},"schema":{"@context":"https:\/\/schema.org","@graph":[{"@type":"WebPage","@id":"https:\/\/www.goring-online.com\/versicherungen\/private-krankenversicherung-in-spanien\/versicherungsmoeglichkeiten\/","url":"https:\/\/www.goring-online.com\/versicherungen\/private-krankenversicherung-in-spanien\/versicherungsmoeglichkeiten\/","name":"Assurance automobile Espagne - G\u00f6ring Courtier en assurances depuis 1972","isPartOf":{"@id":"https:\/\/www.goring-online.com\/#website"},"primaryImageOfPage":{"@id":"https:\/\/www.goring-online.com\/versicherungen\/private-krankenversicherung-in-spanien\/versicherungsmoeglichkeiten\/#primaryimage"},"image":{"@id":"https:\/\/www.goring-online.com\/versicherungen\/private-krankenversicherung-in-spanien\/versicherungsmoeglichkeiten\/#primaryimage"},"thumbnailUrl":"https:\/\/www.goring-online.com\/app\/uploads\/2018\/08\/kfz-versicherung.jpg","datePublished":"2023-06-20T14:49:15+00:00","dateModified":"2023-06-23T15:22:57+00:00","description":"Assurance automobile bon march\u00e9 pour les Allemands en Espagne. \u2713Conseil allemand pour votre assurance auto sur place. \u2713Ind\u00e9pendant \u2713Comp\u00e9tent \u25ba Jusqu'\u00e0 50% d'\u00e9conomie !","breadcrumb":{"@id":"https:\/\/www.goring-online.com\/versicherungen\/private-krankenversicherung-in-spanien\/versicherungsmoeglichkeiten\/#breadcrumb"},"inLanguage":"fr-FR","potentialAction":[{"@type":"ReadAction","target":["https:\/\/www.goring-online.com\/versicherungen\/private-krankenversicherung-in-spanien\/versicherungsmoeglichkeiten\/"]}]},{"@type":"ImageObject","inLanguage":"fr-FR","@id":"https:\/\/www.goring-online.com\/versicherungen\/private-krankenversicherung-in-spanien\/versicherungsmoeglichkeiten\/#primaryimage","url":"https:\/\/www.goring-online.com\/app\/uploads\/2018\/08\/kfz-versicherung.jpg","contentUrl":"https:\/\/www.goring-online.com\/app\/uploads\/2018\/08\/kfz-versicherung.jpg","width":400,"height":400},{"@type":"BreadcrumbList","@id":"https:\/\/www.goring-online.com\/versicherungen\/private-krankenversicherung-in-spanien\/versicherungsmoeglichkeiten\/#breadcrumb","itemListElement":[{"@type":"ListItem","position":1,"name":"Startseite","item":"https:\/\/www.goring-online.com\/fr\/"},{"@type":"ListItem","position":2,"name":"Assurances","item":"https:\/\/www.goring-online.com\/fr\/assurances\/"},{"@type":"ListItem","position":3,"name":"Assurance maladie priv\u00e9e en Espagne","item":"https:\/\/www.goring-online.com\/fr\/assurances\/assurance-maladie-privee-en-espagne\/"},{"@type":"ListItem","position":4,"name":"Possibilit\u00e9s d&#8217;assurance"}]},{"@type":"WebSite","@id":"https:\/\/www.goring-online.com\/#website","url":"https:\/\/www.goring-online.com\/","name":"G\u00f6ring Versicherungsmakler","description":"","publisher":{"@id":"https:\/\/www.goring-online.com\/#organization"},"potentialAction":[{"@type":"SearchAction","target":{"@type":"EntryPoint","urlTemplate":"https:\/\/www.goring-online.com\/?s={search_term_string}"},"query-input":{"@type":"PropertyValueSpecification","valueRequired":true,"valueName":"search_term_string"}}],"inLanguage":"fr-FR"},{"@type":["Organization","Place","InsuranceAgency"],"@id":"https:\/\/www.goring-online.com\/#organization","name":"G\u00f6ring Versicherungsmakler","url":"https:\/\/www.goring-online.com\/","logo":{"@id":"https:\/\/www.goring-online.com\/versicherungen\/private-krankenversicherung-in-spanien\/versicherungsmoeglichkeiten\/#local-main-organization-logo"},"image":{"@id":"https:\/\/www.goring-online.com\/versicherungen\/private-krankenversicherung-in-spanien\/versicherungsmoeglichkeiten\/#local-main-organization-logo"},"address":{"@id":"https:\/\/www.goring-online.com\/versicherungen\/private-krankenversicherung-in-spanien\/versicherungsmoeglichkeiten\/#local-main-place-address"},"telephone":["+34 96 588 92 71"],"openingHoursSpecification":[{"@type":"OpeningHoursSpecification","dayOfWeek":["Monday","Tuesday","Wednesday","Thursday","Friday"],"opens":"09:00","closes":"15:00"},{"@type":"OpeningHoursSpecification","dayOfWeek":["Saturday","Sunday"],"opens":"00:00","closes":"00:00"}],"email":"info@goring-online.com","vatID":"ESB54476999","taxID":"B54476999","currenciesAccepted":"\u20ac"},{"@type":"PostalAddress","@id":"https:\/\/www.goring-online.com\/versicherungen\/private-krankenversicherung-in-spanien\/versicherungsmoeglichkeiten\/#local-main-place-address","streetAddress":"Calle Tabarca 40, 03580 - Alfaz del Pi","addressLocality":"Alfaz del Pi","postalCode":"03580","addressRegion":"Alicante","addressCountry":"ES"},{"@type":"ImageObject","inLanguage":"fr-FR","@id":"https:\/\/www.goring-online.com\/versicherungen\/private-krankenversicherung-in-spanien\/versicherungsmoeglichkeiten\/#local-main-organization-logo","url":"https:\/\/www.goring-online.com\/app\/uploads\/2020\/03\/logo-goring.png","contentUrl":"https:\/\/www.goring-online.com\/app\/uploads\/2020\/03\/logo-goring.png","width":216,"height":76,"caption":"G\u00f6ring Versicherungsmakler"}]},"geo.placename":"Alfaz del Pi","geo.region":"Espagne"},"yoast_focus_keyword":"assurance auto espagne","yoast_seo_title":"Assurance automobile Espagne - G\u00f6ring Courtier en assurances depuis 1972","yoast_meta_description":"Assurance automobile bon march\u00e9 pour les Allemands en Espagne. \u2713Conseil allemand pour votre assurance auto sur place. \u2713Ind\u00e9pendant \u2713Comp\u00e9tent \u25ba Jusqu'\u00e0 50% d'\u00e9conomie !","_links":{"self":[{"href":"https:\/\/www.goring-online.com\/fr\/wp-json\/wp\/v2\/pages\/15898","targetHints":{"allow":["GET"]}}],"collection":[{"href":"https:\/\/www.goring-online.com\/fr\/wp-json\/wp\/v2\/pages"}],"about":[{"href":"https:\/\/www.goring-online.com\/fr\/wp-json\/wp\/v2\/types\/page"}],"author":[{"embeddable":true,"href":"https:\/\/www.goring-online.com\/fr\/wp-json\/wp\/v2\/users\/2"}],"replies":[{"embeddable":true,"href":"https:\/\/www.goring-online.com\/fr\/wp-json\/wp\/v2\/comments?post=15898"}],"version-history":[{"count":1,"href":"https:\/\/www.goring-online.com\/fr\/wp-json\/wp\/v2\/pages\/15898\/revisions"}],"predecessor-version":[{"id":16306,"href":"https:\/\/www.goring-online.com\/fr\/wp-json\/wp\/v2\/pages\/15898\/revisions\/16306"}],"up":[{"embeddable":true,"href":"https:\/\/www.goring-online.com\/fr\/wp-json\/wp\/v2\/pages\/16210"}],"wp:featuredmedia":[{"embeddable":true,"href":"https:\/\/www.goring-online.com\/fr\/wp-json\/wp\/v2\/media\/15823"}],"wp:attachment":[{"href":"https:\/\/www.goring-online.com\/fr\/wp-json\/wp\/v2\/media?parent=15898"}],"curies":[{"name":"wp","href":"https:\/\/api.w.org\/{rel}","templated":true}]}}