{"id":16094,"date":"2023-06-21T16:11:16","date_gmt":"2023-06-21T14:11:16","guid":{"rendered":"https:\/\/www.goring-online.com\/?page_id=16094"},"modified":"2023-06-21T16:11:16","modified_gmt":"2023-06-21T14:11:16","slug":"comment-adherer-a-une-assurance-maladie-privee","status":"publish","type":"page","link":"https:\/\/www.goring-online.com\/fr\/assurances\/assurance-maladie-privee-en-espagne\/questions-et-reponses\/comment-adherer-a-une-assurance-maladie-privee\/","title":{"rendered":"Comment adh\u00e9rer \u00e0 une assurance maladie priv\u00e9e ?"},"content":{"rendered":"<p>Un formulaire de demande standardis\u00e9 doit \u00eatre rempli. Des questions sont \u00e9galement pos\u00e9es sur votre \u00e9tat de sant\u00e9 actuel. La compagnie d&#8217;assurance d\u00e9cide ensuite des conditions dans lesquelles vous serez accept\u00e9. Vous d\u00e9cidez alors d&#8217;accepter ou non l&#8217;assurance.<\/p>\n","protected":false},"excerpt":{"rendered":"<p>Un formulaire de demande standardis\u00e9 doit \u00eatre rempli. Des questions sont \u00e9galement pos\u00e9es sur votre \u00e9tat de sant\u00e9 actuel. La compagnie d&#8217;assurance d\u00e9cide ensuite des conditions dans lesquelles vous serez accept\u00e9. Vous d\u00e9cidez alors d&#8217;accepter ou non l&#8217;assurance.<\/p>\n","protected":false},"author":2,"featured_media":0,"parent":16182,"menu_order":0,"comment_status":"open","ping_status":"open","template":"","meta":{"_yoast_wpseo_focuskw":"","_yoast_wpseo_title":"","_yoast_wpseo_metadesc":"","footnotes":""},"class_list":["post-16094","page","type-page","status-publish","hentry"],"yoast_head":"<!-- This site is optimized with the Yoast SEO Premium plugin v20.6 (Yoast SEO v27.4) - https:\/\/yoast.com\/product\/yoast-seo-premium-wordpress\/ -->\n<title>Comment adh\u00e9rer \u00e0 une assurance maladie priv\u00e9e ? | G\u00f6ring Versicherungsmakler<\/title>\n<meta name=\"robots\" content=\"noindex, follow\" \/>\n<meta property=\"og:locale\" content=\"fr_FR\" \/>\n<meta property=\"og:type\" content=\"article\" \/>\n<meta property=\"og:title\" content=\"Comment adh\u00e9rer \u00e0 une assurance maladie priv\u00e9e ?\" \/>\n<meta property=\"og:description\" content=\"Un formulaire de demande standardis\u00e9 doit \u00eatre rempli. Des questions sont \u00e9galement pos\u00e9es sur votre \u00e9tat de sant\u00e9 actuel. La compagnie d&#8217;assurance d\u00e9cide ensuite des conditions dans lesquelles vous serez accept\u00e9. Vous d\u00e9cidez alors d&#8217;accepter ou non l&#8217;assurance.\" \/>\n<meta property=\"og:url\" content=\"https:\/\/www.goring-online.com\/versicherungen\/private-krankenversicherung-in-spanien\/faq-private-krankenversicherung\/wie-trete-ich-einer-privaten-krankenversicherung-bei\/\" \/>\n<meta property=\"og:site_name\" content=\"G\u00f6ring Versicherungsmakler\" \/>\n<meta property=\"og:image\" content=\"https:\/\/www.goring-online.com\/app\/uploads\/2018\/08\/risikolebensversicherung.jpg\" \/>\n\t<meta property=\"og:image:width\" content=\"400\" \/>\n\t<meta property=\"og:image:height\" content=\"400\" \/>\n\t<meta property=\"og:image:type\" content=\"image\/jpeg\" \/>\n<meta name=\"twitter:card\" content=\"summary_large_image\" \/>\n<script type=\"application\/ld+json\" class=\"yoast-schema-graph\">{\"@context\":\"https:\\\/\\\/schema.org\",\"@graph\":[{\"@type\":\"WebPage\",\"@id\":\"https:\\\/\\\/www.goring-online.com\\\/versicherungen\\\/private-krankenversicherung-in-spanien\\\/faq-private-krankenversicherung\\\/wie-trete-ich-einer-privaten-krankenversicherung-bei\\\/\",\"url\":\"https:\\\/\\\/www.goring-online.com\\\/versicherungen\\\/private-krankenversicherung-in-spanien\\\/faq-private-krankenversicherung\\\/wie-trete-ich-einer-privaten-krankenversicherung-bei\\\/\",\"name\":\"Comment adh\u00e9rer \u00e0 une assurance maladie priv\u00e9e ? | G\u00f6ring Versicherungsmakler\",\"isPartOf\":{\"@id\":\"https:\\\/\\\/www.goring-online.com\\\/#website\"},\"datePublished\":\"2023-06-21T14:11:16+00:00\",\"breadcrumb\":{\"@id\":\"https:\\\/\\\/www.goring-online.com\\\/versicherungen\\\/private-krankenversicherung-in-spanien\\\/faq-private-krankenversicherung\\\/wie-trete-ich-einer-privaten-krankenversicherung-bei\\\/#breadcrumb\"},\"inLanguage\":\"fr-FR\",\"potentialAction\":[{\"@type\":\"ReadAction\",\"target\":[\"https:\\\/\\\/www.goring-online.com\\\/versicherungen\\\/private-krankenversicherung-in-spanien\\\/faq-private-krankenversicherung\\\/wie-trete-ich-einer-privaten-krankenversicherung-bei\\\/\"]}]},{\"@type\":\"BreadcrumbList\",\"@id\":\"https:\\\/\\\/www.goring-online.com\\\/versicherungen\\\/private-krankenversicherung-in-spanien\\\/faq-private-krankenversicherung\\\/wie-trete-ich-einer-privaten-krankenversicherung-bei\\\/#breadcrumb\",\"itemListElement\":[{\"@type\":\"ListItem\",\"position\":1,\"name\":\"Startseite\",\"item\":\"https:\\\/\\\/www.goring-online.com\\\/fr\\\/\"},{\"@type\":\"ListItem\",\"position\":2,\"name\":\"Assurances\",\"item\":\"https:\\\/\\\/www.goring-online.com\\\/fr\\\/assurances\\\/\"},{\"@type\":\"ListItem\",\"position\":3,\"name\":\"Assurance maladie priv\u00e9e en Espagne\",\"item\":\"https:\\\/\\\/www.goring-online.com\\\/fr\\\/assurances\\\/assurance-maladie-privee-en-espagne\\\/\"},{\"@type\":\"ListItem\",\"position\":4,\"name\":\"Questions et r\u00e9ponses\",\"item\":\"https:\\\/\\\/www.goring-online.com\\\/fr\\\/assurances\\\/assurance-maladie-privee-en-espagne\\\/questions-et-reponses\\\/\"},{\"@type\":\"ListItem\",\"position\":5,\"name\":\"Comment adh\u00e9rer \u00e0 une assurance maladie priv\u00e9e ?\"}]},{\"@type\":\"WebSite\",\"@id\":\"https:\\\/\\\/www.goring-online.com\\\/#website\",\"url\":\"https:\\\/\\\/www.goring-online.com\\\/\",\"name\":\"G\u00f6ring Versicherungsmakler\",\"description\":\"\",\"publisher\":{\"@id\":\"https:\\\/\\\/www.goring-online.com\\\/#organization\"},\"potentialAction\":[{\"@type\":\"SearchAction\",\"target\":{\"@type\":\"EntryPoint\",\"urlTemplate\":\"https:\\\/\\\/www.goring-online.com\\\/?s={search_term_string}\"},\"query-input\":{\"@type\":\"PropertyValueSpecification\",\"valueRequired\":true,\"valueName\":\"search_term_string\"}}],\"inLanguage\":\"fr-FR\"},{\"@type\":[\"Organization\",\"Place\",\"InsuranceAgency\"],\"@id\":\"https:\\\/\\\/www.goring-online.com\\\/#organization\",\"name\":\"G\u00f6ring Versicherungsmakler\",\"url\":\"https:\\\/\\\/www.goring-online.com\\\/\",\"logo\":{\"@id\":\"https:\\\/\\\/www.goring-online.com\\\/versicherungen\\\/private-krankenversicherung-in-spanien\\\/faq-private-krankenversicherung\\\/wie-trete-ich-einer-privaten-krankenversicherung-bei\\\/#local-main-organization-logo\"},\"image\":{\"@id\":\"https:\\\/\\\/www.goring-online.com\\\/versicherungen\\\/private-krankenversicherung-in-spanien\\\/faq-private-krankenversicherung\\\/wie-trete-ich-einer-privaten-krankenversicherung-bei\\\/#local-main-organization-logo\"},\"address\":{\"@id\":\"https:\\\/\\\/www.goring-online.com\\\/versicherungen\\\/private-krankenversicherung-in-spanien\\\/faq-private-krankenversicherung\\\/wie-trete-ich-einer-privaten-krankenversicherung-bei\\\/#local-main-place-address\"},\"telephone\":[\"+34 96 588 92 71\"],\"openingHoursSpecification\":[{\"@type\":\"OpeningHoursSpecification\",\"dayOfWeek\":[\"Monday\",\"Tuesday\",\"Wednesday\",\"Thursday\",\"Friday\"],\"opens\":\"09:00\",\"closes\":\"15:00\"},{\"@type\":\"OpeningHoursSpecification\",\"dayOfWeek\":[\"Saturday\",\"Sunday\"],\"opens\":\"00:00\",\"closes\":\"00:00\"}],\"email\":\"info@goring-online.com\",\"vatID\":\"ESB54476999\",\"taxID\":\"B54476999\",\"currenciesAccepted\":\"\u20ac\"},{\"@type\":\"PostalAddress\",\"@id\":\"https:\\\/\\\/www.goring-online.com\\\/versicherungen\\\/private-krankenversicherung-in-spanien\\\/faq-private-krankenversicherung\\\/wie-trete-ich-einer-privaten-krankenversicherung-bei\\\/#local-main-place-address\",\"streetAddress\":\"Calle Tabarca 40, 03580 - Alfaz del Pi\",\"addressLocality\":\"Alfaz del Pi\",\"postalCode\":\"03580\",\"addressRegion\":\"Alicante\",\"addressCountry\":\"ES\"},{\"@type\":\"ImageObject\",\"inLanguage\":\"fr-FR\",\"@id\":\"https:\\\/\\\/www.goring-online.com\\\/versicherungen\\\/private-krankenversicherung-in-spanien\\\/faq-private-krankenversicherung\\\/wie-trete-ich-einer-privaten-krankenversicherung-bei\\\/#local-main-organization-logo\",\"url\":\"https:\\\/\\\/www.goring-online.com\\\/app\\\/uploads\\\/2020\\\/03\\\/logo-goring.png\",\"contentUrl\":\"https:\\\/\\\/www.goring-online.com\\\/app\\\/uploads\\\/2020\\\/03\\\/logo-goring.png\",\"width\":216,\"height\":76,\"caption\":\"G\u00f6ring Versicherungsmakler\"}]}<\/script>\n<meta name=\"geo.placename\" content=\"Alfaz del Pi\" \/>\n<meta name=\"geo.region\" content=\"Espagne\" \/>\n<!-- \/ Yoast SEO Premium plugin. -->","yoast_head_json":{"title":"Comment adh\u00e9rer \u00e0 une assurance maladie priv\u00e9e ? | G\u00f6ring Versicherungsmakler","robots":{"index":"noindex","follow":"follow"},"og_locale":"fr_FR","og_type":"article","og_title":"Comment adh\u00e9rer \u00e0 une assurance maladie priv\u00e9e ?","og_description":"Un formulaire de demande standardis\u00e9 doit \u00eatre rempli. Des questions sont \u00e9galement pos\u00e9es sur votre \u00e9tat de sant\u00e9 actuel. La compagnie d&#8217;assurance d\u00e9cide ensuite des conditions dans lesquelles vous serez accept\u00e9. Vous d\u00e9cidez alors d&#8217;accepter ou non l&#8217;assurance.","og_url":"https:\/\/www.goring-online.com\/versicherungen\/private-krankenversicherung-in-spanien\/faq-private-krankenversicherung\/wie-trete-ich-einer-privaten-krankenversicherung-bei\/","og_site_name":"G\u00f6ring Versicherungsmakler","og_image":[{"width":400,"height":400,"url":"https:\/\/www.goring-online.com\/app\/uploads\/2018\/08\/risikolebensversicherung.jpg","type":"image\/jpeg"}],"twitter_card":"summary_large_image","schema":{"@context":"https:\/\/schema.org","@graph":[{"@type":"WebPage","@id":"https:\/\/www.goring-online.com\/versicherungen\/private-krankenversicherung-in-spanien\/faq-private-krankenversicherung\/wie-trete-ich-einer-privaten-krankenversicherung-bei\/","url":"https:\/\/www.goring-online.com\/versicherungen\/private-krankenversicherung-in-spanien\/faq-private-krankenversicherung\/wie-trete-ich-einer-privaten-krankenversicherung-bei\/","name":"Comment adh\u00e9rer \u00e0 une assurance maladie priv\u00e9e ? | G\u00f6ring Versicherungsmakler","isPartOf":{"@id":"https:\/\/www.goring-online.com\/#website"},"datePublished":"2023-06-21T14:11:16+00:00","breadcrumb":{"@id":"https:\/\/www.goring-online.com\/versicherungen\/private-krankenversicherung-in-spanien\/faq-private-krankenversicherung\/wie-trete-ich-einer-privaten-krankenversicherung-bei\/#breadcrumb"},"inLanguage":"fr-FR","potentialAction":[{"@type":"ReadAction","target":["https:\/\/www.goring-online.com\/versicherungen\/private-krankenversicherung-in-spanien\/faq-private-krankenversicherung\/wie-trete-ich-einer-privaten-krankenversicherung-bei\/"]}]},{"@type":"BreadcrumbList","@id":"https:\/\/www.goring-online.com\/versicherungen\/private-krankenversicherung-in-spanien\/faq-private-krankenversicherung\/wie-trete-ich-einer-privaten-krankenversicherung-bei\/#breadcrumb","itemListElement":[{"@type":"ListItem","position":1,"name":"Startseite","item":"https:\/\/www.goring-online.com\/fr\/"},{"@type":"ListItem","position":2,"name":"Assurances","item":"https:\/\/www.goring-online.com\/fr\/assurances\/"},{"@type":"ListItem","position":3,"name":"Assurance maladie priv\u00e9e en Espagne","item":"https:\/\/www.goring-online.com\/fr\/assurances\/assurance-maladie-privee-en-espagne\/"},{"@type":"ListItem","position":4,"name":"Questions et r\u00e9ponses","item":"https:\/\/www.goring-online.com\/fr\/assurances\/assurance-maladie-privee-en-espagne\/questions-et-reponses\/"},{"@type":"ListItem","position":5,"name":"Comment adh\u00e9rer \u00e0 une assurance maladie priv\u00e9e ?"}]},{"@type":"WebSite","@id":"https:\/\/www.goring-online.com\/#website","url":"https:\/\/www.goring-online.com\/","name":"G\u00f6ring Versicherungsmakler","description":"","publisher":{"@id":"https:\/\/www.goring-online.com\/#organization"},"potentialAction":[{"@type":"SearchAction","target":{"@type":"EntryPoint","urlTemplate":"https:\/\/www.goring-online.com\/?s={search_term_string}"},"query-input":{"@type":"PropertyValueSpecification","valueRequired":true,"valueName":"search_term_string"}}],"inLanguage":"fr-FR"},{"@type":["Organization","Place","InsuranceAgency"],"@id":"https:\/\/www.goring-online.com\/#organization","name":"G\u00f6ring Versicherungsmakler","url":"https:\/\/www.goring-online.com\/","logo":{"@id":"https:\/\/www.goring-online.com\/versicherungen\/private-krankenversicherung-in-spanien\/faq-private-krankenversicherung\/wie-trete-ich-einer-privaten-krankenversicherung-bei\/#local-main-organization-logo"},"image":{"@id":"https:\/\/www.goring-online.com\/versicherungen\/private-krankenversicherung-in-spanien\/faq-private-krankenversicherung\/wie-trete-ich-einer-privaten-krankenversicherung-bei\/#local-main-organization-logo"},"address":{"@id":"https:\/\/www.goring-online.com\/versicherungen\/private-krankenversicherung-in-spanien\/faq-private-krankenversicherung\/wie-trete-ich-einer-privaten-krankenversicherung-bei\/#local-main-place-address"},"telephone":["+34 96 588 92 71"],"openingHoursSpecification":[{"@type":"OpeningHoursSpecification","dayOfWeek":["Monday","Tuesday","Wednesday","Thursday","Friday"],"opens":"09:00","closes":"15:00"},{"@type":"OpeningHoursSpecification","dayOfWeek":["Saturday","Sunday"],"opens":"00:00","closes":"00:00"}],"email":"info@goring-online.com","vatID":"ESB54476999","taxID":"B54476999","currenciesAccepted":"\u20ac"},{"@type":"PostalAddress","@id":"https:\/\/www.goring-online.com\/versicherungen\/private-krankenversicherung-in-spanien\/faq-private-krankenversicherung\/wie-trete-ich-einer-privaten-krankenversicherung-bei\/#local-main-place-address","streetAddress":"Calle Tabarca 40, 03580 - Alfaz del Pi","addressLocality":"Alfaz del Pi","postalCode":"03580","addressRegion":"Alicante","addressCountry":"ES"},{"@type":"ImageObject","inLanguage":"fr-FR","@id":"https:\/\/www.goring-online.com\/versicherungen\/private-krankenversicherung-in-spanien\/faq-private-krankenversicherung\/wie-trete-ich-einer-privaten-krankenversicherung-bei\/#local-main-organization-logo","url":"https:\/\/www.goring-online.com\/app\/uploads\/2020\/03\/logo-goring.png","contentUrl":"https:\/\/www.goring-online.com\/app\/uploads\/2020\/03\/logo-goring.png","width":216,"height":76,"caption":"G\u00f6ring Versicherungsmakler"}]},"geo.placename":"Alfaz del Pi","geo.region":"Espagne"},"yoast_focus_keyword":"","yoast_seo_title":"","yoast_meta_description":"","_links":{"self":[{"href":"https:\/\/www.goring-online.com\/fr\/wp-json\/wp\/v2\/pages\/16094","targetHints":{"allow":["GET"]}}],"collection":[{"href":"https:\/\/www.goring-online.com\/fr\/wp-json\/wp\/v2\/pages"}],"about":[{"href":"https:\/\/www.goring-online.com\/fr\/wp-json\/wp\/v2\/types\/page"}],"author":[{"embeddable":true,"href":"https:\/\/www.goring-online.com\/fr\/wp-json\/wp\/v2\/users\/2"}],"replies":[{"embeddable":true,"href":"https:\/\/www.goring-online.com\/fr\/wp-json\/wp\/v2\/comments?post=16094"}],"version-history":[{"count":2,"href":"https:\/\/www.goring-online.com\/fr\/wp-json\/wp\/v2\/pages\/16094\/revisions"}],"predecessor-version":[{"id":16100,"href":"https:\/\/www.goring-online.com\/fr\/wp-json\/wp\/v2\/pages\/16094\/revisions\/16100"}],"up":[{"embeddable":true,"href":"https:\/\/www.goring-online.com\/fr\/wp-json\/wp\/v2\/pages\/16182"}],"wp:attachment":[{"href":"https:\/\/www.goring-online.com\/fr\/wp-json\/wp\/v2\/media?parent=16094"}],"curies":[{"name":"wp","href":"https:\/\/api.w.org\/{rel}","templated":true}]}}