{"id":16118,"date":"2023-06-21T16:13:35","date_gmt":"2023-06-21T14:13:35","guid":{"rendered":"https:\/\/www.goring-online.com\/?page_id=16118"},"modified":"2023-06-21T16:13:35","modified_gmt":"2023-06-21T14:13:35","slug":"quest-ce-qui-est-considere-comme-un-batiment","status":"publish","type":"page","link":"https:\/\/www.goring-online.com\/fr\/assurances\/assurance-batiment-et-habitation-en-espagne\/questions-et-reponses-2\/quest-ce-qui-est-considere-comme-un-batiment\/","title":{"rendered":"Qu&#8217;est-ce qui est consid\u00e9r\u00e9 comme un b\u00e2timent ?"},"content":{"rendered":"<p>En r\u00e8gle g\u00e9n\u00e9rale, les \u00e9l\u00e9ments suivants sont attribu\u00e9s au b\u00e2timent :<\/p>\n<ul>\n<li>les fondations, les murs porteurs, les planchers, les murs,les cloisons, les toitures, les portes, les fen\u00eatres, les placards ainsi que les vitres, les stores et les persiennes encastr\u00e9s.<\/li>\n<li>Les annexes, telles que le garage priv\u00e9 ou le parking et le d\u00e9barras, m\u00eame si elles sont situ\u00e9es en dehors de l&#8217;espace d\u00e9limit\u00e9 par les locaux d&#8217;habitation eux-m\u00eames. La condition est qu&#8217;elles fassent partie int\u00e9grante du b\u00e2timent dans lequel se trouvent les locaux d&#8217;habitation ou qu&#8217;elles soient situ\u00e9es sur le m\u00eame terrain que les locaux d&#8217;habitation et qu&#8217;elles pr\u00e9sentent des caract\u00e9ristiques de construction similaires \u00e0 celles du b\u00e2timent principal.<\/li>\n<li>Les installations fixes, telles que les installations d&#8217;eau, de chauffage, d&#8217;\u00e9vacuation des eaux us\u00e9es, de climatisation, d&#8217;\u00e9lectricit\u00e9 et de gaz, y compris les raccordements au r\u00e9seau g\u00e9n\u00e9ral, pour autant qu&#8217;elles soient situ\u00e9es \u00e0 l&#8217;int\u00e9rieur du terrain sur lequel se trouvent les locaux d&#8217;habitation, ainsi que les installations d&#8217;\u00e9nergie solaire, d&#8217;\u00e9nergie \u00e9olienne et de t\u00e9l\u00e9phonie<\/li>\n<li>Les \u00e9l\u00e9ments n\u00e9cessaires au fonctionnement des installations de chauffage, de climatisation et sanitaires, tels que les radiateurs,les accumulateurs,les appareils de r\u00e9frig\u00e9ration et de production de froid, \u00e0 condition qu&#8217;ils soient install\u00e9s de fa\u00e7on permanente et fixe dans le b\u00e2timent.<\/li>\n<li>Les \u00e9quipements tels que les escaliers, les ascenseurs et les antennes de radio et de t\u00e9l\u00e9vision.<\/li>\n<li>Dans tous les cas, les \u00e9l\u00e9ments fixes de d\u00e9coration et d&#8217;ornementation fix\u00e9s aux sols, plafonds et\/ou murs, faisant partie int\u00e9grante des locaux d&#8217;habitation et appartenant \u00e0 l&#8217;assur\u00e9, tels que peintures,papiers peints, tissus,tapis ou parquets, etc.<\/li>\n<li>Les cl\u00f4tures et murs de sout\u00e8nement \u00e9ventuels pour des surfaces ind\u00e9pendantes du b\u00e2timent ainsi que les installations sportives, les piscines et leurs \u00e9quipements fixes sont \u00e9galement inclus.<\/li>\n<li>S&#8217;il s&#8217;agit d&#8217;une copropri\u00e9t\u00e9, l&#8217;assurance comprend \u00e9galement le pourcentage de participation de l&#8217;assur\u00e9 aux installations communes, si l&#8217;assurance commune souscrite par les copropri\u00e9taires n&#8217;est pas suffisante ou si une telle assurance n&#8217;existe pas.<\/li>\n<\/ul>\n","protected":false},"excerpt":{"rendered":"<p>En r\u00e8gle g\u00e9n\u00e9rale, les \u00e9l\u00e9ments suivants sont attribu\u00e9s au b\u00e2timent : les fondations, les murs porteurs, les planchers, les murs,les cloisons, les toitures, les portes, les fen\u00eatres, les placards ainsi que les vitres, les stores et les persiennes encastr\u00e9s. Les annexes, telles que le garage priv\u00e9 ou le parking et le d\u00e9barras, m\u00eame si elles &hellip;<\/p>\n","protected":false},"author":2,"featured_media":0,"parent":16183,"menu_order":0,"comment_status":"open","ping_status":"open","template":"","meta":{"_yoast_wpseo_focuskw":"","_yoast_wpseo_title":"","_yoast_wpseo_metadesc":"","footnotes":""},"class_list":["post-16118","page","type-page","status-publish","hentry"],"yoast_head":"<!-- This site is optimized with the Yoast SEO Premium plugin v20.6 (Yoast SEO v27.4) - https:\/\/yoast.com\/product\/yoast-seo-premium-wordpress\/ -->\n<title>Qu&#039;est-ce qui est consid\u00e9r\u00e9 comme un b\u00e2timent ? | G\u00f6ring Versicherungsmakler<\/title>\n<meta name=\"robots\" content=\"noindex, follow\" \/>\n<meta property=\"og:locale\" content=\"fr_FR\" \/>\n<meta property=\"og:type\" content=\"article\" \/>\n<meta property=\"og:title\" content=\"Qu&#039;est-ce qui est consid\u00e9r\u00e9 comme un b\u00e2timent ?\" \/>\n<meta property=\"og:description\" content=\"En r\u00e8gle g\u00e9n\u00e9rale, les \u00e9l\u00e9ments suivants sont attribu\u00e9s au b\u00e2timent : les fondations, les murs porteurs, les planchers, les murs,les cloisons, les toitures, les portes, les fen\u00eatres, les placards ainsi que les vitres, les stores et les persiennes encastr\u00e9s. Les annexes, telles que le garage priv\u00e9 ou le parking et le d\u00e9barras, m\u00eame si elles &hellip;\" \/>\n<meta property=\"og:url\" content=\"https:\/\/www.goring-online.com\/versicherungen\/gebaeude-und-hausratversicherung-in-spanien\/faq-gebaeude-und-hausratversicherung\/was-zaehlt-zum-gebaeude\/\" \/>\n<meta property=\"og:site_name\" content=\"G\u00f6ring Versicherungsmakler\" \/>\n<meta property=\"og:image\" content=\"https:\/\/www.goring-online.com\/app\/uploads\/2018\/08\/risikolebensversicherung.jpg\" \/>\n\t<meta property=\"og:image:width\" content=\"400\" \/>\n\t<meta property=\"og:image:height\" content=\"400\" \/>\n\t<meta property=\"og:image:type\" content=\"image\/jpeg\" \/>\n<meta name=\"twitter:card\" content=\"summary_large_image\" \/>\n<script type=\"application\/ld+json\" class=\"yoast-schema-graph\">{\"@context\":\"https:\\\/\\\/schema.org\",\"@graph\":[{\"@type\":\"WebPage\",\"@id\":\"https:\\\/\\\/www.goring-online.com\\\/versicherungen\\\/gebaeude-und-hausratversicherung-in-spanien\\\/faq-gebaeude-und-hausratversicherung\\\/was-zaehlt-zum-gebaeude\\\/\",\"url\":\"https:\\\/\\\/www.goring-online.com\\\/versicherungen\\\/gebaeude-und-hausratversicherung-in-spanien\\\/faq-gebaeude-und-hausratversicherung\\\/was-zaehlt-zum-gebaeude\\\/\",\"name\":\"Qu'est-ce qui est consid\u00e9r\u00e9 comme un b\u00e2timent ? | G\u00f6ring Versicherungsmakler\",\"isPartOf\":{\"@id\":\"https:\\\/\\\/www.goring-online.com\\\/#website\"},\"datePublished\":\"2023-06-21T14:13:35+00:00\",\"breadcrumb\":{\"@id\":\"https:\\\/\\\/www.goring-online.com\\\/versicherungen\\\/gebaeude-und-hausratversicherung-in-spanien\\\/faq-gebaeude-und-hausratversicherung\\\/was-zaehlt-zum-gebaeude\\\/#breadcrumb\"},\"inLanguage\":\"fr-FR\",\"potentialAction\":[{\"@type\":\"ReadAction\",\"target\":[\"https:\\\/\\\/www.goring-online.com\\\/versicherungen\\\/gebaeude-und-hausratversicherung-in-spanien\\\/faq-gebaeude-und-hausratversicherung\\\/was-zaehlt-zum-gebaeude\\\/\"]}]},{\"@type\":\"BreadcrumbList\",\"@id\":\"https:\\\/\\\/www.goring-online.com\\\/versicherungen\\\/gebaeude-und-hausratversicherung-in-spanien\\\/faq-gebaeude-und-hausratversicherung\\\/was-zaehlt-zum-gebaeude\\\/#breadcrumb\",\"itemListElement\":[{\"@type\":\"ListItem\",\"position\":1,\"name\":\"Startseite\",\"item\":\"https:\\\/\\\/www.goring-online.com\\\/fr\\\/\"},{\"@type\":\"ListItem\",\"position\":2,\"name\":\"Assurances\",\"item\":\"https:\\\/\\\/www.goring-online.com\\\/fr\\\/assurances\\\/\"},{\"@type\":\"ListItem\",\"position\":3,\"name\":\"Assurance maison et contenu en Espagne\",\"item\":\"https:\\\/\\\/www.goring-online.com\\\/fr\\\/assurances\\\/assurance-batiment-et-habitation-en-espagne\\\/\"},{\"@type\":\"ListItem\",\"position\":4,\"name\":\"Questions et r\u00e9ponses\",\"item\":\"https:\\\/\\\/www.goring-online.com\\\/fr\\\/assurances\\\/assurance-batiment-et-habitation-en-espagne\\\/questions-et-reponses-2\\\/\"},{\"@type\":\"ListItem\",\"position\":5,\"name\":\"Qu&#8217;est-ce qui est consid\u00e9r\u00e9 comme un b\u00e2timent ?\"}]},{\"@type\":\"WebSite\",\"@id\":\"https:\\\/\\\/www.goring-online.com\\\/#website\",\"url\":\"https:\\\/\\\/www.goring-online.com\\\/\",\"name\":\"G\u00f6ring Versicherungsmakler\",\"description\":\"\",\"publisher\":{\"@id\":\"https:\\\/\\\/www.goring-online.com\\\/#organization\"},\"potentialAction\":[{\"@type\":\"SearchAction\",\"target\":{\"@type\":\"EntryPoint\",\"urlTemplate\":\"https:\\\/\\\/www.goring-online.com\\\/?s={search_term_string}\"},\"query-input\":{\"@type\":\"PropertyValueSpecification\",\"valueRequired\":true,\"valueName\":\"search_term_string\"}}],\"inLanguage\":\"fr-FR\"},{\"@type\":[\"Organization\",\"Place\",\"InsuranceAgency\"],\"@id\":\"https:\\\/\\\/www.goring-online.com\\\/#organization\",\"name\":\"G\u00f6ring Versicherungsmakler\",\"url\":\"https:\\\/\\\/www.goring-online.com\\\/\",\"logo\":{\"@id\":\"https:\\\/\\\/www.goring-online.com\\\/versicherungen\\\/gebaeude-und-hausratversicherung-in-spanien\\\/faq-gebaeude-und-hausratversicherung\\\/was-zaehlt-zum-gebaeude\\\/#local-main-organization-logo\"},\"image\":{\"@id\":\"https:\\\/\\\/www.goring-online.com\\\/versicherungen\\\/gebaeude-und-hausratversicherung-in-spanien\\\/faq-gebaeude-und-hausratversicherung\\\/was-zaehlt-zum-gebaeude\\\/#local-main-organization-logo\"},\"address\":{\"@id\":\"https:\\\/\\\/www.goring-online.com\\\/versicherungen\\\/gebaeude-und-hausratversicherung-in-spanien\\\/faq-gebaeude-und-hausratversicherung\\\/was-zaehlt-zum-gebaeude\\\/#local-main-place-address\"},\"telephone\":[\"+34 96 588 92 71\"],\"openingHoursSpecification\":[{\"@type\":\"OpeningHoursSpecification\",\"dayOfWeek\":[\"Monday\",\"Tuesday\",\"Wednesday\",\"Thursday\",\"Friday\"],\"opens\":\"09:00\",\"closes\":\"15:00\"},{\"@type\":\"OpeningHoursSpecification\",\"dayOfWeek\":[\"Saturday\",\"Sunday\"],\"opens\":\"00:00\",\"closes\":\"00:00\"}],\"email\":\"info@goring-online.com\",\"vatID\":\"ESB54476999\",\"taxID\":\"B54476999\",\"currenciesAccepted\":\"\u20ac\"},{\"@type\":\"PostalAddress\",\"@id\":\"https:\\\/\\\/www.goring-online.com\\\/versicherungen\\\/gebaeude-und-hausratversicherung-in-spanien\\\/faq-gebaeude-und-hausratversicherung\\\/was-zaehlt-zum-gebaeude\\\/#local-main-place-address\",\"streetAddress\":\"Calle Tabarca 40, 03580 - Alfaz del Pi\",\"addressLocality\":\"Alfaz del Pi\",\"postalCode\":\"03580\",\"addressRegion\":\"Alicante\",\"addressCountry\":\"ES\"},{\"@type\":\"ImageObject\",\"inLanguage\":\"fr-FR\",\"@id\":\"https:\\\/\\\/www.goring-online.com\\\/versicherungen\\\/gebaeude-und-hausratversicherung-in-spanien\\\/faq-gebaeude-und-hausratversicherung\\\/was-zaehlt-zum-gebaeude\\\/#local-main-organization-logo\",\"url\":\"https:\\\/\\\/www.goring-online.com\\\/app\\\/uploads\\\/2020\\\/03\\\/logo-goring.png\",\"contentUrl\":\"https:\\\/\\\/www.goring-online.com\\\/app\\\/uploads\\\/2020\\\/03\\\/logo-goring.png\",\"width\":216,\"height\":76,\"caption\":\"G\u00f6ring Versicherungsmakler\"}]}<\/script>\n<meta name=\"geo.placename\" content=\"Alfaz del Pi\" \/>\n<meta name=\"geo.region\" content=\"Espagne\" \/>\n<!-- \/ Yoast SEO Premium plugin. -->","yoast_head_json":{"title":"Qu'est-ce qui est consid\u00e9r\u00e9 comme un b\u00e2timent ? | G\u00f6ring Versicherungsmakler","robots":{"index":"noindex","follow":"follow"},"og_locale":"fr_FR","og_type":"article","og_title":"Qu'est-ce qui est consid\u00e9r\u00e9 comme un b\u00e2timent ?","og_description":"En r\u00e8gle g\u00e9n\u00e9rale, les \u00e9l\u00e9ments suivants sont attribu\u00e9s au b\u00e2timent : les fondations, les murs porteurs, les planchers, les murs,les cloisons, les toitures, les portes, les fen\u00eatres, les placards ainsi que les vitres, les stores et les persiennes encastr\u00e9s. Les annexes, telles que le garage priv\u00e9 ou le parking et le d\u00e9barras, m\u00eame si elles &hellip;","og_url":"https:\/\/www.goring-online.com\/versicherungen\/gebaeude-und-hausratversicherung-in-spanien\/faq-gebaeude-und-hausratversicherung\/was-zaehlt-zum-gebaeude\/","og_site_name":"G\u00f6ring Versicherungsmakler","og_image":[{"width":400,"height":400,"url":"https:\/\/www.goring-online.com\/app\/uploads\/2018\/08\/risikolebensversicherung.jpg","type":"image\/jpeg"}],"twitter_card":"summary_large_image","schema":{"@context":"https:\/\/schema.org","@graph":[{"@type":"WebPage","@id":"https:\/\/www.goring-online.com\/versicherungen\/gebaeude-und-hausratversicherung-in-spanien\/faq-gebaeude-und-hausratversicherung\/was-zaehlt-zum-gebaeude\/","url":"https:\/\/www.goring-online.com\/versicherungen\/gebaeude-und-hausratversicherung-in-spanien\/faq-gebaeude-und-hausratversicherung\/was-zaehlt-zum-gebaeude\/","name":"Qu'est-ce qui est consid\u00e9r\u00e9 comme un b\u00e2timent ? | G\u00f6ring Versicherungsmakler","isPartOf":{"@id":"https:\/\/www.goring-online.com\/#website"},"datePublished":"2023-06-21T14:13:35+00:00","breadcrumb":{"@id":"https:\/\/www.goring-online.com\/versicherungen\/gebaeude-und-hausratversicherung-in-spanien\/faq-gebaeude-und-hausratversicherung\/was-zaehlt-zum-gebaeude\/#breadcrumb"},"inLanguage":"fr-FR","potentialAction":[{"@type":"ReadAction","target":["https:\/\/www.goring-online.com\/versicherungen\/gebaeude-und-hausratversicherung-in-spanien\/faq-gebaeude-und-hausratversicherung\/was-zaehlt-zum-gebaeude\/"]}]},{"@type":"BreadcrumbList","@id":"https:\/\/www.goring-online.com\/versicherungen\/gebaeude-und-hausratversicherung-in-spanien\/faq-gebaeude-und-hausratversicherung\/was-zaehlt-zum-gebaeude\/#breadcrumb","itemListElement":[{"@type":"ListItem","position":1,"name":"Startseite","item":"https:\/\/www.goring-online.com\/fr\/"},{"@type":"ListItem","position":2,"name":"Assurances","item":"https:\/\/www.goring-online.com\/fr\/assurances\/"},{"@type":"ListItem","position":3,"name":"Assurance maison et contenu en Espagne","item":"https:\/\/www.goring-online.com\/fr\/assurances\/assurance-batiment-et-habitation-en-espagne\/"},{"@type":"ListItem","position":4,"name":"Questions et r\u00e9ponses","item":"https:\/\/www.goring-online.com\/fr\/assurances\/assurance-batiment-et-habitation-en-espagne\/questions-et-reponses-2\/"},{"@type":"ListItem","position":5,"name":"Qu&#8217;est-ce qui est consid\u00e9r\u00e9 comme un b\u00e2timent ?"}]},{"@type":"WebSite","@id":"https:\/\/www.goring-online.com\/#website","url":"https:\/\/www.goring-online.com\/","name":"G\u00f6ring Versicherungsmakler","description":"","publisher":{"@id":"https:\/\/www.goring-online.com\/#organization"},"potentialAction":[{"@type":"SearchAction","target":{"@type":"EntryPoint","urlTemplate":"https:\/\/www.goring-online.com\/?s={search_term_string}"},"query-input":{"@type":"PropertyValueSpecification","valueRequired":true,"valueName":"search_term_string"}}],"inLanguage":"fr-FR"},{"@type":["Organization","Place","InsuranceAgency"],"@id":"https:\/\/www.goring-online.com\/#organization","name":"G\u00f6ring Versicherungsmakler","url":"https:\/\/www.goring-online.com\/","logo":{"@id":"https:\/\/www.goring-online.com\/versicherungen\/gebaeude-und-hausratversicherung-in-spanien\/faq-gebaeude-und-hausratversicherung\/was-zaehlt-zum-gebaeude\/#local-main-organization-logo"},"image":{"@id":"https:\/\/www.goring-online.com\/versicherungen\/gebaeude-und-hausratversicherung-in-spanien\/faq-gebaeude-und-hausratversicherung\/was-zaehlt-zum-gebaeude\/#local-main-organization-logo"},"address":{"@id":"https:\/\/www.goring-online.com\/versicherungen\/gebaeude-und-hausratversicherung-in-spanien\/faq-gebaeude-und-hausratversicherung\/was-zaehlt-zum-gebaeude\/#local-main-place-address"},"telephone":["+34 96 588 92 71"],"openingHoursSpecification":[{"@type":"OpeningHoursSpecification","dayOfWeek":["Monday","Tuesday","Wednesday","Thursday","Friday"],"opens":"09:00","closes":"15:00"},{"@type":"OpeningHoursSpecification","dayOfWeek":["Saturday","Sunday"],"opens":"00:00","closes":"00:00"}],"email":"info@goring-online.com","vatID":"ESB54476999","taxID":"B54476999","currenciesAccepted":"\u20ac"},{"@type":"PostalAddress","@id":"https:\/\/www.goring-online.com\/versicherungen\/gebaeude-und-hausratversicherung-in-spanien\/faq-gebaeude-und-hausratversicherung\/was-zaehlt-zum-gebaeude\/#local-main-place-address","streetAddress":"Calle Tabarca 40, 03580 - Alfaz del Pi","addressLocality":"Alfaz del Pi","postalCode":"03580","addressRegion":"Alicante","addressCountry":"ES"},{"@type":"ImageObject","inLanguage":"fr-FR","@id":"https:\/\/www.goring-online.com\/versicherungen\/gebaeude-und-hausratversicherung-in-spanien\/faq-gebaeude-und-hausratversicherung\/was-zaehlt-zum-gebaeude\/#local-main-organization-logo","url":"https:\/\/www.goring-online.com\/app\/uploads\/2020\/03\/logo-goring.png","contentUrl":"https:\/\/www.goring-online.com\/app\/uploads\/2020\/03\/logo-goring.png","width":216,"height":76,"caption":"G\u00f6ring Versicherungsmakler"}]},"geo.placename":"Alfaz del Pi","geo.region":"Espagne"},"yoast_focus_keyword":"","yoast_seo_title":"","yoast_meta_description":"","_links":{"self":[{"href":"https:\/\/www.goring-online.com\/fr\/wp-json\/wp\/v2\/pages\/16118","targetHints":{"allow":["GET"]}}],"collection":[{"href":"https:\/\/www.goring-online.com\/fr\/wp-json\/wp\/v2\/pages"}],"about":[{"href":"https:\/\/www.goring-online.com\/fr\/wp-json\/wp\/v2\/types\/page"}],"author":[{"embeddable":true,"href":"https:\/\/www.goring-online.com\/fr\/wp-json\/wp\/v2\/users\/2"}],"replies":[{"embeddable":true,"href":"https:\/\/www.goring-online.com\/fr\/wp-json\/wp\/v2\/comments?post=16118"}],"version-history":[{"count":3,"href":"https:\/\/www.goring-online.com\/fr\/wp-json\/wp\/v2\/pages\/16118\/revisions"}],"predecessor-version":[{"id":16126,"href":"https:\/\/www.goring-online.com\/fr\/wp-json\/wp\/v2\/pages\/16118\/revisions\/16126"}],"up":[{"embeddable":true,"href":"https:\/\/www.goring-online.com\/fr\/wp-json\/wp\/v2\/pages\/16183"}],"wp:attachment":[{"href":"https:\/\/www.goring-online.com\/fr\/wp-json\/wp\/v2\/media?parent=16118"}],"curies":[{"name":"wp","href":"https:\/\/api.w.org\/{rel}","templated":true}]}}