{"id":16212,"date":"2023-06-21T16:22:57","date_gmt":"2023-06-21T14:22:57","guid":{"rendered":"https:\/\/www.goring-online.com\/?page_id=16212"},"modified":"2023-06-23T16:17:35","modified_gmt":"2023-06-23T14:17:35","slug":"assurance-batiment-et-habitation-en-espagne","status":"publish","type":"page","link":"https:\/\/www.goring-online.com\/fr\/assurances\/assurance-batiment-et-habitation-en-espagne\/","title":{"rendered":"Assurance maison et contenu en Espagne"},"content":{"rendered":"<p>Vous vous sentez comme chez vous en Allemagne dans votre r\u00e9sidence secondaire ou principale en Espagne et vous souhaitez maintenant souscrire une assurance habitation en Espagne ? Nos experts vous aideront \u00e0 trouver la solution la plus adapt\u00e9e \u00e0 vos besoins.<!--more--><\/p>\n<p>&nbsp;<\/p>\n<h2>Assurance contre les catastrophes naturelles<\/h2>\n<p>Les dommages caus\u00e9s par les intemp\u00e9ries ou les catastrophes naturelles sont les causes les plus fr\u00e9quentes de sinistres \u00e0 la maison et devraient donc \u00eatre couverts par une assurance b\u00e2timent et habitation en Espagne. Les navetteurs et les vacanciers de longue dur\u00e9e qui voyagent entre l&#8217;Espagne, la Suisse, l&#8217;Autriche ou l&#8217;Allemagne s&#8217;inqui\u00e8tent particuli\u00e8rement, en cas d&#8217;absence, de l&#8217;imminence d&#8217;une catastrophe naturelle qui pourrait causer de graves dommages \u00e0 leur maison de vacances ou \u00e0 leur r\u00e9sidence secondaire. Une bonne assurance b\u00e2timent et habitation en Espagne ne peut pas supprimer ces inqui\u00e9tudes, mais elle peut les att\u00e9nuer. Elle couvre les dommages caus\u00e9s par la foudre, les incendies, les temp\u00eates, la pluie, la gr\u00eale ou les tremblements de terre.<\/p>\n<h2>Une protection compl\u00e8te avec notre package d&#8217;assurance habitation<\/h2>\n<p>G\u00f6ring Versicherungsmakler conna\u00eet les pr\u00e9occupations et les souhaits des propri\u00e9taires de biens immobiliers en Espagne et est le seul en Espagne continentale \u00e0 vous proposer une assurance de groupe pour les b\u00e2timents et le mobilier, y compris la responsabilit\u00e9 civile priv\u00e9e\/propri\u00e9taire en Espagne. Cette assurance ne couvre pas seulement les dommages ou les d\u00e9g\u00e2ts naturels caus\u00e9s par les intemp\u00e9ries ou les catastrophes naturelles, elle offre \u00e9galement une couverture contre le cambriolage, le vol, le vol aggrav\u00e9, le vandalisme, ainsi qu&#8217;une assurance responsabilit\u00e9 civile priv\u00e9e \u00e9tendue qui inclut \u00e9galement les chiens et les chats.<\/p>\n<h2>G\u00f6ring Versicherungsmakler : votre expert en assurance habitation et b\u00e2timent en Espagne<\/h2>\n<p>Nous sommes sp\u00e9cialis\u00e9s dans les assurances en Espagne et nous nous adressons aux propri\u00e9taires de biens immobiliers ou aux locataires de longue dur\u00e9e en Espagne qui parlent allemand et qui veulent \u00eatre bien assur\u00e9s pour eux-m\u00eames et leurs biens. La comp\u00e9tence, un bon service ainsi qu&#8217;un conseil juste et complet sont pour nous une \u00e9vidence. Laissez-vous convaincre et demandez \u00e0 G\u00f6ring Versicherungsmakler votre devis personnel et votre police d&#8217;assurance en ligne en langue allemande, confortablement et rapidement. Nous nous occupons imm\u00e9diatement de vos questions.<\/p>\n","protected":false},"excerpt":{"rendered":"<p>Vous vous sentez comme chez vous en Allemagne dans votre r\u00e9sidence secondaire ou principale en Espagne et vous souhaitez maintenant souscrire une assurance habitation en Espagne ? Nos experts vous aideront \u00e0 trouver la solution la plus adapt\u00e9e \u00e0 vos besoins.<\/p>\n","protected":false},"author":2,"featured_media":15825,"parent":16211,"menu_order":12,"comment_status":"open","ping_status":"open","template":"page-versicherung-detail.php","meta":{"_yoast_wpseo_focuskw":"","_yoast_wpseo_title":"","_yoast_wpseo_metadesc":"","footnotes":""},"class_list":["post-16212","page","type-page","status-publish","has-post-thumbnail","hentry"],"yoast_head":"<!-- This site is optimized with the Yoast SEO Premium plugin v20.6 (Yoast SEO v27.4) - https:\/\/yoast.com\/product\/yoast-seo-premium-wordpress\/ -->\n<title>Assurance maison et contenu en Espagne | G\u00f6ring Versicherungsmakler<\/title>\n<meta name=\"robots\" content=\"index, follow, max-snippet:-1, max-image-preview:large, max-video-preview:-1\" \/>\n<link rel=\"canonical\" href=\"https:\/\/www.goring-online.com\/fr\/assurances\/assurance-batiment-et-habitation-en-espagne\/\" \/>\n<meta property=\"og:locale\" content=\"fr_FR\" \/>\n<meta property=\"og:type\" content=\"article\" \/>\n<meta property=\"og:title\" content=\"Assurance maison et contenu en Espagne\" \/>\n<meta property=\"og:description\" content=\"Vous vous sentez comme chez vous en Allemagne dans votre r\u00e9sidence secondaire ou principale en Espagne et vous souhaitez maintenant souscrire une assurance habitation en Espagne ? Nos experts vous aideront \u00e0 trouver la solution la plus adapt\u00e9e \u00e0 vos besoins.\" \/>\n<meta property=\"og:url\" content=\"https:\/\/www.goring-online.com\/fr\/assurances\/assurance-batiment-et-habitation-en-espagne\/\" \/>\n<meta property=\"og:site_name\" content=\"G\u00f6ring Versicherungsmakler\" \/>\n<meta property=\"article:modified_time\" content=\"2023-06-23T14:17:35+00:00\" \/>\n<meta property=\"og:image\" content=\"https:\/\/www.goring-online.com\/app\/uploads\/2018\/08\/gebauede-hausrat-versicherung.jpg\" \/>\n\t<meta property=\"og:image:width\" content=\"400\" \/>\n\t<meta property=\"og:image:height\" content=\"400\" \/>\n\t<meta property=\"og:image:type\" content=\"image\/jpeg\" \/>\n<meta name=\"twitter:card\" content=\"summary_large_image\" \/>\n<meta name=\"twitter:label1\" content=\"Est. reading time\" \/>\n\t<meta name=\"twitter:data1\" content=\"2 minutes\" \/>\n<script type=\"application\/ld+json\" class=\"yoast-schema-graph\">{\"@context\":\"https:\\\/\\\/schema.org\",\"@graph\":[{\"@type\":\"WebPage\",\"@id\":\"https:\\\/\\\/www.goring-online.com\\\/fr\\\/assurances\\\/assurance-batiment-et-habitation-en-espagne\\\/\",\"url\":\"https:\\\/\\\/www.goring-online.com\\\/fr\\\/assurances\\\/assurance-batiment-et-habitation-en-espagne\\\/\",\"name\":\"Assurance maison et contenu en Espagne | G\u00f6ring Versicherungsmakler\",\"isPartOf\":{\"@id\":\"https:\\\/\\\/www.goring-online.com\\\/#website\"},\"primaryImageOfPage\":{\"@id\":\"https:\\\/\\\/www.goring-online.com\\\/fr\\\/assurances\\\/assurance-batiment-et-habitation-en-espagne\\\/#primaryimage\"},\"image\":{\"@id\":\"https:\\\/\\\/www.goring-online.com\\\/fr\\\/assurances\\\/assurance-batiment-et-habitation-en-espagne\\\/#primaryimage\"},\"thumbnailUrl\":\"https:\\\/\\\/www.goring-online.com\\\/app\\\/uploads\\\/2018\\\/08\\\/gebauede-hausrat-versicherung.jpg\",\"datePublished\":\"2023-06-21T14:22:57+00:00\",\"dateModified\":\"2023-06-23T14:17:35+00:00\",\"breadcrumb\":{\"@id\":\"https:\\\/\\\/www.goring-online.com\\\/fr\\\/assurances\\\/assurance-batiment-et-habitation-en-espagne\\\/#breadcrumb\"},\"inLanguage\":\"fr-FR\",\"potentialAction\":[{\"@type\":\"ReadAction\",\"target\":[\"https:\\\/\\\/www.goring-online.com\\\/fr\\\/assurances\\\/assurance-batiment-et-habitation-en-espagne\\\/\"]}]},{\"@type\":\"ImageObject\",\"inLanguage\":\"fr-FR\",\"@id\":\"https:\\\/\\\/www.goring-online.com\\\/fr\\\/assurances\\\/assurance-batiment-et-habitation-en-espagne\\\/#primaryimage\",\"url\":\"https:\\\/\\\/www.goring-online.com\\\/app\\\/uploads\\\/2018\\\/08\\\/gebauede-hausrat-versicherung.jpg\",\"contentUrl\":\"https:\\\/\\\/www.goring-online.com\\\/app\\\/uploads\\\/2018\\\/08\\\/gebauede-hausrat-versicherung.jpg\",\"width\":400,\"height\":400},{\"@type\":\"BreadcrumbList\",\"@id\":\"https:\\\/\\\/www.goring-online.com\\\/fr\\\/assurances\\\/assurance-batiment-et-habitation-en-espagne\\\/#breadcrumb\",\"itemListElement\":[{\"@type\":\"ListItem\",\"position\":1,\"name\":\"Startseite\",\"item\":\"https:\\\/\\\/www.goring-online.com\\\/fr\\\/\"},{\"@type\":\"ListItem\",\"position\":2,\"name\":\"Assurances\",\"item\":\"https:\\\/\\\/www.goring-online.com\\\/fr\\\/assurances\\\/\"},{\"@type\":\"ListItem\",\"position\":3,\"name\":\"Assurance maison et contenu en Espagne\"}]},{\"@type\":\"WebSite\",\"@id\":\"https:\\\/\\\/www.goring-online.com\\\/#website\",\"url\":\"https:\\\/\\\/www.goring-online.com\\\/\",\"name\":\"G\u00f6ring Versicherungsmakler\",\"description\":\"\",\"publisher\":{\"@id\":\"https:\\\/\\\/www.goring-online.com\\\/#organization\"},\"potentialAction\":[{\"@type\":\"SearchAction\",\"target\":{\"@type\":\"EntryPoint\",\"urlTemplate\":\"https:\\\/\\\/www.goring-online.com\\\/?s={search_term_string}\"},\"query-input\":{\"@type\":\"PropertyValueSpecification\",\"valueRequired\":true,\"valueName\":\"search_term_string\"}}],\"inLanguage\":\"fr-FR\"},{\"@type\":[\"Organization\",\"Place\",\"InsuranceAgency\"],\"@id\":\"https:\\\/\\\/www.goring-online.com\\\/#organization\",\"name\":\"G\u00f6ring Versicherungsmakler\",\"url\":\"https:\\\/\\\/www.goring-online.com\\\/\",\"logo\":{\"@id\":\"https:\\\/\\\/www.goring-online.com\\\/fr\\\/assurances\\\/assurance-batiment-et-habitation-en-espagne\\\/#local-main-organization-logo\"},\"image\":{\"@id\":\"https:\\\/\\\/www.goring-online.com\\\/fr\\\/assurances\\\/assurance-batiment-et-habitation-en-espagne\\\/#local-main-organization-logo\"},\"address\":{\"@id\":\"https:\\\/\\\/www.goring-online.com\\\/fr\\\/assurances\\\/assurance-batiment-et-habitation-en-espagne\\\/#local-main-place-address\"},\"telephone\":[\"+34 96 588 92 71\"],\"openingHoursSpecification\":[{\"@type\":\"OpeningHoursSpecification\",\"dayOfWeek\":[\"Monday\",\"Tuesday\",\"Wednesday\",\"Thursday\",\"Friday\"],\"opens\":\"09:00\",\"closes\":\"15:00\"},{\"@type\":\"OpeningHoursSpecification\",\"dayOfWeek\":[\"Saturday\",\"Sunday\"],\"opens\":\"00:00\",\"closes\":\"00:00\"}],\"email\":\"info@goring-online.com\",\"vatID\":\"ESB54476999\",\"taxID\":\"B54476999\",\"currenciesAccepted\":\"\u20ac\"},{\"@type\":\"PostalAddress\",\"@id\":\"https:\\\/\\\/www.goring-online.com\\\/fr\\\/assurances\\\/assurance-batiment-et-habitation-en-espagne\\\/#local-main-place-address\",\"streetAddress\":\"Calle Tabarca 40, 03580 - Alfaz del Pi\",\"addressLocality\":\"Alfaz del Pi\",\"postalCode\":\"03580\",\"addressRegion\":\"Alicante\",\"addressCountry\":\"ES\"},{\"@type\":\"ImageObject\",\"inLanguage\":\"fr-FR\",\"@id\":\"https:\\\/\\\/www.goring-online.com\\\/fr\\\/assurances\\\/assurance-batiment-et-habitation-en-espagne\\\/#local-main-organization-logo\",\"url\":\"https:\\\/\\\/www.goring-online.com\\\/app\\\/uploads\\\/2020\\\/03\\\/logo-goring.png\",\"contentUrl\":\"https:\\\/\\\/www.goring-online.com\\\/app\\\/uploads\\\/2020\\\/03\\\/logo-goring.png\",\"width\":216,\"height\":76,\"caption\":\"G\u00f6ring Versicherungsmakler\"}]}<\/script>\n<meta name=\"geo.placename\" content=\"Alfaz del Pi\" \/>\n<meta name=\"geo.region\" content=\"Espagne\" \/>\n<!-- \/ Yoast SEO Premium plugin. -->","yoast_head_json":{"title":"Assurance maison et contenu en Espagne | G\u00f6ring Versicherungsmakler","robots":{"index":"index","follow":"follow","max-snippet":"max-snippet:-1","max-image-preview":"max-image-preview:large","max-video-preview":"max-video-preview:-1"},"canonical":"https:\/\/www.goring-online.com\/fr\/assurances\/assurance-batiment-et-habitation-en-espagne\/","og_locale":"fr_FR","og_type":"article","og_title":"Assurance maison et contenu en Espagne","og_description":"Vous vous sentez comme chez vous en Allemagne dans votre r\u00e9sidence secondaire ou principale en Espagne et vous souhaitez maintenant souscrire une assurance habitation en Espagne ? Nos experts vous aideront \u00e0 trouver la solution la plus adapt\u00e9e \u00e0 vos besoins.","og_url":"https:\/\/www.goring-online.com\/fr\/assurances\/assurance-batiment-et-habitation-en-espagne\/","og_site_name":"G\u00f6ring Versicherungsmakler","article_modified_time":"2023-06-23T14:17:35+00:00","og_image":[{"width":400,"height":400,"url":"https:\/\/www.goring-online.com\/app\/uploads\/2018\/08\/gebauede-hausrat-versicherung.jpg","type":"image\/jpeg"}],"twitter_card":"summary_large_image","twitter_misc":{"Est. reading time":"2 minutes"},"schema":{"@context":"https:\/\/schema.org","@graph":[{"@type":"WebPage","@id":"https:\/\/www.goring-online.com\/fr\/assurances\/assurance-batiment-et-habitation-en-espagne\/","url":"https:\/\/www.goring-online.com\/fr\/assurances\/assurance-batiment-et-habitation-en-espagne\/","name":"Assurance maison et contenu en Espagne | G\u00f6ring Versicherungsmakler","isPartOf":{"@id":"https:\/\/www.goring-online.com\/#website"},"primaryImageOfPage":{"@id":"https:\/\/www.goring-online.com\/fr\/assurances\/assurance-batiment-et-habitation-en-espagne\/#primaryimage"},"image":{"@id":"https:\/\/www.goring-online.com\/fr\/assurances\/assurance-batiment-et-habitation-en-espagne\/#primaryimage"},"thumbnailUrl":"https:\/\/www.goring-online.com\/app\/uploads\/2018\/08\/gebauede-hausrat-versicherung.jpg","datePublished":"2023-06-21T14:22:57+00:00","dateModified":"2023-06-23T14:17:35+00:00","breadcrumb":{"@id":"https:\/\/www.goring-online.com\/fr\/assurances\/assurance-batiment-et-habitation-en-espagne\/#breadcrumb"},"inLanguage":"fr-FR","potentialAction":[{"@type":"ReadAction","target":["https:\/\/www.goring-online.com\/fr\/assurances\/assurance-batiment-et-habitation-en-espagne\/"]}]},{"@type":"ImageObject","inLanguage":"fr-FR","@id":"https:\/\/www.goring-online.com\/fr\/assurances\/assurance-batiment-et-habitation-en-espagne\/#primaryimage","url":"https:\/\/www.goring-online.com\/app\/uploads\/2018\/08\/gebauede-hausrat-versicherung.jpg","contentUrl":"https:\/\/www.goring-online.com\/app\/uploads\/2018\/08\/gebauede-hausrat-versicherung.jpg","width":400,"height":400},{"@type":"BreadcrumbList","@id":"https:\/\/www.goring-online.com\/fr\/assurances\/assurance-batiment-et-habitation-en-espagne\/#breadcrumb","itemListElement":[{"@type":"ListItem","position":1,"name":"Startseite","item":"https:\/\/www.goring-online.com\/fr\/"},{"@type":"ListItem","position":2,"name":"Assurances","item":"https:\/\/www.goring-online.com\/fr\/assurances\/"},{"@type":"ListItem","position":3,"name":"Assurance maison et contenu en Espagne"}]},{"@type":"WebSite","@id":"https:\/\/www.goring-online.com\/#website","url":"https:\/\/www.goring-online.com\/","name":"G\u00f6ring Versicherungsmakler","description":"","publisher":{"@id":"https:\/\/www.goring-online.com\/#organization"},"potentialAction":[{"@type":"SearchAction","target":{"@type":"EntryPoint","urlTemplate":"https:\/\/www.goring-online.com\/?s={search_term_string}"},"query-input":{"@type":"PropertyValueSpecification","valueRequired":true,"valueName":"search_term_string"}}],"inLanguage":"fr-FR"},{"@type":["Organization","Place","InsuranceAgency"],"@id":"https:\/\/www.goring-online.com\/#organization","name":"G\u00f6ring Versicherungsmakler","url":"https:\/\/www.goring-online.com\/","logo":{"@id":"https:\/\/www.goring-online.com\/fr\/assurances\/assurance-batiment-et-habitation-en-espagne\/#local-main-organization-logo"},"image":{"@id":"https:\/\/www.goring-online.com\/fr\/assurances\/assurance-batiment-et-habitation-en-espagne\/#local-main-organization-logo"},"address":{"@id":"https:\/\/www.goring-online.com\/fr\/assurances\/assurance-batiment-et-habitation-en-espagne\/#local-main-place-address"},"telephone":["+34 96 588 92 71"],"openingHoursSpecification":[{"@type":"OpeningHoursSpecification","dayOfWeek":["Monday","Tuesday","Wednesday","Thursday","Friday"],"opens":"09:00","closes":"15:00"},{"@type":"OpeningHoursSpecification","dayOfWeek":["Saturday","Sunday"],"opens":"00:00","closes":"00:00"}],"email":"info@goring-online.com","vatID":"ESB54476999","taxID":"B54476999","currenciesAccepted":"\u20ac"},{"@type":"PostalAddress","@id":"https:\/\/www.goring-online.com\/fr\/assurances\/assurance-batiment-et-habitation-en-espagne\/#local-main-place-address","streetAddress":"Calle Tabarca 40, 03580 - Alfaz del Pi","addressLocality":"Alfaz del Pi","postalCode":"03580","addressRegion":"Alicante","addressCountry":"ES"},{"@type":"ImageObject","inLanguage":"fr-FR","@id":"https:\/\/www.goring-online.com\/fr\/assurances\/assurance-batiment-et-habitation-en-espagne\/#local-main-organization-logo","url":"https:\/\/www.goring-online.com\/app\/uploads\/2020\/03\/logo-goring.png","contentUrl":"https:\/\/www.goring-online.com\/app\/uploads\/2020\/03\/logo-goring.png","width":216,"height":76,"caption":"G\u00f6ring Versicherungsmakler"}]},"geo.placename":"Alfaz del Pi","geo.region":"Espagne"},"yoast_focus_keyword":"","yoast_seo_title":"","yoast_meta_description":"","_links":{"self":[{"href":"https:\/\/www.goring-online.com\/fr\/wp-json\/wp\/v2\/pages\/16212","targetHints":{"allow":["GET"]}}],"collection":[{"href":"https:\/\/www.goring-online.com\/fr\/wp-json\/wp\/v2\/pages"}],"about":[{"href":"https:\/\/www.goring-online.com\/fr\/wp-json\/wp\/v2\/types\/page"}],"author":[{"embeddable":true,"href":"https:\/\/www.goring-online.com\/fr\/wp-json\/wp\/v2\/users\/2"}],"replies":[{"embeddable":true,"href":"https:\/\/www.goring-online.com\/fr\/wp-json\/wp\/v2\/comments?post=16212"}],"version-history":[{"count":3,"href":"https:\/\/www.goring-online.com\/fr\/wp-json\/wp\/v2\/pages\/16212\/revisions"}],"predecessor-version":[{"id":16257,"href":"https:\/\/www.goring-online.com\/fr\/wp-json\/wp\/v2\/pages\/16212\/revisions\/16257"}],"up":[{"embeddable":true,"href":"https:\/\/www.goring-online.com\/fr\/wp-json\/wp\/v2\/pages\/16211"}],"wp:featuredmedia":[{"embeddable":true,"href":"https:\/\/www.goring-online.com\/fr\/wp-json\/wp\/v2\/media\/15825"}],"wp:attachment":[{"href":"https:\/\/www.goring-online.com\/fr\/wp-json\/wp\/v2\/media?parent=16212"}],"curies":[{"name":"wp","href":"https:\/\/api.w.org\/{rel}","templated":true}]}}