{"id":16222,"date":"2023-06-21T16:23:29","date_gmt":"2023-06-21T14:23:29","guid":{"rendered":"https:\/\/www.goring-online.com\/?page_id=16222"},"modified":"2023-06-21T16:23:29","modified_gmt":"2023-06-21T14:23:29","slug":"assurance-automobile-en-espagne","status":"publish","type":"page","link":"https:\/\/www.goring-online.com\/fr\/assurances\/assurance-automobile-en-espagne\/","title":{"rendered":"Assurance automobile en Espagne"},"content":{"rendered":"<p>Vous souhaitez \u00e9galement \u00eatre mobile en Espagne, votre r\u00e9sidence secondaire ou principale, et vous cherchez donc une assurance automobile en Espagne qui vous offre les m\u00eames avantages et commodit\u00e9s qu&#8217;une assurance en France ? Nous trouverons l&#8217;offre qui vous convient, adapt\u00e9e \u00e0 vos besoins.<!--more--><\/p>\n<p>&nbsp;<\/p>\n<h2>Votre assurance automobile en Espagne<\/h2>\n<p>Vous vivez enti\u00e8rement ou partiellement en Espagne et souhaitez y assurer votre voiture immatricul\u00e9e en Espagne selon les normes de qualit\u00e9 allemandes afin d&#8217;\u00eatre par\u00e9 \u00e0 toute \u00e9ventualit\u00e9 ? Dans ce cas, vous \u00eates \u00e0 la bonne adresse chez le courtier en assurances G\u00f6ring. Nous sommes sp\u00e9cialis\u00e9s dans l&#8217;assurance automobile en Espagne et dans le conseil ind\u00e9pendant et professionnel de la g\u00e9n\u00e9ration 50+. Gr\u00e2ce \u00e0 nos polices d&#8217;assurance en langue allemande et \u00e0 un ensemble de services personnalis\u00e9s, nous r\u00e9pondons \u00e0 toutes vos questions et \u00e0 tous vos besoins en mati\u00e8re d&#8217;assurance automobile en Espagne.<br \/>\nNous reconnaissons votre rabais de non-sinistre allemand et offrons une protection juridique et une assistance routi\u00e8re 24 heures sur 24 dans toutes les polices. En cas de sinistre, il vous suffit d&#8217;informer G\u00f6ring Versicherungsmakler. Rien d&#8217;autre. Notre \u00e9quipe exp\u00e9riment\u00e9e et francophone se charge de toutes les d\u00e9marches pour vous.<br \/>\nD&#8217;ailleurs, nos prix ne craignent pas la comparaison, nous ne sommes pas plus chers que les assureurs directs. Jugez-en par vous-m\u00eame et demandez votre devis personnalis\u00e9 en ligne. Il vous suffit de remplir le formulaire et vous recevrez imm\u00e9diatement tous les documents n\u00e9cessaires.<\/p>\n<h2>Aide \u00e0 l&#8217;\u00e9tranger &#8211; rapide et non bureaucratique<\/h2>\n<p>Pays ensoleill\u00e9 et accueillant, l&#8217;Espagne est de plus en plus choisie par de nombreux Allemands et expatri\u00e9s qui y ont \u00e9tabli leur r\u00e9sidence principale ou secondaire. La g\u00e9n\u00e9ration des plus de 50 ans aime profiter de sa seconde vie en Espagne et se sent comme chez elle, m\u00eame dans ce qui semble \u00eatre un pays \u00e9tranger.<\/p>\n<p>Cependant, pour que votre voiture espagnole soit aussi bien assur\u00e9e ici qu&#8217;en Allemagne, nous vous recommandons de souscrire une assurance automobile pour l&#8217;Espagne. Avec elle, vous et votre v\u00e9hicule pouvez \u00eatre aid\u00e9s rapidement et facilement en cas de dommage ou de panne.<\/p>\n<p>Et ce, sans aucune barri\u00e8re linguistique, car nos polices d&#8217;assurance propos\u00e9es ici sont &#8211; en allemand. Le courtier en assurances G\u00f6ring se charge pour vous de la communication sur place. Notre \u00e9quipe exp\u00e9riment\u00e9e et germanophone s&#8217;occupe de toutes les formalit\u00e9s administratives, que vous ayez recours \u00e0 l&#8217;assistance routi\u00e8re ou que vous soyez victime ou responsable d&#8217;un accident.<\/p>\n<h2>La formule de base avec assistance routi\u00e8re 24h\/24<\/h2>\n<p>Si votre v\u00e9hicule immatricul\u00e9 en Espagne tombe en panne en Espagne ou \u00e0 l&#8217;\u00e9tranger, les bons conseils sont souvent chers et pas toujours faciles \u00e0 trouver, notamment en raison de la barri\u00e8re de la langue ou du manque de connaissances locales. Avec l&#8217;assurance automobile espagnole de Goering Versicherungsmakler, vous avez droit \u00e0 une assistance routi\u00e8re gratuite 24 heures sur 24, m\u00eame avec la formule de base avantageuse.<\/p>\n<h2>Comparer en ligne, souscrire facilement<\/h2>\n<p>Les assurances sont une affaire de confiance, et cela vaut bien s\u00fbr aussi pour une assurance automobile en Espagne. En remplissant le formulaire ci-dessus, vous nous faites parvenir une demande sans engagement, confortablement install\u00e9 chez vous. Nous choisirons ensuite pour vous la meilleure police, en fran\u00e7ais. Il n&#8217;est pas n\u00e9cessaire de conna\u00eetre l&#8217;espagnol. Si la police que nous vous proposons vous convient, une souscription directe &#8211; \u00e9galement en ligne &#8211; est possible en toute simplicit\u00e9.<\/p>\n","protected":false},"excerpt":{"rendered":"<p>Vous souhaitez \u00e9galement \u00eatre mobile en Espagne, votre r\u00e9sidence secondaire ou principale, et vous cherchez donc une assurance automobile en Espagne qui vous offre les m\u00eames avantages et commodit\u00e9s qu&#8217;une assurance en France ? Nous trouverons l&#8217;offre qui vous convient, adapt\u00e9e \u00e0 vos besoins.<\/p>\n","protected":false},"author":2,"featured_media":15823,"parent":16211,"menu_order":12,"comment_status":"open","ping_status":"open","template":"page-versicherung-detail.php","meta":{"_yoast_wpseo_focuskw":"","_yoast_wpseo_title":"","_yoast_wpseo_metadesc":"","footnotes":""},"class_list":["post-16222","page","type-page","status-publish","has-post-thumbnail","hentry"],"yoast_head":"<!-- This site is optimized with the Yoast SEO Premium plugin v20.6 (Yoast SEO v27.4) - https:\/\/yoast.com\/product\/yoast-seo-premium-wordpress\/ -->\n<title>Assurance automobile en Espagne | G\u00f6ring Versicherungsmakler<\/title>\n<meta name=\"robots\" content=\"index, follow, max-snippet:-1, max-image-preview:large, max-video-preview:-1\" \/>\n<link rel=\"canonical\" href=\"https:\/\/www.goring-online.com\/fr\/assurances\/assurance-automobile-en-espagne\/\" \/>\n<meta property=\"og:locale\" content=\"fr_FR\" \/>\n<meta property=\"og:type\" content=\"article\" \/>\n<meta property=\"og:title\" content=\"Assurance automobile en Espagne\" \/>\n<meta property=\"og:description\" content=\"Vous souhaitez \u00e9galement \u00eatre mobile en Espagne, votre r\u00e9sidence secondaire ou principale, et vous cherchez donc une assurance automobile en Espagne qui vous offre les m\u00eames avantages et commodit\u00e9s qu&#8217;une assurance en France ? Nous trouverons l&#8217;offre qui vous convient, adapt\u00e9e \u00e0 vos besoins.\" \/>\n<meta property=\"og:url\" content=\"https:\/\/www.goring-online.com\/fr\/assurances\/assurance-automobile-en-espagne\/\" \/>\n<meta property=\"og:site_name\" content=\"G\u00f6ring Versicherungsmakler\" \/>\n<meta property=\"og:image\" content=\"https:\/\/www.goring-online.com\/app\/uploads\/2018\/08\/kfz-versicherung.jpg\" \/>\n\t<meta property=\"og:image:width\" content=\"400\" \/>\n\t<meta property=\"og:image:height\" content=\"400\" \/>\n\t<meta property=\"og:image:type\" content=\"image\/jpeg\" \/>\n<meta name=\"twitter:card\" content=\"summary_large_image\" \/>\n<script type=\"application\/ld+json\" class=\"yoast-schema-graph\">{\"@context\":\"https:\\\/\\\/schema.org\",\"@graph\":[{\"@type\":\"WebPage\",\"@id\":\"https:\\\/\\\/www.goring-online.com\\\/fr\\\/assurances\\\/assurance-automobile-en-espagne\\\/\",\"url\":\"https:\\\/\\\/www.goring-online.com\\\/fr\\\/assurances\\\/assurance-automobile-en-espagne\\\/\",\"name\":\"Assurance automobile en Espagne | G\u00f6ring Versicherungsmakler\",\"isPartOf\":{\"@id\":\"https:\\\/\\\/www.goring-online.com\\\/#website\"},\"primaryImageOfPage\":{\"@id\":\"https:\\\/\\\/www.goring-online.com\\\/fr\\\/assurances\\\/assurance-automobile-en-espagne\\\/#primaryimage\"},\"image\":{\"@id\":\"https:\\\/\\\/www.goring-online.com\\\/fr\\\/assurances\\\/assurance-automobile-en-espagne\\\/#primaryimage\"},\"thumbnailUrl\":\"https:\\\/\\\/www.goring-online.com\\\/app\\\/uploads\\\/2018\\\/08\\\/kfz-versicherung.jpg\",\"datePublished\":\"2023-06-21T14:23:29+00:00\",\"breadcrumb\":{\"@id\":\"https:\\\/\\\/www.goring-online.com\\\/fr\\\/assurances\\\/assurance-automobile-en-espagne\\\/#breadcrumb\"},\"inLanguage\":\"fr-FR\",\"potentialAction\":[{\"@type\":\"ReadAction\",\"target\":[\"https:\\\/\\\/www.goring-online.com\\\/fr\\\/assurances\\\/assurance-automobile-en-espagne\\\/\"]}]},{\"@type\":\"ImageObject\",\"inLanguage\":\"fr-FR\",\"@id\":\"https:\\\/\\\/www.goring-online.com\\\/fr\\\/assurances\\\/assurance-automobile-en-espagne\\\/#primaryimage\",\"url\":\"https:\\\/\\\/www.goring-online.com\\\/app\\\/uploads\\\/2018\\\/08\\\/kfz-versicherung.jpg\",\"contentUrl\":\"https:\\\/\\\/www.goring-online.com\\\/app\\\/uploads\\\/2018\\\/08\\\/kfz-versicherung.jpg\",\"width\":400,\"height\":400},{\"@type\":\"BreadcrumbList\",\"@id\":\"https:\\\/\\\/www.goring-online.com\\\/fr\\\/assurances\\\/assurance-automobile-en-espagne\\\/#breadcrumb\",\"itemListElement\":[{\"@type\":\"ListItem\",\"position\":1,\"name\":\"Startseite\",\"item\":\"https:\\\/\\\/www.goring-online.com\\\/fr\\\/\"},{\"@type\":\"ListItem\",\"position\":2,\"name\":\"Assurances\",\"item\":\"https:\\\/\\\/www.goring-online.com\\\/fr\\\/assurances\\\/\"},{\"@type\":\"ListItem\",\"position\":3,\"name\":\"Assurance automobile en Espagne\"}]},{\"@type\":\"WebSite\",\"@id\":\"https:\\\/\\\/www.goring-online.com\\\/#website\",\"url\":\"https:\\\/\\\/www.goring-online.com\\\/\",\"name\":\"G\u00f6ring Versicherungsmakler\",\"description\":\"\",\"publisher\":{\"@id\":\"https:\\\/\\\/www.goring-online.com\\\/#organization\"},\"potentialAction\":[{\"@type\":\"SearchAction\",\"target\":{\"@type\":\"EntryPoint\",\"urlTemplate\":\"https:\\\/\\\/www.goring-online.com\\\/?s={search_term_string}\"},\"query-input\":{\"@type\":\"PropertyValueSpecification\",\"valueRequired\":true,\"valueName\":\"search_term_string\"}}],\"inLanguage\":\"fr-FR\"},{\"@type\":[\"Organization\",\"Place\",\"InsuranceAgency\"],\"@id\":\"https:\\\/\\\/www.goring-online.com\\\/#organization\",\"name\":\"G\u00f6ring Versicherungsmakler\",\"url\":\"https:\\\/\\\/www.goring-online.com\\\/\",\"logo\":{\"@id\":\"https:\\\/\\\/www.goring-online.com\\\/fr\\\/assurances\\\/assurance-automobile-en-espagne\\\/#local-main-organization-logo\"},\"image\":{\"@id\":\"https:\\\/\\\/www.goring-online.com\\\/fr\\\/assurances\\\/assurance-automobile-en-espagne\\\/#local-main-organization-logo\"},\"address\":{\"@id\":\"https:\\\/\\\/www.goring-online.com\\\/fr\\\/assurances\\\/assurance-automobile-en-espagne\\\/#local-main-place-address\"},\"telephone\":[\"+34 96 588 92 71\"],\"openingHoursSpecification\":[{\"@type\":\"OpeningHoursSpecification\",\"dayOfWeek\":[\"Monday\",\"Tuesday\",\"Wednesday\",\"Thursday\",\"Friday\"],\"opens\":\"09:00\",\"closes\":\"15:00\"},{\"@type\":\"OpeningHoursSpecification\",\"dayOfWeek\":[\"Saturday\",\"Sunday\"],\"opens\":\"00:00\",\"closes\":\"00:00\"}],\"email\":\"info@goring-online.com\",\"vatID\":\"ESB54476999\",\"taxID\":\"B54476999\",\"currenciesAccepted\":\"\u20ac\"},{\"@type\":\"PostalAddress\",\"@id\":\"https:\\\/\\\/www.goring-online.com\\\/fr\\\/assurances\\\/assurance-automobile-en-espagne\\\/#local-main-place-address\",\"streetAddress\":\"Calle Tabarca 40, 03580 - Alfaz del Pi\",\"addressLocality\":\"Alfaz del Pi\",\"postalCode\":\"03580\",\"addressRegion\":\"Alicante\",\"addressCountry\":\"ES\"},{\"@type\":\"ImageObject\",\"inLanguage\":\"fr-FR\",\"@id\":\"https:\\\/\\\/www.goring-online.com\\\/fr\\\/assurances\\\/assurance-automobile-en-espagne\\\/#local-main-organization-logo\",\"url\":\"https:\\\/\\\/www.goring-online.com\\\/app\\\/uploads\\\/2020\\\/03\\\/logo-goring.png\",\"contentUrl\":\"https:\\\/\\\/www.goring-online.com\\\/app\\\/uploads\\\/2020\\\/03\\\/logo-goring.png\",\"width\":216,\"height\":76,\"caption\":\"G\u00f6ring Versicherungsmakler\"}]}<\/script>\n<meta name=\"geo.placename\" content=\"Alfaz del Pi\" \/>\n<meta name=\"geo.region\" content=\"Espagne\" \/>\n<!-- \/ Yoast SEO Premium plugin. -->","yoast_head_json":{"title":"Assurance automobile en Espagne | G\u00f6ring Versicherungsmakler","robots":{"index":"index","follow":"follow","max-snippet":"max-snippet:-1","max-image-preview":"max-image-preview:large","max-video-preview":"max-video-preview:-1"},"canonical":"https:\/\/www.goring-online.com\/fr\/assurances\/assurance-automobile-en-espagne\/","og_locale":"fr_FR","og_type":"article","og_title":"Assurance automobile en Espagne","og_description":"Vous souhaitez \u00e9galement \u00eatre mobile en Espagne, votre r\u00e9sidence secondaire ou principale, et vous cherchez donc une assurance automobile en Espagne qui vous offre les m\u00eames avantages et commodit\u00e9s qu&#8217;une assurance en France ? Nous trouverons l&#8217;offre qui vous convient, adapt\u00e9e \u00e0 vos besoins.","og_url":"https:\/\/www.goring-online.com\/fr\/assurances\/assurance-automobile-en-espagne\/","og_site_name":"G\u00f6ring Versicherungsmakler","og_image":[{"width":400,"height":400,"url":"https:\/\/www.goring-online.com\/app\/uploads\/2018\/08\/kfz-versicherung.jpg","type":"image\/jpeg"}],"twitter_card":"summary_large_image","schema":{"@context":"https:\/\/schema.org","@graph":[{"@type":"WebPage","@id":"https:\/\/www.goring-online.com\/fr\/assurances\/assurance-automobile-en-espagne\/","url":"https:\/\/www.goring-online.com\/fr\/assurances\/assurance-automobile-en-espagne\/","name":"Assurance automobile en Espagne | G\u00f6ring Versicherungsmakler","isPartOf":{"@id":"https:\/\/www.goring-online.com\/#website"},"primaryImageOfPage":{"@id":"https:\/\/www.goring-online.com\/fr\/assurances\/assurance-automobile-en-espagne\/#primaryimage"},"image":{"@id":"https:\/\/www.goring-online.com\/fr\/assurances\/assurance-automobile-en-espagne\/#primaryimage"},"thumbnailUrl":"https:\/\/www.goring-online.com\/app\/uploads\/2018\/08\/kfz-versicherung.jpg","datePublished":"2023-06-21T14:23:29+00:00","breadcrumb":{"@id":"https:\/\/www.goring-online.com\/fr\/assurances\/assurance-automobile-en-espagne\/#breadcrumb"},"inLanguage":"fr-FR","potentialAction":[{"@type":"ReadAction","target":["https:\/\/www.goring-online.com\/fr\/assurances\/assurance-automobile-en-espagne\/"]}]},{"@type":"ImageObject","inLanguage":"fr-FR","@id":"https:\/\/www.goring-online.com\/fr\/assurances\/assurance-automobile-en-espagne\/#primaryimage","url":"https:\/\/www.goring-online.com\/app\/uploads\/2018\/08\/kfz-versicherung.jpg","contentUrl":"https:\/\/www.goring-online.com\/app\/uploads\/2018\/08\/kfz-versicherung.jpg","width":400,"height":400},{"@type":"BreadcrumbList","@id":"https:\/\/www.goring-online.com\/fr\/assurances\/assurance-automobile-en-espagne\/#breadcrumb","itemListElement":[{"@type":"ListItem","position":1,"name":"Startseite","item":"https:\/\/www.goring-online.com\/fr\/"},{"@type":"ListItem","position":2,"name":"Assurances","item":"https:\/\/www.goring-online.com\/fr\/assurances\/"},{"@type":"ListItem","position":3,"name":"Assurance automobile en Espagne"}]},{"@type":"WebSite","@id":"https:\/\/www.goring-online.com\/#website","url":"https:\/\/www.goring-online.com\/","name":"G\u00f6ring Versicherungsmakler","description":"","publisher":{"@id":"https:\/\/www.goring-online.com\/#organization"},"potentialAction":[{"@type":"SearchAction","target":{"@type":"EntryPoint","urlTemplate":"https:\/\/www.goring-online.com\/?s={search_term_string}"},"query-input":{"@type":"PropertyValueSpecification","valueRequired":true,"valueName":"search_term_string"}}],"inLanguage":"fr-FR"},{"@type":["Organization","Place","InsuranceAgency"],"@id":"https:\/\/www.goring-online.com\/#organization","name":"G\u00f6ring Versicherungsmakler","url":"https:\/\/www.goring-online.com\/","logo":{"@id":"https:\/\/www.goring-online.com\/fr\/assurances\/assurance-automobile-en-espagne\/#local-main-organization-logo"},"image":{"@id":"https:\/\/www.goring-online.com\/fr\/assurances\/assurance-automobile-en-espagne\/#local-main-organization-logo"},"address":{"@id":"https:\/\/www.goring-online.com\/fr\/assurances\/assurance-automobile-en-espagne\/#local-main-place-address"},"telephone":["+34 96 588 92 71"],"openingHoursSpecification":[{"@type":"OpeningHoursSpecification","dayOfWeek":["Monday","Tuesday","Wednesday","Thursday","Friday"],"opens":"09:00","closes":"15:00"},{"@type":"OpeningHoursSpecification","dayOfWeek":["Saturday","Sunday"],"opens":"00:00","closes":"00:00"}],"email":"info@goring-online.com","vatID":"ESB54476999","taxID":"B54476999","currenciesAccepted":"\u20ac"},{"@type":"PostalAddress","@id":"https:\/\/www.goring-online.com\/fr\/assurances\/assurance-automobile-en-espagne\/#local-main-place-address","streetAddress":"Calle Tabarca 40, 03580 - Alfaz del Pi","addressLocality":"Alfaz del Pi","postalCode":"03580","addressRegion":"Alicante","addressCountry":"ES"},{"@type":"ImageObject","inLanguage":"fr-FR","@id":"https:\/\/www.goring-online.com\/fr\/assurances\/assurance-automobile-en-espagne\/#local-main-organization-logo","url":"https:\/\/www.goring-online.com\/app\/uploads\/2020\/03\/logo-goring.png","contentUrl":"https:\/\/www.goring-online.com\/app\/uploads\/2020\/03\/logo-goring.png","width":216,"height":76,"caption":"G\u00f6ring Versicherungsmakler"}]},"geo.placename":"Alfaz del Pi","geo.region":"Espagne"},"yoast_focus_keyword":"","yoast_seo_title":"","yoast_meta_description":"","_links":{"self":[{"href":"https:\/\/www.goring-online.com\/fr\/wp-json\/wp\/v2\/pages\/16222","targetHints":{"allow":["GET"]}}],"collection":[{"href":"https:\/\/www.goring-online.com\/fr\/wp-json\/wp\/v2\/pages"}],"about":[{"href":"https:\/\/www.goring-online.com\/fr\/wp-json\/wp\/v2\/types\/page"}],"author":[{"embeddable":true,"href":"https:\/\/www.goring-online.com\/fr\/wp-json\/wp\/v2\/users\/2"}],"replies":[{"embeddable":true,"href":"https:\/\/www.goring-online.com\/fr\/wp-json\/wp\/v2\/comments?post=16222"}],"version-history":[{"count":2,"href":"https:\/\/www.goring-online.com\/fr\/wp-json\/wp\/v2\/pages\/16222\/revisions"}],"predecessor-version":[{"id":16226,"href":"https:\/\/www.goring-online.com\/fr\/wp-json\/wp\/v2\/pages\/16222\/revisions\/16226"}],"up":[{"embeddable":true,"href":"https:\/\/www.goring-online.com\/fr\/wp-json\/wp\/v2\/pages\/16211"}],"wp:featuredmedia":[{"embeddable":true,"href":"https:\/\/www.goring-online.com\/fr\/wp-json\/wp\/v2\/media\/15823"}],"wp:attachment":[{"href":"https:\/\/www.goring-online.com\/fr\/wp-json\/wp\/v2\/media?parent=16222"}],"curies":[{"name":"wp","href":"https:\/\/api.w.org\/{rel}","templated":true}]}}