{"id":16224,"date":"2023-06-21T16:26:40","date_gmt":"2023-06-21T14:26:40","guid":{"rendered":"https:\/\/www.goring-online.com\/?page_id=16224"},"modified":"2023-07-07T14:59:52","modified_gmt":"2023-07-07T12:59:52","slug":"goering-courtier-en-assurances-en-espagne","status":"publish","type":"page","link":"https:\/\/www.goring-online.com\/fr\/","title":{"rendered":"G\u00f6ring Courtier en assurances en Espagne"},"content":{"rendered":"<div class=\"col-md-4\"> <span class=\"h2\"><i class=\"fa fa-phone-square\"><\/i> Service de rappel<\/span><\/p>\n<p>Des questions ou des probl\u00e8mes ? Si vous le souhaitez, nous vous rappellerons volontiers pour vous conseiller personnellement. Utilisez notre service de rappel et nous vous contacterons dans les plus brefs d\u00e9lais.<\/p>\n<p> <a class=\"button\" href=\"https:\/\/www.goring-online.com\/fr\/contact\/\">Demandez \u00e0 \u00eatre rappel\u00e9 maintenant<\/a><\/div>\n<div class=\"col-md-4\"> <span class=\"h2\"><i class=\"fa fa-bell\"><\/i> D\u00e9claration de sinistre<\/span><\/p>\n<p>D\u00e9clarez le sinistre en ligne de mani\u00e8re simple et pratique. Vous pouvez \u00e9galement compter sur un traitement rapide et une prestation fiable.<\/p>\n<p> <a class=\"button\" href=\"https:\/\/www.goring-online.com\/fr\/service\/declarer-sinistre\/\">D\u00e9clarer un sinistre maintenant<\/a><\/div>\n<div class=\"col-md-4\"> <span class=\"h2\"><i class=\"fa fa-envelope-open\"><\/i> Bulletin d&#8217;information<\/span><\/p>\n<p>La lettre d&#8217;information de G\u00f6ring vous tient au courant des nouvelles assurances et offres. Inscrivez-vous d\u00e8s maintenant pour ne plus rien manquer !<\/p>\n<p> <a class=\"button\" href=\"https:\/\/www.goring-online.com\/fr\/inscription-a-la-newsletter\/\">S&#8217;abonner maintenant<\/a><\/div>\n<p>[vc_row top_padding=&#8221;30&#8243; bottom_padding=&#8221;50&#8243; class=&#8221;iconboxes-home&#8221; row_id=&#8221;iconboxes-home1&#8243;][vc_column width=&#8221;1\/3&#8243;][minti_iconbox icon=&#8221;fa-car&#8221; style=&#8221;5&#8243; title=&#8221;Assurance automobile&#8221;]<\/p>\n<p>Assurance automobile en Espagne avec des contrats allemands. Nous recherchons pour vous une assurance automobile adapt\u00e9e \u00e0 vos besoins. Que vous souhaitiez vous prot\u00e9ger et prot\u00e9ger votre voiture avec une assurance casco partielle, une assurance casco compl\u00e8te ou une assurance responsabilit\u00e9 civile. <a class=\"button button-appear color-3 medium\" href=\"https:\/\/www.goring-online.com\/fr\/assurances\/assurance-automobile-en-espagne\/\">Calculez votre devis maintenant<\/a><\/p>\n<p>[\/minti_iconbox][\/vc_column][vc_column width=&#8221;1\/3&#8243;][minti_iconbox icon=&#8221;fa-home&#8221; style=&#8221;5&#8243; title=&#8221;Assurance b\u00e2timent et habitation&#8221;]<\/p>\n<p>L&#8217;assurance b\u00e2timent et habitation est essentielle pour les propri\u00e9taires de biens immobiliers et fait partie des assurances les plus importantes. De la foudre au vandalisme, les biens immobiliers et les b\u00e2timents sont parfaitement prot\u00e9g\u00e9s par nos assurances b\u00e2timent et habitation pour l&#8217;Espagne. <a class=\"button button-appear color-3 medium\" href=\"https:\/\/www.goring-online.com\/fr\/assurances\/assurance-batiment-et-habitation-en-espagne\/\">Calculez votre offre maintenant<\/a><\/p>\n<p>[\/minti_iconbox][\/vc_column][vc_column width=&#8221;1\/3&#8243;][minti_iconbox icon=&#8221;fa-medkit&#8221; style=&#8221;5&#8243; title=&#8221;Assurance maladie priv\u00e9e&#8221;]<\/p>\n<p>Revenez rapidement \u00e0 la sant\u00e9 en cas de maladie et profitez du confort des assur\u00e9s priv\u00e9s gr\u00e2ce \u00e0 une assurance maladie priv\u00e9e en Espagne. De la chambre individuelle \u00e0 la prise en charge de prestations particuli\u00e8res, tous vos souhaits sont exauc\u00e9s. <a class=\"button button-appear color-3 medium\" href=\"https:\/\/www.goring-online.com\/fr\/assurances\/assurance-maladie-privee-en-espagne\/\">Calculez votre devis maintenant<\/a><\/p>\n<p>[\/minti_iconbox][\/vc_column][\/vc_row][vc_row bottom_padding=&#8221;50&#8243; class=&#8221;iconboxes-home&#8221; row_id=&#8221;iconboxes-home2&#8243;][vc_column width=&#8221;1\/3&#8243;][minti_iconbox icon=&#8221;fa-anchor&#8221; style=&#8221;5&#8243; title=&#8221;Assurance yacht et bateau&#8221;]<\/p>\n<p>Toujours une bonne longueur d&#8217;eau sous la quille avec notre assurance bateau pour l&#8217;Espagne. Avec nous, vous \u00eates au sec m\u00eame en cas de sinistre. Couverture des dommages corporels incluse. <a class=\"button button-appear color-3 medium\" href=\"https:\/\/www.goring-online.com\/fr\/assurances\/assurance-des-yachts-et-des-bateaux-en-espagne\/\">Calculez votre devis maintenant<\/a><\/p>\n<p>[\/minti_iconbox][\/vc_column][vc_column width=&#8221;1\/3&#8243;][minti_iconbox style=&#8221;5&#8243; title=&#8221;Assurance commerciale&#8221;]<\/p>\n<p>Prot\u00e9gez-vous et votre entreprise \u00e0 l&#8217;\u00e9tranger avec une assurance commerciale pour l&#8217;Espagne. Nous pensons \u00e0 tout pour votre assurance, tandis que vous pouvez vous concentrer sur votre activit\u00e9 principale. <a class=\"button button-appear color-3 medium\" href=\"https:\/\/www.goring-online.com\/fr\/assurances\/assurance-des-entreprises-en-espagne\/\">Calculez votre devis maintenant<\/a><\/p>\n<p>[\/minti_iconbox][\/vc_column][vc_column width=&#8221;1\/3&#8243;][minti_iconbox icon=&#8221;fa-plus&#8221; style=&#8221;5&#8243; title=&#8221;Autres assurances&#8221;]<\/p>\n<p>Vous recherchez une assurance que vous ne trouvez pas sur notre site ? N&#8217;h\u00e9sitez pas \u00e0 nous contacter et nous vous aiderons. G\u00f6ring Versicherungsmakler se r\u00e9jouit de vos souhaits et de vos suggestions. <a class=\"button button-appear color-3 medium\" href=\"https:\/\/www.goring-online.com\/fr\/assurances\/autres-assurances-espagne\/\">Calculez votre devis maintenant<\/a><\/p>\n<p>[\/minti_iconbox][\/vc_column][\/vc_row][vc_row type=&#8221;full_width_section&#8221; class=&#8221;greyrow&#8221;][vc_column width=&#8221;1\/1&#8243;][vc_column_text]<\/p>\n<div id=\"slidescrollerwrapper\">\n<div id=\"leftgradient\"><\/div>\n<div id=\"rightgradient\"><\/div>\n<div id=\"mycrawler\" class=\"marquee0\">\n<ul class=\"slideticker\">\n<li><img loading=\"lazy\" decoding=\"async\" class=\"alignnone size-full wp-image-79\" src=\"\/app\/uploads\/2015\/07\/adeslas.png\" alt=\"adeslas\" width=\"190\" height=\"73\" \/><\/li>\n<li><img loading=\"lazy\" decoding=\"async\" class=\"alignnone size-full wp-image-80\" src=\"\/app\/uploads\/2015\/07\/dkv.png\" alt=\"dkv\" width=\"152\" height=\"73\" srcset=\"https:\/\/www.goring-online.com\/app\/uploads\/2015\/07\/dkv.png 152w, https:\/\/www.goring-online.com\/app\/uploads\/2015\/07\/dkv-150x73.png 150w\" sizes=\"auto, (max-width: 152px) 100vw, 152px\" \/><\/li>\n<li><img loading=\"lazy\" decoding=\"async\" class=\"alignnone size-full wp-image-81\" src=\"\/app\/uploads\/2015\/07\/zurich.png\" alt=\"zurich\" width=\"131\" height=\"73\" \/><\/li>\n<li><img loading=\"lazy\" decoding=\"async\" class=\"alignnone size-full wp-image-82\" src=\"\/app\/uploads\/2015\/07\/axa.png\" alt=\"axa\" width=\"91\" height=\"73\" \/><\/li>\n<li><img loading=\"lazy\" decoding=\"async\" class=\"alignnone size-full wp-image-83\" src=\"\/app\/uploads\/2015\/07\/fiatc.png\" alt=\"fiatc\" width=\"184\" height=\"73\" \/><\/li>\n<li><img loading=\"lazy\" decoding=\"async\" class=\"alignnone size-full wp-image-84\" src=\"\/app\/uploads\/2015\/07\/liberty.png\" alt=\"liberty\" width=\"175\" height=\"73\" \/><\/li>\n<li><img loading=\"lazy\" decoding=\"async\" class=\"alignnone size-full wp-image-85\" src=\"\/app\/uploads\/2015\/07\/ergo.png\" alt=\"ergo\" width=\"176\" height=\"73\" \/><\/li>\n<li><img loading=\"lazy\" decoding=\"async\" class=\"alignnone size-full wp-image-86\" src=\"\/app\/uploads\/2015\/07\/allianz.png\" alt=\"allianz\" width=\"197\" height=\"73\" \/><\/li>\n<\/ul>\n<\/div>\n<\/div>\n<p>[\/vc_column_text][\/vc_column][\/vc_row][vc_row bg_color=&#8221;#3776b7&#8243; top_padding=&#8221;20&#8243; bottom_padding=&#8221;20&#8243; class=&#8221;bluerow&#8221;][vc_column width=&#8221;1\/4&#8243;][minti_image img=&#8221;63&#8243;][\/vc_column][vc_column width=&#8221;3\/4&#8243;][vc_column_text]<\/p>\n<h2>Votre assurance en Espagne<\/h2>\n<p>Nous vous aiderons \u00e0 trouver la meilleure assurance sant\u00e9, automobile, habitation et habitation en Espagne. N&#8217;h\u00e9sitez pas \u00e0 nous rendre visite dans l&#8217;un de nos bureaux.[\/vc_column_text][\/vc_column][\/vc_row][vc_row top_padding=&#8221;30&#8243; bottom_padding=&#8221;30&#8243; class=&#8221;hometext&#8221;][vc_column width=&#8221;1\/1&#8243;][vc_column_text]<\/p>\n<h1>Votre assurance en Espagne<\/h1>\n<p>Chez nous, vous trouverez votre assurance optimale dans les domaines de l&#8217;assurance maladie priv\u00e9e, de l&#8217;assurance automobile, de l&#8217;assurance b\u00e2timent et de l&#8217;assurance habitation en Espagne.<\/p>\n<h2>G\u00f6ring Versicherungsmakler est votre courtier en assurances comp\u00e9tent en Espagne<\/h2>\n<p>.<br \/>\nVous \u00eates francophone, vous vivez enti\u00e8rement ou partiellement en Espagne et vous souhaitez n\u00e9gocier dans votre langue pour les questions d&#8217;assurance ? Pas de probl\u00e8me. G\u00f6ring Versicherungsmakler est l\u00e0 pour vous. En ligne partout en Espagne. Avec G\u00f6ring Versicherungsmakler, entreprise familiale \u00e9tablie en Espagne depuis 1972, vous \u00eates du c\u00f4t\u00e9 de la s\u00e9curit\u00e9 : que vous souhaitiez assurer votre villa \u00e0 Marbella, votre moto \u00e0 T\u00e9n\u00e9riffe ou votre voiture \u00e0 Majorque. Apr\u00e8s pr\u00e8s de 40 ans de conseils, de services et plus de 15.000 polices actives, cette entreprise r\u00e9put\u00e9e continue de s&#8217;\u00e9tendre en se concentrant sur la client\u00e8le germanophone. Toutes les polices vous sont fournies dans votre langue maternelle. Notre service ne s&#8217;arr\u00eate pas \u00e0 la livraison des polices, notre service apr\u00e8s-vente est comp\u00e9tent et efficace. Nous g\u00e9rons votre sinistre pour vous &#8211; compl\u00e8tement.<br \/>\nBien prot\u00e9g\u00e9 avec une assurance b\u00e2timent et habitation en Espagne<br \/>\nPour l&#8217;assurance b\u00e2timent et habitation en Espagne, nous proposons des polices sur mesure avec la possibilit\u00e9 d&#8217;une assurance b\u00e2timent tous risques.<\/p>\n<h2>Vous cherchez une assurance automobile en Espagne?<\/h2>\n<p>Ah oui, nos primes d&#8217;assurance automobile en Espagne ne craignent pas la concurrence des autres assureurs directs. Votre remise allemande est prise en compte.<\/p>\n<h2>Bien assur\u00e9 d\u00e8s le d\u00e9part avec l&#8217;assurance sant\u00e9 priv\u00e9e<\/h2>\n<p>Des offres individuelles dans le domaine de l&#8217;assurance maladie priv\u00e9e en Espagne compl\u00e8tent notre offre. Vous recevrez votre offre ou contrat personnel imm\u00e9diatement. Nos collaborateurs ne parlent pas seulement allemand, ils pensent aussi en allemand.[\/vc_column_text][\/vc_column][\/vc_row]<\/p>\n","protected":false},"excerpt":{"rendered":"<p>Service de rappel Des questions ou des probl\u00e8mes ? Si vous le souhaitez, nous vous rappellerons volontiers pour vous conseiller personnellement. Utilisez notre service de rappel et nous vous contacterons dans les plus brefs d\u00e9lais. Demandez \u00e0 \u00eatre rappel\u00e9 maintenant D\u00e9claration de sinistre D\u00e9clarez le sinistre en ligne de mani\u00e8re simple et pratique. Vous pouvez &hellip;<\/p>\n","protected":false},"author":2,"featured_media":0,"parent":0,"menu_order":12,"comment_status":"open","ping_status":"open","template":"page-startseite.php","meta":{"_yoast_wpseo_focuskw":"","_yoast_wpseo_title":"G\u00f6ring Insurance Brokers en Espagne | Entreprise familiale depuis 1972","_yoast_wpseo_metadesc":"Assurance automobile, assurance m\u00e9nage et assurance b\u00e2timent, assurance maladie priv\u00e9e en Espagne. \u2713Ind\u00e9pendant \u2713Comp\u00e9tent \u2713TOP conditions ! \u25baDemandez une offre sans engagement !","footnotes":""},"class_list":["post-16224","page","type-page","status-publish","hentry"],"yoast_head":"<!-- This site is optimized with the Yoast SEO Premium plugin v20.6 (Yoast SEO v27.4) - https:\/\/yoast.com\/product\/yoast-seo-premium-wordpress\/ -->\n<title>G\u00f6ring Insurance Brokers en Espagne | Entreprise familiale depuis 1972<\/title>\n<meta name=\"description\" content=\"Assurance automobile, assurance m\u00e9nage et assurance b\u00e2timent, assurance maladie priv\u00e9e en Espagne. \u2713Ind\u00e9pendant \u2713Comp\u00e9tent \u2713TOP conditions ! \u25baDemandez une offre sans engagement !\" \/>\n<meta name=\"robots\" content=\"index, follow, max-snippet:-1, max-image-preview:large, max-video-preview:-1\" \/>\n<link rel=\"canonical\" href=\"https:\/\/www.goring-online.com\/fr\/\" \/>\n<meta property=\"og:locale\" content=\"fr_FR\" \/>\n<meta property=\"og:type\" content=\"article\" \/>\n<meta property=\"og:title\" content=\"G\u00f6ring Insurance Brokers en Espagne | Entreprise familiale depuis 1972\" \/>\n<meta property=\"og:description\" content=\"Assurance automobile, assurance m\u00e9nage et assurance b\u00e2timent, assurance maladie priv\u00e9e en Espagne. \u2713Ind\u00e9pendant \u2713Comp\u00e9tent \u2713TOP conditions ! \u25baDemandez une offre sans engagement !\" \/>\n<meta property=\"og:url\" content=\"https:\/\/www.goring-online.com\/fr\/\" \/>\n<meta property=\"og:site_name\" content=\"G\u00f6ring Versicherungsmakler\" \/>\n<meta property=\"article:modified_time\" content=\"2023-07-07T12:59:52+00:00\" \/>\n<meta property=\"og:image\" content=\"https:\/\/www.goring-online.com\/app\/uploads\/2023\/07\/thomas-goering.jpg\" \/>\n\t<meta property=\"og:image:width\" content=\"288\" \/>\n\t<meta property=\"og:image:height\" content=\"394\" \/>\n\t<meta property=\"og:image:type\" content=\"image\/jpeg\" \/>\n<meta name=\"twitter:card\" content=\"summary_large_image\" \/>\n<meta name=\"twitter:title\" content=\"G\u00f6ring Courtier en assurances en Espagne\" \/>\n<meta name=\"twitter:label1\" content=\"Est. reading time\" \/>\n\t<meta name=\"twitter:data1\" content=\"6 minutes\" \/>\n<script type=\"application\/ld+json\" class=\"yoast-schema-graph\">{\"@context\":\"https:\\\/\\\/schema.org\",\"@graph\":[{\"@type\":\"WebPage\",\"@id\":\"https:\\\/\\\/www.goring-online.com\\\/fr\\\/\",\"url\":\"https:\\\/\\\/www.goring-online.com\\\/fr\\\/\",\"name\":\"G\u00f6ring Insurance Brokers en Espagne | Entreprise familiale depuis 1972\",\"isPartOf\":{\"@id\":\"https:\\\/\\\/www.goring-online.com\\\/#website\"},\"datePublished\":\"2023-06-21T14:26:40+00:00\",\"dateModified\":\"2023-07-07T12:59:52+00:00\",\"description\":\"Assurance automobile, assurance m\u00e9nage et assurance b\u00e2timent, assurance maladie priv\u00e9e en Espagne. \u2713Ind\u00e9pendant \u2713Comp\u00e9tent \u2713TOP conditions ! \u25baDemandez une offre sans engagement !\",\"breadcrumb\":{\"@id\":\"https:\\\/\\\/www.goring-online.com\\\/fr\\\/#breadcrumb\"},\"inLanguage\":\"fr-FR\",\"potentialAction\":[{\"@type\":\"ReadAction\",\"target\":[\"https:\\\/\\\/www.goring-online.com\\\/fr\\\/\"]}]},{\"@type\":\"BreadcrumbList\",\"@id\":\"https:\\\/\\\/www.goring-online.com\\\/fr\\\/#breadcrumb\",\"itemListElement\":[{\"@type\":\"ListItem\",\"position\":1,\"name\":\"Startseite\",\"item\":\"https:\\\/\\\/www.goring-online.com\\\/fr\\\/\"},{\"@type\":\"ListItem\",\"position\":2,\"name\":\"G\u00f6ring Courtier en assurances en Espagne\"}]},{\"@type\":\"WebSite\",\"@id\":\"https:\\\/\\\/www.goring-online.com\\\/#website\",\"url\":\"https:\\\/\\\/www.goring-online.com\\\/\",\"name\":\"G\u00f6ring Versicherungsmakler\",\"description\":\"\",\"publisher\":{\"@id\":\"https:\\\/\\\/www.goring-online.com\\\/#organization\"},\"potentialAction\":[{\"@type\":\"SearchAction\",\"target\":{\"@type\":\"EntryPoint\",\"urlTemplate\":\"https:\\\/\\\/www.goring-online.com\\\/?s={search_term_string}\"},\"query-input\":{\"@type\":\"PropertyValueSpecification\",\"valueRequired\":true,\"valueName\":\"search_term_string\"}}],\"inLanguage\":\"fr-FR\"},{\"@type\":[\"Organization\",\"Place\",\"InsuranceAgency\"],\"@id\":\"https:\\\/\\\/www.goring-online.com\\\/#organization\",\"name\":\"G\u00f6ring Versicherungsmakler\",\"url\":\"https:\\\/\\\/www.goring-online.com\\\/\",\"logo\":{\"@id\":\"https:\\\/\\\/www.goring-online.com\\\/fr\\\/#local-main-organization-logo\"},\"image\":{\"@id\":\"https:\\\/\\\/www.goring-online.com\\\/fr\\\/#local-main-organization-logo\"},\"address\":{\"@id\":\"https:\\\/\\\/www.goring-online.com\\\/fr\\\/#local-main-place-address\"},\"telephone\":[\"+34 96 588 92 71\"],\"openingHoursSpecification\":[{\"@type\":\"OpeningHoursSpecification\",\"dayOfWeek\":[\"Monday\",\"Tuesday\",\"Wednesday\",\"Thursday\",\"Friday\"],\"opens\":\"09:00\",\"closes\":\"15:00\"},{\"@type\":\"OpeningHoursSpecification\",\"dayOfWeek\":[\"Saturday\",\"Sunday\"],\"opens\":\"00:00\",\"closes\":\"00:00\"}],\"email\":\"info@goring-online.com\",\"vatID\":\"ESB54476999\",\"taxID\":\"B54476999\",\"currenciesAccepted\":\"\u20ac\"},{\"@type\":\"PostalAddress\",\"@id\":\"https:\\\/\\\/www.goring-online.com\\\/fr\\\/#local-main-place-address\",\"streetAddress\":\"Calle Tabarca 40, 03580 - Alfaz del Pi\",\"addressLocality\":\"Alfaz del Pi\",\"postalCode\":\"03580\",\"addressRegion\":\"Alicante\",\"addressCountry\":\"ES\"},{\"@type\":\"ImageObject\",\"inLanguage\":\"fr-FR\",\"@id\":\"https:\\\/\\\/www.goring-online.com\\\/fr\\\/#local-main-organization-logo\",\"url\":\"https:\\\/\\\/www.goring-online.com\\\/app\\\/uploads\\\/2020\\\/03\\\/logo-goring.png\",\"contentUrl\":\"https:\\\/\\\/www.goring-online.com\\\/app\\\/uploads\\\/2020\\\/03\\\/logo-goring.png\",\"width\":216,\"height\":76,\"caption\":\"G\u00f6ring Versicherungsmakler\"}]}<\/script>\n<meta name=\"geo.placename\" content=\"Alfaz del Pi\" \/>\n<meta name=\"geo.region\" content=\"Espagne\" \/>\n<!-- \/ Yoast SEO Premium plugin. -->","yoast_head_json":{"title":"G\u00f6ring Insurance Brokers en Espagne | Entreprise familiale depuis 1972","description":"Assurance automobile, assurance m\u00e9nage et assurance b\u00e2timent, assurance maladie priv\u00e9e en Espagne. \u2713Ind\u00e9pendant \u2713Comp\u00e9tent \u2713TOP conditions ! \u25baDemandez une offre sans engagement !","robots":{"index":"index","follow":"follow","max-snippet":"max-snippet:-1","max-image-preview":"max-image-preview:large","max-video-preview":"max-video-preview:-1"},"canonical":"https:\/\/www.goring-online.com\/fr\/","og_locale":"fr_FR","og_type":"article","og_title":"G\u00f6ring Insurance Brokers en Espagne | Entreprise familiale depuis 1972","og_description":"Assurance automobile, assurance m\u00e9nage et assurance b\u00e2timent, assurance maladie priv\u00e9e en Espagne. \u2713Ind\u00e9pendant \u2713Comp\u00e9tent \u2713TOP conditions ! \u25baDemandez une offre sans engagement !","og_url":"https:\/\/www.goring-online.com\/fr\/","og_site_name":"G\u00f6ring Versicherungsmakler","article_modified_time":"2023-07-07T12:59:52+00:00","og_image":[{"width":288,"height":394,"url":"https:\/\/www.goring-online.com\/app\/uploads\/2023\/07\/thomas-goering.jpg","type":"image\/jpeg"}],"twitter_card":"summary_large_image","twitter_title":"G\u00f6ring Courtier en assurances en Espagne","twitter_misc":{"Est. reading time":"6 minutes"},"schema":{"@context":"https:\/\/schema.org","@graph":[{"@type":"WebPage","@id":"https:\/\/www.goring-online.com\/fr\/","url":"https:\/\/www.goring-online.com\/fr\/","name":"G\u00f6ring Insurance Brokers en Espagne | Entreprise familiale depuis 1972","isPartOf":{"@id":"https:\/\/www.goring-online.com\/#website"},"datePublished":"2023-06-21T14:26:40+00:00","dateModified":"2023-07-07T12:59:52+00:00","description":"Assurance automobile, assurance m\u00e9nage et assurance b\u00e2timent, assurance maladie priv\u00e9e en Espagne. \u2713Ind\u00e9pendant \u2713Comp\u00e9tent \u2713TOP conditions ! \u25baDemandez une offre sans engagement !","breadcrumb":{"@id":"https:\/\/www.goring-online.com\/fr\/#breadcrumb"},"inLanguage":"fr-FR","potentialAction":[{"@type":"ReadAction","target":["https:\/\/www.goring-online.com\/fr\/"]}]},{"@type":"BreadcrumbList","@id":"https:\/\/www.goring-online.com\/fr\/#breadcrumb","itemListElement":[{"@type":"ListItem","position":1,"name":"Startseite","item":"https:\/\/www.goring-online.com\/fr\/"},{"@type":"ListItem","position":2,"name":"G\u00f6ring Courtier en assurances en Espagne"}]},{"@type":"WebSite","@id":"https:\/\/www.goring-online.com\/#website","url":"https:\/\/www.goring-online.com\/","name":"G\u00f6ring Versicherungsmakler","description":"","publisher":{"@id":"https:\/\/www.goring-online.com\/#organization"},"potentialAction":[{"@type":"SearchAction","target":{"@type":"EntryPoint","urlTemplate":"https:\/\/www.goring-online.com\/?s={search_term_string}"},"query-input":{"@type":"PropertyValueSpecification","valueRequired":true,"valueName":"search_term_string"}}],"inLanguage":"fr-FR"},{"@type":["Organization","Place","InsuranceAgency"],"@id":"https:\/\/www.goring-online.com\/#organization","name":"G\u00f6ring Versicherungsmakler","url":"https:\/\/www.goring-online.com\/","logo":{"@id":"https:\/\/www.goring-online.com\/fr\/#local-main-organization-logo"},"image":{"@id":"https:\/\/www.goring-online.com\/fr\/#local-main-organization-logo"},"address":{"@id":"https:\/\/www.goring-online.com\/fr\/#local-main-place-address"},"telephone":["+34 96 588 92 71"],"openingHoursSpecification":[{"@type":"OpeningHoursSpecification","dayOfWeek":["Monday","Tuesday","Wednesday","Thursday","Friday"],"opens":"09:00","closes":"15:00"},{"@type":"OpeningHoursSpecification","dayOfWeek":["Saturday","Sunday"],"opens":"00:00","closes":"00:00"}],"email":"info@goring-online.com","vatID":"ESB54476999","taxID":"B54476999","currenciesAccepted":"\u20ac"},{"@type":"PostalAddress","@id":"https:\/\/www.goring-online.com\/fr\/#local-main-place-address","streetAddress":"Calle Tabarca 40, 03580 - Alfaz del Pi","addressLocality":"Alfaz del Pi","postalCode":"03580","addressRegion":"Alicante","addressCountry":"ES"},{"@type":"ImageObject","inLanguage":"fr-FR","@id":"https:\/\/www.goring-online.com\/fr\/#local-main-organization-logo","url":"https:\/\/www.goring-online.com\/app\/uploads\/2020\/03\/logo-goring.png","contentUrl":"https:\/\/www.goring-online.com\/app\/uploads\/2020\/03\/logo-goring.png","width":216,"height":76,"caption":"G\u00f6ring Versicherungsmakler"}]},"geo.placename":"Alfaz del Pi","geo.region":"Espagne"},"yoast_focus_keyword":"","yoast_seo_title":"G\u00f6ring Insurance Brokers en Espagne | Entreprise familiale depuis 1972","yoast_meta_description":"Assurance automobile, assurance m\u00e9nage et assurance b\u00e2timent, assurance maladie priv\u00e9e en Espagne. \u2713Ind\u00e9pendant \u2713Comp\u00e9tent \u2713TOP conditions ! \u25baDemandez une offre sans engagement !","_links":{"self":[{"href":"https:\/\/www.goring-online.com\/fr\/wp-json\/wp\/v2\/pages\/16224","targetHints":{"allow":["GET"]}}],"collection":[{"href":"https:\/\/www.goring-online.com\/fr\/wp-json\/wp\/v2\/pages"}],"about":[{"href":"https:\/\/www.goring-online.com\/fr\/wp-json\/wp\/v2\/types\/page"}],"author":[{"embeddable":true,"href":"https:\/\/www.goring-online.com\/fr\/wp-json\/wp\/v2\/users\/2"}],"replies":[{"embeddable":true,"href":"https:\/\/www.goring-online.com\/fr\/wp-json\/wp\/v2\/comments?post=16224"}],"version-history":[{"count":2,"href":"https:\/\/www.goring-online.com\/fr\/wp-json\/wp\/v2\/pages\/16224\/revisions"}],"predecessor-version":[{"id":16231,"href":"https:\/\/www.goring-online.com\/fr\/wp-json\/wp\/v2\/pages\/16224\/revisions\/16231"}],"wp:attachment":[{"href":"https:\/\/www.goring-online.com\/fr\/wp-json\/wp\/v2\/media?parent=16224"}],"curies":[{"name":"wp","href":"https:\/\/api.w.org\/{rel}","templated":true}]}}