{"id":26066,"date":"2026-04-20T17:36:26","date_gmt":"2026-04-20T15:36:26","guid":{"rendered":"https:\/\/www.goring-online.com\/verzekeringen\/autoverzekering-in-spanje\/vanzelfsprekend\/"},"modified":"2026-04-20T17:36:26","modified_gmt":"2026-04-20T15:36:26","slug":"vanzelfsprekend","status":"publish","type":"page","link":"https:\/\/www.goring-online.com\/nl\/verzekeringen\/autoverzekering-in-spanje\/vanzelfsprekend\/","title":{"rendered":"Vanzelfsprekend"},"content":{"rendered":"<ul>\n<li>Nemen wij uw opgebouwde schadevrije jaren uit uw thuisland mee<\/li>\n<li>24-uurs pechhulp<\/li>\n<li>Persoonlijk advies in uw taal<\/li>\n<li>Begeleiden wij u via onze schade-afdeling in het Nederlands<\/li>\n<\/ul>\n<h2>Stuur ons uw verzekeringsaanvraag<\/h2>\n<p>Uw autoverzekering voor Spanje wordt individueel afgestemd op uw wensen. Het enige wat u hoeft te doen, is onderstaand formulier invullen. Wij regelen de rest. Onze medewerkers nemen zo snel mogelijk contact met u op met een vrijblijvende offerte.<\/p>\n","protected":false},"excerpt":{"rendered":"<p>Nemen wij uw opgebouwde schadevrije jaren uit uw thuisland mee 24-uurs pechhulp Persoonlijk advies in uw taal Begeleiden wij u via onze schade-afdeling in het Nederlands Stuur ons uw verzekeringsaanvraag Uw autoverzekering voor Spanje wordt individueel afgestemd op uw wensen. Het enige wat u hoeft te doen, is onderstaand formulier invullen. Wij regelen de rest. &hellip;<\/p>\n","protected":false},"author":4,"featured_media":6174,"parent":26049,"menu_order":15,"comment_status":"open","ping_status":"open","template":"","meta":{"_yoast_wpseo_focuskw":"kfz versicherung spanien","_yoast_wpseo_title":"KFZ-Versicherung Spanien - G\u00f6ring Versicherungsmakler seit 1972","_yoast_wpseo_metadesc":"G\u00fcnstige KFZ-Versicherung f\u00fcr Deutsche in Spanien. \u2713Deutsche Beratung zur Ihrer Autoversicherung vor Ort. \u2713Unabh\u00e4ngig \u2713Kompetent \u25ba Bis zu 50% sparen!","footnotes":""},"class_list":["post-26066","page","type-page","status-publish","has-post-thumbnail","hentry"],"yoast_head":"<!-- This site is optimized with the Yoast SEO Premium plugin v20.6 (Yoast SEO v27.4) - https:\/\/yoast.com\/product\/yoast-seo-premium-wordpress\/ -->\n<title>KFZ-Versicherung Spanien - G\u00f6ring Versicherungsmakler seit 1972<\/title>\n<meta name=\"description\" content=\"G\u00fcnstige KFZ-Versicherung f\u00fcr Deutsche in Spanien. \u2713Deutsche Beratung zur Ihrer Autoversicherung vor Ort. \u2713Unabh\u00e4ngig \u2713Kompetent \u25ba Bis zu 50% sparen!\" \/>\n<meta name=\"robots\" content=\"noindex, follow\" \/>\n<meta property=\"og:locale\" content=\"nl_NL\" \/>\n<meta property=\"og:type\" content=\"article\" \/>\n<meta property=\"og:title\" content=\"Vanzelfsprekend\" \/>\n<meta property=\"og:description\" content=\"G\u00fcnstige KFZ-Versicherung f\u00fcr Deutsche in Spanien. \u2713Deutsche Beratung zur Ihrer Autoversicherung vor Ort. \u2713Unabh\u00e4ngig \u2713Kompetent \u25ba Bis zu 50% sparen!\" \/>\n<meta property=\"og:url\" content=\"https:\/\/www.goring-online.com\/nl\/verzekeringen\/autoverzekering-in-spanje\/vanzelfsprekend\/\" \/>\n<meta property=\"og:site_name\" content=\"G\u00f6ring Versicherungsmakler\" \/>\n<meta property=\"og:image\" content=\"https:\/\/www.goring-online.com\/app\/uploads\/2018\/08\/kfz-versicherung.jpg\" \/>\n\t<meta property=\"og:image:width\" content=\"400\" \/>\n\t<meta property=\"og:image:height\" content=\"400\" \/>\n\t<meta property=\"og:image:type\" content=\"image\/jpeg\" \/>\n<meta name=\"twitter:card\" content=\"summary_large_image\" \/>\n<script type=\"application\/ld+json\" class=\"yoast-schema-graph\">{\"@context\":\"https:\\\/\\\/schema.org\",\"@graph\":[{\"@type\":\"WebPage\",\"@id\":\"https:\\\/\\\/www.goring-online.com\\\/nl\\\/verzekeringen\\\/autoverzekering-in-spanje\\\/vanzelfsprekend\\\/\",\"url\":\"https:\\\/\\\/www.goring-online.com\\\/nl\\\/verzekeringen\\\/autoverzekering-in-spanje\\\/vanzelfsprekend\\\/\",\"name\":\"KFZ-Versicherung Spanien - G\u00f6ring Versicherungsmakler seit 1972\",\"isPartOf\":{\"@id\":\"https:\\\/\\\/www.goring-online.com\\\/#website\"},\"primaryImageOfPage\":{\"@id\":\"https:\\\/\\\/www.goring-online.com\\\/nl\\\/verzekeringen\\\/autoverzekering-in-spanje\\\/vanzelfsprekend\\\/#primaryimage\"},\"image\":{\"@id\":\"https:\\\/\\\/www.goring-online.com\\\/nl\\\/verzekeringen\\\/autoverzekering-in-spanje\\\/vanzelfsprekend\\\/#primaryimage\"},\"thumbnailUrl\":\"https:\\\/\\\/www.goring-online.com\\\/app\\\/uploads\\\/2018\\\/08\\\/kfz-versicherung.jpg\",\"datePublished\":\"2026-04-20T15:36:26+00:00\",\"description\":\"G\u00fcnstige KFZ-Versicherung f\u00fcr Deutsche in Spanien. \u2713Deutsche Beratung zur Ihrer Autoversicherung vor Ort. \u2713Unabh\u00e4ngig \u2713Kompetent \u25ba Bis zu 50% sparen!\",\"breadcrumb\":{\"@id\":\"https:\\\/\\\/www.goring-online.com\\\/nl\\\/verzekeringen\\\/autoverzekering-in-spanje\\\/vanzelfsprekend\\\/#breadcrumb\"},\"inLanguage\":\"nl-NL\",\"potentialAction\":[{\"@type\":\"ReadAction\",\"target\":[\"https:\\\/\\\/www.goring-online.com\\\/nl\\\/verzekeringen\\\/autoverzekering-in-spanje\\\/vanzelfsprekend\\\/\"]}]},{\"@type\":\"ImageObject\",\"inLanguage\":\"nl-NL\",\"@id\":\"https:\\\/\\\/www.goring-online.com\\\/nl\\\/verzekeringen\\\/autoverzekering-in-spanje\\\/vanzelfsprekend\\\/#primaryimage\",\"url\":\"https:\\\/\\\/www.goring-online.com\\\/app\\\/uploads\\\/2018\\\/08\\\/kfz-versicherung.jpg\",\"contentUrl\":\"https:\\\/\\\/www.goring-online.com\\\/app\\\/uploads\\\/2018\\\/08\\\/kfz-versicherung.jpg\",\"width\":400,\"height\":400},{\"@type\":\"BreadcrumbList\",\"@id\":\"https:\\\/\\\/www.goring-online.com\\\/nl\\\/verzekeringen\\\/autoverzekering-in-spanje\\\/vanzelfsprekend\\\/#breadcrumb\",\"itemListElement\":[{\"@type\":\"ListItem\",\"position\":1,\"name\":\"Home\",\"item\":\"https:\\\/\\\/www.goring-online.com\\\/nl\\\/startpagina\\\/\"},{\"@type\":\"ListItem\",\"position\":2,\"name\":\"Verzekeringen\",\"item\":\"https:\\\/\\\/www.goring-online.com\\\/verzekeringen\\\/\"},{\"@type\":\"ListItem\",\"position\":3,\"name\":\"Autoverzekering in Spanje\",\"item\":\"https:\\\/\\\/www.goring-online.com\\\/nl\\\/verzekeringen\\\/autoverzekering-in-spanje\\\/\"},{\"@type\":\"ListItem\",\"position\":4,\"name\":\"Vanzelfsprekend\"}]},{\"@type\":\"WebSite\",\"@id\":\"https:\\\/\\\/www.goring-online.com\\\/#website\",\"url\":\"https:\\\/\\\/www.goring-online.com\\\/\",\"name\":\"G\u00f6ring Versicherungsmakler\",\"description\":\"\",\"publisher\":{\"@id\":\"https:\\\/\\\/www.goring-online.com\\\/#organization\"},\"potentialAction\":[{\"@type\":\"SearchAction\",\"target\":{\"@type\":\"EntryPoint\",\"urlTemplate\":\"https:\\\/\\\/www.goring-online.com\\\/?s={search_term_string}\"},\"query-input\":{\"@type\":\"PropertyValueSpecification\",\"valueRequired\":true,\"valueName\":\"search_term_string\"}}],\"inLanguage\":\"nl-NL\"},{\"@type\":[\"Organization\",\"Place\",\"InsuranceAgency\"],\"@id\":\"https:\\\/\\\/www.goring-online.com\\\/#organization\",\"name\":\"G\u00f6ring Versicherungsmakler\",\"url\":\"https:\\\/\\\/www.goring-online.com\\\/\",\"logo\":{\"@id\":\"https:\\\/\\\/www.goring-online.com\\\/nl\\\/verzekeringen\\\/autoverzekering-in-spanje\\\/vanzelfsprekend\\\/#local-main-organization-logo\"},\"image\":{\"@id\":\"https:\\\/\\\/www.goring-online.com\\\/nl\\\/verzekeringen\\\/autoverzekering-in-spanje\\\/vanzelfsprekend\\\/#local-main-organization-logo\"},\"address\":{\"@id\":\"https:\\\/\\\/www.goring-online.com\\\/nl\\\/verzekeringen\\\/autoverzekering-in-spanje\\\/vanzelfsprekend\\\/#local-main-place-address\"},\"telephone\":[\"+34 96 588 92 71\"],\"openingHoursSpecification\":[{\"@type\":\"OpeningHoursSpecification\",\"dayOfWeek\":[\"Monday\",\"Tuesday\",\"Wednesday\",\"Thursday\",\"Friday\"],\"opens\":\"09:00\",\"closes\":\"15:00\"},{\"@type\":\"OpeningHoursSpecification\",\"dayOfWeek\":[\"Saturday\",\"Sunday\"],\"opens\":\"00:00\",\"closes\":\"00:00\"}],\"email\":\"info@goring-online.com\",\"vatID\":\"ESB54476999\",\"taxID\":\"B54476999\",\"currenciesAccepted\":\"\u20ac\"},{\"@type\":\"PostalAddress\",\"@id\":\"https:\\\/\\\/www.goring-online.com\\\/nl\\\/verzekeringen\\\/autoverzekering-in-spanje\\\/vanzelfsprekend\\\/#local-main-place-address\",\"streetAddress\":\"Calle Tabarca 40, 03580 - Alfaz del Pi\",\"addressLocality\":\"Alfaz del Pi\",\"postalCode\":\"03580\",\"addressRegion\":\"Alicante\",\"addressCountry\":\"ES\"},{\"@type\":\"ImageObject\",\"inLanguage\":\"nl-NL\",\"@id\":\"https:\\\/\\\/www.goring-online.com\\\/nl\\\/verzekeringen\\\/autoverzekering-in-spanje\\\/vanzelfsprekend\\\/#local-main-organization-logo\",\"url\":\"https:\\\/\\\/www.goring-online.com\\\/app\\\/uploads\\\/2020\\\/03\\\/logo-goring.png\",\"contentUrl\":\"https:\\\/\\\/www.goring-online.com\\\/app\\\/uploads\\\/2020\\\/03\\\/logo-goring.png\",\"width\":216,\"height\":76,\"caption\":\"G\u00f6ring Versicherungsmakler\"}]}<\/script>\n<meta name=\"geo.placename\" content=\"Alfaz del Pi\" \/>\n<meta name=\"geo.region\" content=\"Spanje\" \/>\n<!-- \/ Yoast SEO Premium plugin. -->","yoast_head_json":{"title":"KFZ-Versicherung Spanien - G\u00f6ring Versicherungsmakler seit 1972","description":"G\u00fcnstige KFZ-Versicherung f\u00fcr Deutsche in Spanien. \u2713Deutsche Beratung zur Ihrer Autoversicherung vor Ort. \u2713Unabh\u00e4ngig \u2713Kompetent \u25ba Bis zu 50% sparen!","robots":{"index":"noindex","follow":"follow"},"og_locale":"nl_NL","og_type":"article","og_title":"Vanzelfsprekend","og_description":"G\u00fcnstige KFZ-Versicherung f\u00fcr Deutsche in Spanien. \u2713Deutsche Beratung zur Ihrer Autoversicherung vor Ort. \u2713Unabh\u00e4ngig \u2713Kompetent \u25ba Bis zu 50% sparen!","og_url":"https:\/\/www.goring-online.com\/nl\/verzekeringen\/autoverzekering-in-spanje\/vanzelfsprekend\/","og_site_name":"G\u00f6ring Versicherungsmakler","og_image":[{"width":400,"height":400,"url":"https:\/\/www.goring-online.com\/app\/uploads\/2018\/08\/kfz-versicherung.jpg","type":"image\/jpeg"}],"twitter_card":"summary_large_image","schema":{"@context":"https:\/\/schema.org","@graph":[{"@type":"WebPage","@id":"https:\/\/www.goring-online.com\/nl\/verzekeringen\/autoverzekering-in-spanje\/vanzelfsprekend\/","url":"https:\/\/www.goring-online.com\/nl\/verzekeringen\/autoverzekering-in-spanje\/vanzelfsprekend\/","name":"KFZ-Versicherung Spanien - G\u00f6ring Versicherungsmakler seit 1972","isPartOf":{"@id":"https:\/\/www.goring-online.com\/#website"},"primaryImageOfPage":{"@id":"https:\/\/www.goring-online.com\/nl\/verzekeringen\/autoverzekering-in-spanje\/vanzelfsprekend\/#primaryimage"},"image":{"@id":"https:\/\/www.goring-online.com\/nl\/verzekeringen\/autoverzekering-in-spanje\/vanzelfsprekend\/#primaryimage"},"thumbnailUrl":"https:\/\/www.goring-online.com\/app\/uploads\/2018\/08\/kfz-versicherung.jpg","datePublished":"2026-04-20T15:36:26+00:00","description":"G\u00fcnstige KFZ-Versicherung f\u00fcr Deutsche in Spanien. \u2713Deutsche Beratung zur Ihrer Autoversicherung vor Ort. \u2713Unabh\u00e4ngig \u2713Kompetent \u25ba Bis zu 50% sparen!","breadcrumb":{"@id":"https:\/\/www.goring-online.com\/nl\/verzekeringen\/autoverzekering-in-spanje\/vanzelfsprekend\/#breadcrumb"},"inLanguage":"nl-NL","potentialAction":[{"@type":"ReadAction","target":["https:\/\/www.goring-online.com\/nl\/verzekeringen\/autoverzekering-in-spanje\/vanzelfsprekend\/"]}]},{"@type":"ImageObject","inLanguage":"nl-NL","@id":"https:\/\/www.goring-online.com\/nl\/verzekeringen\/autoverzekering-in-spanje\/vanzelfsprekend\/#primaryimage","url":"https:\/\/www.goring-online.com\/app\/uploads\/2018\/08\/kfz-versicherung.jpg","contentUrl":"https:\/\/www.goring-online.com\/app\/uploads\/2018\/08\/kfz-versicherung.jpg","width":400,"height":400},{"@type":"BreadcrumbList","@id":"https:\/\/www.goring-online.com\/nl\/verzekeringen\/autoverzekering-in-spanje\/vanzelfsprekend\/#breadcrumb","itemListElement":[{"@type":"ListItem","position":1,"name":"Home","item":"https:\/\/www.goring-online.com\/nl\/startpagina\/"},{"@type":"ListItem","position":2,"name":"Verzekeringen","item":"https:\/\/www.goring-online.com\/verzekeringen\/"},{"@type":"ListItem","position":3,"name":"Autoverzekering in Spanje","item":"https:\/\/www.goring-online.com\/nl\/verzekeringen\/autoverzekering-in-spanje\/"},{"@type":"ListItem","position":4,"name":"Vanzelfsprekend"}]},{"@type":"WebSite","@id":"https:\/\/www.goring-online.com\/#website","url":"https:\/\/www.goring-online.com\/","name":"G\u00f6ring Versicherungsmakler","description":"","publisher":{"@id":"https:\/\/www.goring-online.com\/#organization"},"potentialAction":[{"@type":"SearchAction","target":{"@type":"EntryPoint","urlTemplate":"https:\/\/www.goring-online.com\/?s={search_term_string}"},"query-input":{"@type":"PropertyValueSpecification","valueRequired":true,"valueName":"search_term_string"}}],"inLanguage":"nl-NL"},{"@type":["Organization","Place","InsuranceAgency"],"@id":"https:\/\/www.goring-online.com\/#organization","name":"G\u00f6ring Versicherungsmakler","url":"https:\/\/www.goring-online.com\/","logo":{"@id":"https:\/\/www.goring-online.com\/nl\/verzekeringen\/autoverzekering-in-spanje\/vanzelfsprekend\/#local-main-organization-logo"},"image":{"@id":"https:\/\/www.goring-online.com\/nl\/verzekeringen\/autoverzekering-in-spanje\/vanzelfsprekend\/#local-main-organization-logo"},"address":{"@id":"https:\/\/www.goring-online.com\/nl\/verzekeringen\/autoverzekering-in-spanje\/vanzelfsprekend\/#local-main-place-address"},"telephone":["+34 96 588 92 71"],"openingHoursSpecification":[{"@type":"OpeningHoursSpecification","dayOfWeek":["Monday","Tuesday","Wednesday","Thursday","Friday"],"opens":"09:00","closes":"15:00"},{"@type":"OpeningHoursSpecification","dayOfWeek":["Saturday","Sunday"],"opens":"00:00","closes":"00:00"}],"email":"info@goring-online.com","vatID":"ESB54476999","taxID":"B54476999","currenciesAccepted":"\u20ac"},{"@type":"PostalAddress","@id":"https:\/\/www.goring-online.com\/nl\/verzekeringen\/autoverzekering-in-spanje\/vanzelfsprekend\/#local-main-place-address","streetAddress":"Calle Tabarca 40, 03580 - Alfaz del Pi","addressLocality":"Alfaz del Pi","postalCode":"03580","addressRegion":"Alicante","addressCountry":"ES"},{"@type":"ImageObject","inLanguage":"nl-NL","@id":"https:\/\/www.goring-online.com\/nl\/verzekeringen\/autoverzekering-in-spanje\/vanzelfsprekend\/#local-main-organization-logo","url":"https:\/\/www.goring-online.com\/app\/uploads\/2020\/03\/logo-goring.png","contentUrl":"https:\/\/www.goring-online.com\/app\/uploads\/2020\/03\/logo-goring.png","width":216,"height":76,"caption":"G\u00f6ring Versicherungsmakler"}]},"geo.placename":"Alfaz del Pi","geo.region":"Spanje"},"yoast_focus_keyword":"kfz versicherung spanien","yoast_seo_title":"KFZ-Versicherung Spanien - G\u00f6ring Versicherungsmakler seit 1972","yoast_meta_description":"G\u00fcnstige KFZ-Versicherung f\u00fcr Deutsche in Spanien. \u2713Deutsche Beratung zur Ihrer Autoversicherung vor Ort. \u2713Unabh\u00e4ngig \u2713Kompetent \u25ba Bis zu 50% sparen!","_links":{"self":[{"href":"https:\/\/www.goring-online.com\/nl\/wp-json\/wp\/v2\/pages\/26066","targetHints":{"allow":["GET"]}}],"collection":[{"href":"https:\/\/www.goring-online.com\/nl\/wp-json\/wp\/v2\/pages"}],"about":[{"href":"https:\/\/www.goring-online.com\/nl\/wp-json\/wp\/v2\/types\/page"}],"author":[{"embeddable":true,"href":"https:\/\/www.goring-online.com\/nl\/wp-json\/wp\/v2\/users\/4"}],"replies":[{"embeddable":true,"href":"https:\/\/www.goring-online.com\/nl\/wp-json\/wp\/v2\/comments?post=26066"}],"version-history":[{"count":0,"href":"https:\/\/www.goring-online.com\/nl\/wp-json\/wp\/v2\/pages\/26066\/revisions"}],"up":[{"embeddable":true,"href":"https:\/\/www.goring-online.com\/nl\/wp-json\/wp\/v2\/pages\/26049"}],"wp:featuredmedia":[{"embeddable":true,"href":"https:\/\/www.goring-online.com\/nl\/wp-json\/wp\/v2\/media\/6174"}],"wp:attachment":[{"href":"https:\/\/www.goring-online.com\/nl\/wp-json\/wp\/v2\/media?parent=26066"}],"curies":[{"name":"wp","href":"https:\/\/api.w.org\/{rel}","templated":true}]}}