{"id":20385,"date":"2024-11-19T17:54:15","date_gmt":"2024-11-19T16:54:15","guid":{"rendered":"https:\/\/www.goring-online.com\/?page_id=20385"},"modified":"2024-11-19T17:54:15","modified_gmt":"2024-11-19T16:54:15","slug":"allgemeine-geschaeftsbedingungen","status":"publish","type":"page","link":"https:\/\/www.goring-online.com\/ru\/allgemeine-geschaeftsbedingungen\/","title":{"rendered":"Allgemeine Gesch\u00e4ftsbedingungen"},"content":{"rendered":"<p>ANPASSUNG DER WEBPAGE AN DAS GESETZ 15\/1999 ZUM DATENSCHUTZ PERS\u00d6NLICHER DATEN, AN DAS GESELLSCHAFTSGESETZ 34\/2002 \u00dcBER INFORMATION UND GEWERBE PER INTERNET. INFORMATIONEN F\u00dcR DEN BENUTZER DER WEBPAGE.<br \/>\nALLE RECHTE VORBEHALTEN<\/p>\n<p>Alle Inhalte dieses Webservers sind Eigentum der G\u00d6RING VERSICHERUNGEN, S.L.<\/p>\n<p>Die Firmenlogos, Fotographien, Bilder und anderen graphischen Elemente sind Eigentum der G\u00d6RING VERSICHERUNGEN, S.L. Die teilweise oder vollst\u00e4ndige Widergabe jedes der Inhalte ohne die schriftliche Zustimmung des Eigentumers ist nicht gestattet.<\/p>\n<p>In diesem Sinn werden sie als gesch\u00fctzte Inhalte erkl\u00e4rt, auf der Grundlage der spanischen und allgemeinen Rechtsvorschriften in Bezug auf Geistiges Eigentum, in \u00dcbereinstimmung mit der K\u00f6niglichen Gesetzesverordnung 1\/1996 vom 12. April, durch welche der \u00fcberarbeitete Text des Gesetzes zum Geistigen Eigentum und das Gesetz 5\/1998 vom 6. M\u00e4rz anerkannt und in das spanische Recht der Richtlinien der EU zum gesetzlichen Datenschutz aufgenommen wurde, wobei ebenfalls die internationalen Vertragsabschl\u00fcsse in diesem Bereich zur Anwendung kommen.<\/p>\n<p>DIE POLITIK DES DATENSCHUTZES<\/p>\n<p>Zu dem Zweck, eine schnelle und effiziente Abwicklung der Gesch\u00e4ftsbeziehungen zwischen der G\u00d6RING VERSICHERUNG, S.L. und den Benutzern die Webpage zu gew\u00e4hrleisten, wird durch diese rechtlichen Informationen die Privatsph\u00e4re der Online Serviceleistungen garantiert, in \u00dcbereinstimmung mit den gesetzlichen Vorschriften. Die G\u00d6RING VERSICHERUNGEN S.L. informiert ebenfalls \u00fcber ihre Datenschutzpolitik in Bezug auf pers\u00f6nliche Daten, damit die Benutzer frei entscheiden k\u00f6nnen, ob sie ihre pers\u00f6nlichen Daten mittels der Kontaktformulare zur Verf\u00fcgung stellen und die Online Serviceleistungen in Anspruch nehmen m\u00f6chten. Es wird nur die Information verlangt, die notwendig ist, wobei sie bevollm\u00e4chtigt ist, Ihre Daten weiterzuleiten, falls es f\u00fcr die Bearbeitung und Erf\u00fcllung des Antrags unumg\u00e4nglich ist.<\/p>\n<p>VERTRAULICHKIET IM UMGANG MIT PERS\u00d6NLICHEN DATEN DER BENUTZER BEI DER ELEKTRONISCHEN DATENVERABEITUNG.<\/p>\n<p>G\u00d6RING VERSICHERUNGEN, S.L. garantiert die Vertraulichkeit der pers\u00f6nlichen Daten, die ihnen von den Benutzern zur Verf\u00fcgung gestellt werden und deren elektronische Verarbeitung, in \u00dcbereinstimmung mit der g\u00fcltigen Gesetzgebung zum Schutz von pers\u00f6nlichen Daten, die im spanischen Grundgesetz 15\/1999 \u00fcber den Datenschutz (spanische Abk\u00fcrzung: LOPD) festgelegt ist.<\/p>\n<p>G\u00d6RING VERSICHERUNGEN, S.L. passt die Sicherheitsstufen zur Schutz von pers\u00f6nlichen Daten den gesetzlichen Erfordernissen an, wie im Sicherheitsprotokoll festgelegt, und richtet die technischen Mittel f\u00fcr die Organisation und Sicherheit ein, die ihr zur Verf\u00fcgung stehen, um Verlust, Missbrauch, Ver\u00e4nderungen oder nicht gestatteten Zugang zu vermeiden. Die angeforderten pers\u00f6nlichen Daten werden in die entsprechenden Karteien der elektronische Datenbank, die Eigentum der G\u00d6RING VERSICHERUNGEN, S.L. sind, aufgenommen, wobei wir bevollm\u00e4chtigt werden, Ihnen Information \u00fcber die Produkte und Aktivit\u00e4ten, die von dieser Firma angeboten werden und von denen wir annehmen, dass diese Sie interessieren k\u00f6nnten, zuzuschicken, wobei Sie jederzeit Ihre Rechte auf Verweigerung dieses Vorgehens geltend machen k\u00f6nnen, falls die Informationen keinen Bezug zu Ihrem Antrag \u00fcber Produkte und Serviceleistungen haben. In diesem Fall wenden Sie sich bitte an die folgende Adresse: central@goring-online.com<\/p>\n<p>RECHT DER BESITZER IN BEZUG AUF IHRE PERS\u00d6NLICHEN DATEN<\/p>\n<p>Sie k\u00f6nnen Ihr Recht auf Zugang, Berichtigung, L\u00f6schung oder Einspruch gegen den Umgang, die Nutzung und \u00dcberlassung Ihrer Daten anhand einer Mitteilung an die folgende Anschrift geltend machen: G\u00d6RING VERSICHERUNGEN, S.L., Calle Valencia, 25 \u2013 03530 La Nucia (Alicante), Spanien oder per E-Mail an: central@goring-online.com<\/p>\n","protected":false},"excerpt":{"rendered":"<p>ANPASSUNG DER WEBPAGE AN DAS GESETZ 15\/1999 ZUM DATENSCHUTZ PERS\u00d6NLICHER DATEN, AN DAS GESELLSCHAFTSGESETZ 34\/2002 \u00dcBER INFORMATION UND GEWERBE PER INTERNET. INFORMATIONEN F\u00dcR DEN BENUTZER DER WEBPAGE. ALLE RECHTE VORBEHALTEN Alle Inhalte dieses Webservers sind Eigentum der G\u00d6RING VERSICHERUNGEN, S.L. Die Firmenlogos, Fotographien, Bilder und anderen graphischen Elemente sind Eigentum der G\u00d6RING VERSICHERUNGEN, S.L. Die &hellip;<\/p>\n","protected":false},"author":2,"featured_media":0,"parent":0,"menu_order":12,"comment_status":"open","ping_status":"open","template":"","meta":{"_yoast_wpseo_focuskw":"","_yoast_wpseo_title":"","_yoast_wpseo_metadesc":"","footnotes":""},"class_list":["post-20385","page","type-page","status-publish","hentry"],"yoast_head":"<!-- This site is optimized with the Yoast SEO Premium plugin v20.6 (Yoast SEO v27.4) - https:\/\/yoast.com\/product\/yoast-seo-premium-wordpress\/ -->\n<title>Allgemeine Gesch\u00e4ftsbedingungen | G\u00f6ring Versicherungsmakler<\/title>\n<meta name=\"robots\" content=\"noindex, follow\" \/>\n<meta property=\"og:locale\" content=\"ru_RU\" \/>\n<meta property=\"og:type\" content=\"article\" \/>\n<meta property=\"og:title\" content=\"Allgemeine Gesch\u00e4ftsbedingungen\" \/>\n<meta property=\"og:description\" content=\"ANPASSUNG DER WEBPAGE AN DAS GESETZ 15\/1999 ZUM DATENSCHUTZ PERS\u00d6NLICHER DATEN, AN DAS GESELLSCHAFTSGESETZ 34\/2002 \u00dcBER INFORMATION UND GEWERBE PER INTERNET. INFORMATIONEN F\u00dcR DEN BENUTZER DER WEBPAGE. ALLE RECHTE VORBEHALTEN Alle Inhalte dieses Webservers sind Eigentum der G\u00d6RING VERSICHERUNGEN, S.L. Die Firmenlogos, Fotographien, Bilder und anderen graphischen Elemente sind Eigentum der G\u00d6RING VERSICHERUNGEN, S.L. Die &hellip;\" \/>\n<meta property=\"og:url\" content=\"https:\/\/www.goring-online.com\/ru\/allgemeine-geschaeftsbedingungen\/\" \/>\n<meta property=\"og:site_name\" content=\"G\u00f6ring Versicherungsmakler\" \/>\n<meta property=\"og:image\" content=\"https:\/\/www.goring-online.com\/app\/uploads\/2018\/08\/risikolebensversicherung.jpg\" \/>\n\t<meta property=\"og:image:width\" content=\"400\" \/>\n\t<meta property=\"og:image:height\" content=\"400\" \/>\n\t<meta property=\"og:image:type\" content=\"image\/jpeg\" \/>\n<meta name=\"twitter:card\" content=\"summary_large_image\" \/>\n<script type=\"application\/ld+json\" class=\"yoast-schema-graph\">{\"@context\":\"https:\\\/\\\/schema.org\",\"@graph\":[{\"@type\":\"WebPage\",\"@id\":\"https:\\\/\\\/www.goring-online.com\\\/ru\\\/allgemeine-geschaeftsbedingungen\\\/\",\"url\":\"https:\\\/\\\/www.goring-online.com\\\/ru\\\/allgemeine-geschaeftsbedingungen\\\/\",\"name\":\"Allgemeine Gesch\u00e4ftsbedingungen | G\u00f6ring Versicherungsmakler\",\"isPartOf\":{\"@id\":\"https:\\\/\\\/www.goring-online.com\\\/#website\"},\"datePublished\":\"2024-11-19T16:54:15+00:00\",\"breadcrumb\":{\"@id\":\"https:\\\/\\\/www.goring-online.com\\\/ru\\\/allgemeine-geschaeftsbedingungen\\\/#breadcrumb\"},\"inLanguage\":\"ru-RU\",\"potentialAction\":[{\"@type\":\"ReadAction\",\"target\":[\"https:\\\/\\\/www.goring-online.com\\\/ru\\\/allgemeine-geschaeftsbedingungen\\\/\"]}]},{\"@type\":\"BreadcrumbList\",\"@id\":\"https:\\\/\\\/www.goring-online.com\\\/ru\\\/allgemeine-geschaeftsbedingungen\\\/#breadcrumb\",\"itemListElement\":[{\"@type\":\"ListItem\",\"position\":1,\"name\":\"Startseite\",\"item\":\"https:\\\/\\\/www.goring-online.com\\\/ru\\\/\"},{\"@type\":\"ListItem\",\"position\":2,\"name\":\"Allgemeine Gesch\u00e4ftsbedingungen\"}]},{\"@type\":\"WebSite\",\"@id\":\"https:\\\/\\\/www.goring-online.com\\\/#website\",\"url\":\"https:\\\/\\\/www.goring-online.com\\\/\",\"name\":\"G\u00f6ring Versicherungsmakler\",\"description\":\"\",\"publisher\":{\"@id\":\"https:\\\/\\\/www.goring-online.com\\\/#organization\"},\"potentialAction\":[{\"@type\":\"SearchAction\",\"target\":{\"@type\":\"EntryPoint\",\"urlTemplate\":\"https:\\\/\\\/www.goring-online.com\\\/?s={search_term_string}\"},\"query-input\":{\"@type\":\"PropertyValueSpecification\",\"valueRequired\":true,\"valueName\":\"search_term_string\"}}],\"inLanguage\":\"ru-RU\"},{\"@type\":[\"Organization\",\"Place\",\"InsuranceAgency\"],\"@id\":\"https:\\\/\\\/www.goring-online.com\\\/#organization\",\"name\":\"G\u00f6ring Versicherungsmakler\",\"url\":\"https:\\\/\\\/www.goring-online.com\\\/\",\"logo\":{\"@id\":\"https:\\\/\\\/www.goring-online.com\\\/ru\\\/allgemeine-geschaeftsbedingungen\\\/#local-main-organization-logo\"},\"image\":{\"@id\":\"https:\\\/\\\/www.goring-online.com\\\/ru\\\/allgemeine-geschaeftsbedingungen\\\/#local-main-organization-logo\"},\"address\":{\"@id\":\"https:\\\/\\\/www.goring-online.com\\\/ru\\\/allgemeine-geschaeftsbedingungen\\\/#local-main-place-address\"},\"telephone\":[\"+34 96 588 92 71\"],\"openingHoursSpecification\":[{\"@type\":\"OpeningHoursSpecification\",\"dayOfWeek\":[\"Monday\",\"Tuesday\",\"Wednesday\",\"Thursday\",\"Friday\"],\"opens\":\"09:00\",\"closes\":\"15:00\"},{\"@type\":\"OpeningHoursSpecification\",\"dayOfWeek\":[\"Saturday\",\"Sunday\"],\"opens\":\"00:00\",\"closes\":\"00:00\"}],\"email\":\"info@goring-online.com\",\"vatID\":\"ESB54476999\",\"taxID\":\"B54476999\",\"currenciesAccepted\":\"\u20ac\"},{\"@type\":\"PostalAddress\",\"@id\":\"https:\\\/\\\/www.goring-online.com\\\/ru\\\/allgemeine-geschaeftsbedingungen\\\/#local-main-place-address\",\"streetAddress\":\"Calle Tabarca 40, 03580 - Alfaz del Pi\",\"addressLocality\":\"Alfaz del Pi\",\"postalCode\":\"03580\",\"addressRegion\":\"Alicante\",\"addressCountry\":\"ES\"},{\"@type\":\"ImageObject\",\"inLanguage\":\"ru-RU\",\"@id\":\"https:\\\/\\\/www.goring-online.com\\\/ru\\\/allgemeine-geschaeftsbedingungen\\\/#local-main-organization-logo\",\"url\":\"https:\\\/\\\/www.goring-online.com\\\/app\\\/uploads\\\/2020\\\/03\\\/logo-goring.png\",\"contentUrl\":\"https:\\\/\\\/www.goring-online.com\\\/app\\\/uploads\\\/2020\\\/03\\\/logo-goring.png\",\"width\":216,\"height\":76,\"caption\":\"G\u00f6ring Versicherungsmakler\"}]}<\/script>\n<meta name=\"geo.placename\" content=\"Alfaz del Pi\" \/>\n<meta name=\"geo.region\" content=\"\u0418\u0441\u043f\u0430\u043d\u0438\u044f\" \/>\n<!-- \/ Yoast SEO Premium plugin. -->","yoast_head_json":{"title":"Allgemeine Gesch\u00e4ftsbedingungen | G\u00f6ring Versicherungsmakler","robots":{"index":"noindex","follow":"follow"},"og_locale":"ru_RU","og_type":"article","og_title":"Allgemeine Gesch\u00e4ftsbedingungen","og_description":"ANPASSUNG DER WEBPAGE AN DAS GESETZ 15\/1999 ZUM DATENSCHUTZ PERS\u00d6NLICHER DATEN, AN DAS GESELLSCHAFTSGESETZ 34\/2002 \u00dcBER INFORMATION UND GEWERBE PER INTERNET. INFORMATIONEN F\u00dcR DEN BENUTZER DER WEBPAGE. ALLE RECHTE VORBEHALTEN Alle Inhalte dieses Webservers sind Eigentum der G\u00d6RING VERSICHERUNGEN, S.L. Die Firmenlogos, Fotographien, Bilder und anderen graphischen Elemente sind Eigentum der G\u00d6RING VERSICHERUNGEN, S.L. Die &hellip;","og_url":"https:\/\/www.goring-online.com\/ru\/allgemeine-geschaeftsbedingungen\/","og_site_name":"G\u00f6ring Versicherungsmakler","og_image":[{"width":400,"height":400,"url":"https:\/\/www.goring-online.com\/app\/uploads\/2018\/08\/risikolebensversicherung.jpg","type":"image\/jpeg"}],"twitter_card":"summary_large_image","schema":{"@context":"https:\/\/schema.org","@graph":[{"@type":"WebPage","@id":"https:\/\/www.goring-online.com\/ru\/allgemeine-geschaeftsbedingungen\/","url":"https:\/\/www.goring-online.com\/ru\/allgemeine-geschaeftsbedingungen\/","name":"Allgemeine Gesch\u00e4ftsbedingungen | G\u00f6ring Versicherungsmakler","isPartOf":{"@id":"https:\/\/www.goring-online.com\/#website"},"datePublished":"2024-11-19T16:54:15+00:00","breadcrumb":{"@id":"https:\/\/www.goring-online.com\/ru\/allgemeine-geschaeftsbedingungen\/#breadcrumb"},"inLanguage":"ru-RU","potentialAction":[{"@type":"ReadAction","target":["https:\/\/www.goring-online.com\/ru\/allgemeine-geschaeftsbedingungen\/"]}]},{"@type":"BreadcrumbList","@id":"https:\/\/www.goring-online.com\/ru\/allgemeine-geschaeftsbedingungen\/#breadcrumb","itemListElement":[{"@type":"ListItem","position":1,"name":"Startseite","item":"https:\/\/www.goring-online.com\/ru\/"},{"@type":"ListItem","position":2,"name":"Allgemeine Gesch\u00e4ftsbedingungen"}]},{"@type":"WebSite","@id":"https:\/\/www.goring-online.com\/#website","url":"https:\/\/www.goring-online.com\/","name":"G\u00f6ring Versicherungsmakler","description":"","publisher":{"@id":"https:\/\/www.goring-online.com\/#organization"},"potentialAction":[{"@type":"SearchAction","target":{"@type":"EntryPoint","urlTemplate":"https:\/\/www.goring-online.com\/?s={search_term_string}"},"query-input":{"@type":"PropertyValueSpecification","valueRequired":true,"valueName":"search_term_string"}}],"inLanguage":"ru-RU"},{"@type":["Organization","Place","InsuranceAgency"],"@id":"https:\/\/www.goring-online.com\/#organization","name":"G\u00f6ring Versicherungsmakler","url":"https:\/\/www.goring-online.com\/","logo":{"@id":"https:\/\/www.goring-online.com\/ru\/allgemeine-geschaeftsbedingungen\/#local-main-organization-logo"},"image":{"@id":"https:\/\/www.goring-online.com\/ru\/allgemeine-geschaeftsbedingungen\/#local-main-organization-logo"},"address":{"@id":"https:\/\/www.goring-online.com\/ru\/allgemeine-geschaeftsbedingungen\/#local-main-place-address"},"telephone":["+34 96 588 92 71"],"openingHoursSpecification":[{"@type":"OpeningHoursSpecification","dayOfWeek":["Monday","Tuesday","Wednesday","Thursday","Friday"],"opens":"09:00","closes":"15:00"},{"@type":"OpeningHoursSpecification","dayOfWeek":["Saturday","Sunday"],"opens":"00:00","closes":"00:00"}],"email":"info@goring-online.com","vatID":"ESB54476999","taxID":"B54476999","currenciesAccepted":"\u20ac"},{"@type":"PostalAddress","@id":"https:\/\/www.goring-online.com\/ru\/allgemeine-geschaeftsbedingungen\/#local-main-place-address","streetAddress":"Calle Tabarca 40, 03580 - Alfaz del Pi","addressLocality":"Alfaz del Pi","postalCode":"03580","addressRegion":"Alicante","addressCountry":"ES"},{"@type":"ImageObject","inLanguage":"ru-RU","@id":"https:\/\/www.goring-online.com\/ru\/allgemeine-geschaeftsbedingungen\/#local-main-organization-logo","url":"https:\/\/www.goring-online.com\/app\/uploads\/2020\/03\/logo-goring.png","contentUrl":"https:\/\/www.goring-online.com\/app\/uploads\/2020\/03\/logo-goring.png","width":216,"height":76,"caption":"G\u00f6ring Versicherungsmakler"}]},"geo.placename":"Alfaz del Pi","geo.region":"\u0418\u0441\u043f\u0430\u043d\u0438\u044f"},"yoast_focus_keyword":"","yoast_seo_title":"","yoast_meta_description":"","_links":{"self":[{"href":"https:\/\/www.goring-online.com\/ru\/wp-json\/wp\/v2\/pages\/20385","targetHints":{"allow":["GET"]}}],"collection":[{"href":"https:\/\/www.goring-online.com\/ru\/wp-json\/wp\/v2\/pages"}],"about":[{"href":"https:\/\/www.goring-online.com\/ru\/wp-json\/wp\/v2\/types\/page"}],"author":[{"embeddable":true,"href":"https:\/\/www.goring-online.com\/ru\/wp-json\/wp\/v2\/users\/2"}],"replies":[{"embeddable":true,"href":"https:\/\/www.goring-online.com\/ru\/wp-json\/wp\/v2\/comments?post=20385"}],"version-history":[{"count":1,"href":"https:\/\/www.goring-online.com\/ru\/wp-json\/wp\/v2\/pages\/20385\/revisions"}],"predecessor-version":[{"id":20386,"href":"https:\/\/www.goring-online.com\/ru\/wp-json\/wp\/v2\/pages\/20385\/revisions\/20386"}],"wp:attachment":[{"href":"https:\/\/www.goring-online.com\/ru\/wp-json\/wp\/v2\/media?parent=20385"}],"curies":[{"name":"wp","href":"https:\/\/api.w.org\/{rel}","templated":true}]}}